{"id":121,"date":"2025-02-03T21:15:01","date_gmt":"2025-02-03T20:15:01","guid":{"rendered":"https:\/\/www.archipelago.bzh\/?page_id=121"},"modified":"2025-02-03T21:15:01","modified_gmt":"2025-02-03T20:15:01","slug":"le-passeport-digital-des-produits","status":"publish","type":"page","link":"https:\/\/www.archipelago.bzh\/index.php\/le-passeport-digital-des-produits\/","title":{"rendered":"Le Passeport Digital des Produits"},"content":{"rendered":"\n<p class=\"has-larger-font-size\"><strong>Soutenez le projet ! <\/strong><\/p>\n\n\n\n<p><strong>Inclure un r\u00e9sum\u00e9 accrocheur<\/strong> du projet (enjeux, objectifs, impact).<\/p>\n\n\n\n<p><strong>Mettre en avant les r\u00e9compenses<\/strong> propos\u00e9es dans le crowdfunding.<\/p>\n\n\n\n<p><strong>Ajouter un CTA (Call-to-Action) bien visible<\/strong> menant vers la plateforme (<em>\u00ab\u00a0Je soutiens le projet\u00a0\u00bb<\/em>, <em>\u00ab\u00a0D\u00e9couvrez les offres exclusives\u00a0\u00bb<\/em>) avec un <strong>bouton cliquable<\/strong>.<\/p>\n\n\n\n<p><strong>Int\u00e9grer une vid\u00e9o explicative<\/strong> du projet.<\/p>\n","protected":false},"excerpt":{"rendered":"<p>Soutenez le projet ! Inclure un r\u00e9sum\u00e9 accrocheur du projet (enjeux, objectifs, impact). Mettre en avant les r\u00e9compenses propos\u00e9es dans le crowdfunding. Ajouter un CTA (Call-to-Action) bien visible menant vers la plateforme (\u00ab\u00a0Je soutiens le projet\u00a0\u00bb, \u00ab\u00a0D\u00e9couvrez les offres exclusives\u00a0\u00bb) avec un bouton cliquable. Int\u00e9grer une vid\u00e9o explicative du projet.<\/p>\n","protected":false},"author":1,"featured_media":0,"parent":0,"menu_order":0,"comment_status":"closed","ping_status":"closed","template":"","meta":{"inspiro_hide_title":false,"footnotes":""},"class_list":["post-121","page","type-page","status-publish","hentry"],"yoast_head":"<!-- This site is optimized with the Yoast SEO plugin v26.2 - https:\/\/yoast.com\/wordpress\/plugins\/seo\/ -->\n<title>Le Passeport Digital des Produits - ARCHIPELAGO<\/title>\n<meta name=\"robots\" content=\"index, follow, max-snippet:-1, max-image-preview:large, max-video-preview:-1\" \/>\n<link rel=\"canonical\" href=\"https:\/\/www.archipelago.bzh\/index.php\/le-passeport-digital-des-produits\/\" \/>\n<meta property=\"og:locale\" content=\"fr_FR\" \/>\n<meta property=\"og:type\" content=\"article\" \/>\n<meta property=\"og:title\" content=\"Le Passeport Digital des Produits - ARCHIPELAGO\" \/>\n<meta property=\"og:description\" content=\"Soutenez le projet ! Inclure un r\u00e9sum\u00e9 accrocheur du projet (enjeux, objectifs, impact). Mettre en avant les r\u00e9compenses propos\u00e9es dans le crowdfunding. Ajouter un CTA (Call-to-Action) bien visible menant vers la plateforme (\u00ab\u00a0Je soutiens le projet\u00a0\u00bb, \u00ab\u00a0D\u00e9couvrez les offres exclusives\u00a0\u00bb) avec un bouton cliquable. Int\u00e9grer une vid\u00e9o explicative du projet.\" \/>\n<meta property=\"og:url\" content=\"https:\/\/www.archipelago.bzh\/index.php\/le-passeport-digital-des-produits\/\" \/>\n<meta property=\"og:site_name\" content=\"ARCHIPELAGO\" \/>\n<meta property=\"article:publisher\" content=\"https:\/\/www.facebook.com\/ArchipelagoBrest\" \/>\n<meta name=\"twitter:card\" content=\"summary_large_image\" \/>\n<meta name=\"twitter:label1\" content=\"Dur\u00e9e de lecture estim\u00e9e\" \/>\n\t<meta name=\"twitter:data1\" content=\"1 minute\" \/>\n<script type=\"application\/ld+json\" class=\"yoast-schema-graph\">{\"@context\":\"https:\/\/schema.org\",\"@graph\":[{\"@type\":\"WebPage\",\"@id\":\"https:\/\/www.archipelago.bzh\/index.php\/le-passeport-digital-des-produits\/\",\"url\":\"https:\/\/www.archipelago.bzh\/index.php\/le-passeport-digital-des-produits\/\",\"name\":\"Le Passeport Digital des Produits - ARCHIPELAGO\",\"isPartOf\":{\"@id\":\"https:\/\/www.archipelago.bzh\/#website\"},\"datePublished\":\"2025-02-03T20:15:01+00:00\",\"breadcrumb\":{\"@id\":\"https:\/\/www.archipelago.bzh\/index.php\/le-passeport-digital-des-produits\/#breadcrumb\"},\"inLanguage\":\"fr-FR\",\"potentialAction\":[{\"@type\":\"ReadAction\",\"target\":[\"https:\/\/www.archipelago.bzh\/index.php\/le-passeport-digital-des-produits\/\"]}]},{\"@type\":\"BreadcrumbList\",\"@id\":\"https:\/\/www.archipelago.bzh\/index.php\/le-passeport-digital-des-produits\/#breadcrumb\",\"itemListElement\":[{\"@type\":\"ListItem\",\"position\":1,\"name\":\"Accueil\",\"item\":\"https:\/\/www.archipelago.bzh\/\"},{\"@type\":\"ListItem\",\"position\":2,\"name\":\"Le Passeport Digital des Produits\"}]},{\"@type\":\"WebSite\",\"@id\":\"https:\/\/www.archipelago.bzh\/#website\",\"url\":\"https:\/\/www.archipelago.bzh\/\",\"name\":\"ARCHIPELAGO\",\"description\":\"Connecter les id\u00e9es et les talents du territoire\",\"publisher\":{\"@id\":\"https:\/\/www.archipelago.bzh\/#organization\"},\"potentialAction\":[{\"@type\":\"SearchAction\",\"target\":{\"@type\":\"EntryPoint\",\"urlTemplate\":\"https:\/\/www.archipelago.bzh\/?s={search_term_string}\"},\"query-input\":{\"@type\":\"PropertyValueSpecification\",\"valueRequired\":true,\"valueName\":\"search_term_string\"}}],\"inLanguage\":\"fr-FR\"},{\"@type\":\"Organization\",\"@id\":\"https:\/\/www.archipelago.bzh\/#organization\",\"name\":\"ARCHIPELAGO\",\"url\":\"https:\/\/www.archipelago.bzh\/\",\"logo\":{\"@type\":\"ImageObject\",\"inLanguage\":\"fr-FR\",\"@id\":\"https:\/\/www.archipelago.bzh\/#\/schema\/logo\/image\/\",\"url\":\"https:\/\/www.archipelago.bzh\/wp-content\/uploads\/2025\/01\/1706862449330-1.jpeg\",\"contentUrl\":\"https:\/\/www.archipelago.bzh\/wp-content\/uploads\/2025\/01\/1706862449330-1.jpeg\",\"width\":100,\"height\":100,\"caption\":\"ARCHIPELAGO\"},\"image\":{\"@id\":\"https:\/\/www.archipelago.bzh\/#\/schema\/logo\/image\/\"},\"sameAs\":[\"https:\/\/www.facebook.com\/ArchipelagoBrest\",\"https:\/\/www.linkedin.com\/company\/archipelagobzh\",\"https:\/\/www.instagram.com\/archipelago.eco\"]}]}<\/script>\n<!-- \/ Yoast SEO plugin. -->","yoast_head_json":{"title":"Le Passeport Digital des Produits - ARCHIPELAGO","robots":{"index":"index","follow":"follow","max-snippet":"max-snippet:-1","max-image-preview":"max-image-preview:large","max-video-preview":"max-video-preview:-1"},"canonical":"https:\/\/www.archipelago.bzh\/index.php\/le-passeport-digital-des-produits\/","og_locale":"fr_FR","og_type":"article","og_title":"Le Passeport Digital des Produits - ARCHIPELAGO","og_description":"Soutenez le projet ! Inclure un r\u00e9sum\u00e9 accrocheur du projet (enjeux, objectifs, impact). Mettre en avant les r\u00e9compenses propos\u00e9es dans le crowdfunding. Ajouter un CTA (Call-to-Action) bien visible menant vers la plateforme (\u00ab\u00a0Je soutiens le projet\u00a0\u00bb, \u00ab\u00a0D\u00e9couvrez les offres exclusives\u00a0\u00bb) avec un bouton cliquable. Int\u00e9grer une vid\u00e9o explicative du projet.","og_url":"https:\/\/www.archipelago.bzh\/index.php\/le-passeport-digital-des-produits\/","og_site_name":"ARCHIPELAGO","article_publisher":"https:\/\/www.facebook.com\/ArchipelagoBrest","twitter_card":"summary_large_image","twitter_misc":{"Dur\u00e9e de lecture estim\u00e9e":"1 minute"},"schema":{"@context":"https:\/\/schema.org","@graph":[{"@type":"WebPage","@id":"https:\/\/www.archipelago.bzh\/index.php\/le-passeport-digital-des-produits\/","url":"https:\/\/www.archipelago.bzh\/index.php\/le-passeport-digital-des-produits\/","name":"Le Passeport Digital des Produits - ARCHIPELAGO","isPartOf":{"@id":"https:\/\/www.archipelago.bzh\/#website"},"datePublished":"2025-02-03T20:15:01+00:00","breadcrumb":{"@id":"https:\/\/www.archipelago.bzh\/index.php\/le-passeport-digital-des-produits\/#breadcrumb"},"inLanguage":"fr-FR","potentialAction":[{"@type":"ReadAction","target":["https:\/\/www.archipelago.bzh\/index.php\/le-passeport-digital-des-produits\/"]}]},{"@type":"BreadcrumbList","@id":"https:\/\/www.archipelago.bzh\/index.php\/le-passeport-digital-des-produits\/#breadcrumb","itemListElement":[{"@type":"ListItem","position":1,"name":"Accueil","item":"https:\/\/www.archipelago.bzh\/"},{"@type":"ListItem","position":2,"name":"Le Passeport Digital des Produits"}]},{"@type":"WebSite","@id":"https:\/\/www.archipelago.bzh\/#website","url":"https:\/\/www.archipelago.bzh\/","name":"ARCHIPELAGO","description":"Connecter les id\u00e9es et les talents du territoire","publisher":{"@id":"https:\/\/www.archipelago.bzh\/#organization"},"potentialAction":[{"@type":"SearchAction","target":{"@type":"EntryPoint","urlTemplate":"https:\/\/www.archipelago.bzh\/?s={search_term_string}"},"query-input":{"@type":"PropertyValueSpecification","valueRequired":true,"valueName":"search_term_string"}}],"inLanguage":"fr-FR"},{"@type":"Organization","@id":"https:\/\/www.archipelago.bzh\/#organization","name":"ARCHIPELAGO","url":"https:\/\/www.archipelago.bzh\/","logo":{"@type":"ImageObject","inLanguage":"fr-FR","@id":"https:\/\/www.archipelago.bzh\/#\/schema\/logo\/image\/","url":"https:\/\/www.archipelago.bzh\/wp-content\/uploads\/2025\/01\/1706862449330-1.jpeg","contentUrl":"https:\/\/www.archipelago.bzh\/wp-content\/uploads\/2025\/01\/1706862449330-1.jpeg","width":100,"height":100,"caption":"ARCHIPELAGO"},"image":{"@id":"https:\/\/www.archipelago.bzh\/#\/schema\/logo\/image\/"},"sameAs":["https:\/\/www.facebook.com\/ArchipelagoBrest","https:\/\/www.linkedin.com\/company\/archipelagobzh","https:\/\/www.instagram.com\/archipelago.eco"]}]}},"_links":{"self":[{"href":"https:\/\/www.archipelago.bzh\/index.php\/wp-json\/wp\/v2\/pages\/121","targetHints":{"allow":["GET"]}}],"collection":[{"href":"https:\/\/www.archipelago.bzh\/index.php\/wp-json\/wp\/v2\/pages"}],"about":[{"href":"https:\/\/www.archipelago.bzh\/index.php\/wp-json\/wp\/v2\/types\/page"}],"author":[{"embeddable":true,"href":"https:\/\/www.archipelago.bzh\/index.php\/wp-json\/wp\/v2\/users\/1"}],"replies":[{"embeddable":true,"href":"https:\/\/www.archipelago.bzh\/index.php\/wp-json\/wp\/v2\/comments?post=121"}],"version-history":[{"count":3,"href":"https:\/\/www.archipelago.bzh\/index.php\/wp-json\/wp\/v2\/pages\/121\/revisions"}],"predecessor-version":[{"id":198,"href":"https:\/\/www.archipelago.bzh\/index.php\/wp-json\/wp\/v2\/pages\/121\/revisions\/198"}],"wp:attachment":[{"href":"https:\/\/www.archipelago.bzh\/index.php\/wp-json\/wp\/v2\/media?parent=121"}],"curies":[{"name":"wp","href":"https:\/\/api.w.org\/{rel}","templated":true}]}}