{"id":200,"date":"2025-02-03T21:15:54","date_gmt":"2025-02-03T20:15:54","guid":{"rendered":"https:\/\/www.archipelago.bzh\/?page_id=200"},"modified":"2025-02-05T11:27:52","modified_gmt":"2025-02-05T10:27:52","slug":"valeurs","status":"publish","type":"page","link":"https:\/\/www.archipelago.bzh\/index.php\/valeurs\/","title":{"rendered":"Valeurs"},"content":{"rendered":"\n<div style=\"height:100px\" aria-hidden=\"true\" class=\"wp-block-spacer\"><\/div>\n\n\n\n<div class=\"wp-block-columns is-layout-flex wp-container-core-columns-is-layout-28f84493 wp-block-columns-is-layout-flex\">\n<div class=\"wp-block-column is-layout-flow wp-block-column-is-layout-flow\">\n<div class=\"wp-block-columns is-layout-flex wp-container-core-columns-is-layout-28f84493 wp-block-columns-is-layout-flex\">\n<div class=\"wp-block-column is-layout-flow wp-block-column-is-layout-flow\" style=\"flex-basis:100%\">\n<div class=\"wp-block-group has-global-padding is-layout-constrained wp-block-group-is-layout-constrained\">\n<p class=\"has-text-align-center\"><strong><strong>Circularit\u00e9<\/strong><\/strong><\/p>\n\n\n\n<figure class=\"wp-block-image aligncenter size-full is-resized\"><img loading=\"lazy\" decoding=\"async\" width=\"2084\" height=\"2084\" src=\"https:\/\/www.archipelago.bzh\/wp-content\/uploads\/2025\/02\/archipelago-dvpt-durable-03.png\" alt=\"\" class=\"wp-image-306\" style=\"width:158px;height:auto\" srcset=\"https:\/\/www.archipelago.bzh\/wp-content\/uploads\/2025\/02\/archipelago-dvpt-durable-03.png 2084w, https:\/\/www.archipelago.bzh\/wp-content\/uploads\/2025\/02\/archipelago-dvpt-durable-03-300x300.png 300w, https:\/\/www.archipelago.bzh\/wp-content\/uploads\/2025\/02\/archipelago-dvpt-durable-03-1024x1024.png 1024w, https:\/\/www.archipelago.bzh\/wp-content\/uploads\/2025\/02\/archipelago-dvpt-durable-03-150x150.png 150w, https:\/\/www.archipelago.bzh\/wp-content\/uploads\/2025\/02\/archipelago-dvpt-durable-03-2000x2000.png 2000w\" sizes=\"auto, (max-width: 2084px) 100vw, 2084px\" \/><\/figure>\n\n\n\n<p class=\"has-text-align-center\">Chaque projet est con\u00e7u pour respecter les limites de notre plan\u00e8te tout en r\u00e9pondant aux besoins des g\u00e9n\u00e9rations actuelles et futures.<\/p>\n<\/div>\n\n\n\n<div class=\"wp-block-group is-layout-flow wp-block-group-is-layout-flow\">\n<div class=\"wp-block-buttons alignwide is-content-justification-center is-layout-flex wp-container-core-buttons-is-layout-a89b3969 wp-block-buttons-is-layout-flex\">\n<div class=\"wp-block-button is-style-outline is-style-outline--1\"><a class=\"wp-block-button__link has-text-align-center wp-element-button\" href=\"https:\/\/www.archipelago.bzh\/index.php\/fr\/economie-circulaire\/\">Lire la suite<\/a><\/div>\n<\/div>\n<\/div>\n\n\n\n<div style=\"height:58px\" aria-hidden=\"true\" class=\"wp-block-spacer\"><\/div>\n\n\n\n<div class=\"wp-block-group has-global-padding is-layout-constrained wp-block-group-is-layout-constrained\">\n<p class=\"has-text-align-center\"><strong><strong>Communaut\u00e9<\/strong><\/strong><\/p>\n\n\n\n<figure class=\"wp-block-image aligncenter size-full is-resized\"><img loading=\"lazy\" decoding=\"async\" width=\"2084\" height=\"2084\" src=\"https:\/\/www.archipelago.bzh\/wp-content\/uploads\/2025\/02\/archipelago-dvpt-durable-03.png\" alt=\"\" class=\"wp-image-306\" style=\"width:158px;height:auto\" srcset=\"https:\/\/www.archipelago.bzh\/wp-content\/uploads\/2025\/02\/archipelago-dvpt-durable-03.png 2084w, https:\/\/www.archipelago.bzh\/wp-content\/uploads\/2025\/02\/archipelago-dvpt-durable-03-300x300.png 300w, https:\/\/www.archipelago.bzh\/wp-content\/uploads\/2025\/02\/archipelago-dvpt-durable-03-1024x1024.png 1024w, https:\/\/www.archipelago.bzh\/wp-content\/uploads\/2025\/02\/archipelago-dvpt-durable-03-150x150.png 150w, https:\/\/www.archipelago.bzh\/wp-content\/uploads\/2025\/02\/archipelago-dvpt-durable-03-2000x2000.png 2000w\" sizes=\"auto, (max-width: 2084px) 100vw, 2084px\" \/><\/figure>\n\n\n\n<p class=\"has-text-align-center\">La force d\u2019un archipel r\u00e9side dans les connexions entre ses \u00eeles. Travailler en r\u00e9seau cr\u00e9e des synergies qui maximisent l\u2019impact.<\/p>\n<\/div>\n<\/div>\n<\/div>\n<\/div>\n\n\n\n<div class=\"wp-block-column is-layout-flow wp-block-column-is-layout-flow\">\n<div class=\"wp-block-group has-global-padding is-layout-constrained wp-block-group-is-layout-constrained\">\n<p class=\"has-text-align-center\"><strong><strong>Innovation<\/strong><\/strong><\/p>\n\n\n\n<figure class=\"wp-block-image aligncenter size-full is-resized\"><img loading=\"lazy\" decoding=\"async\" width=\"2084\" height=\"2084\" src=\"https:\/\/www.archipelago.bzh\/wp-content\/uploads\/2025\/02\/archipelago-dvpt-durable-03.png\" alt=\"\" class=\"wp-image-306\" style=\"width:158px;height:auto\" srcset=\"https:\/\/www.archipelago.bzh\/wp-content\/uploads\/2025\/02\/archipelago-dvpt-durable-03.png 2084w, https:\/\/www.archipelago.bzh\/wp-content\/uploads\/2025\/02\/archipelago-dvpt-durable-03-300x300.png 300w, https:\/\/www.archipelago.bzh\/wp-content\/uploads\/2025\/02\/archipelago-dvpt-durable-03-1024x1024.png 1024w, https:\/\/www.archipelago.bzh\/wp-content\/uploads\/2025\/02\/archipelago-dvpt-durable-03-150x150.png 150w, https:\/\/www.archipelago.bzh\/wp-content\/uploads\/2025\/02\/archipelago-dvpt-durable-03-2000x2000.png 2000w\" sizes=\"auto, (max-width: 2084px) 100vw, 2084px\" \/><\/figure>\n\n\n\n<p class=\"has-text-align-center\">Nous explorons constamment de nouvelles id\u00e9es et technologies pour transformer les d\u00e9fis en opportunit\u00e9s.<\/p>\n<\/div>\n\n\n\n<div class=\"wp-block-group is-layout-flow wp-block-group-is-layout-flow\">\n<div class=\"wp-block-group has-global-padding is-layout-constrained wp-block-group-is-layout-constrained\">\n<div class=\"wp-block-group has-global-padding is-layout-constrained wp-block-group-is-layout-constrained\">\n<div class=\"wp-block-group has-global-padding is-layout-constrained wp-block-group-is-layout-constrained\">\n<div class=\"wp-block-columns is-layout-flex wp-container-core-columns-is-layout-28f84493 wp-block-columns-is-layout-flex\">\n<div class=\"wp-block-column is-vertically-aligned-center is-layout-flow wp-block-column-is-layout-flow\" style=\"flex-basis:100%\">\n<div class=\"wp-block-buttons is-content-justification-center is-layout-flex wp-container-core-buttons-is-layout-a89b3969 wp-block-buttons-is-layout-flex\">\n<div class=\"wp-block-button is-style-outline is-style-outline--2\"><a class=\"wp-block-button__link has-text-align-center wp-element-button\" href=\"https:\/\/www.archipelago.bzh\/index.php\/fr\/innovation\/\">Lire la suite<\/a><\/div>\n<\/div>\n<\/div>\n<\/div>\n<\/div>\n<\/div>\n<\/div>\n<\/div>\n\n\n\n<div style=\"height:58px\" aria-hidden=\"true\" class=\"wp-block-spacer\"><\/div>\n\n\n\n<div class=\"wp-block-group has-global-padding is-layout-constrained wp-block-group-is-layout-constrained\">\n<p class=\"has-text-align-center\"><strong><strong>Solidarit\u00e9<\/strong><\/strong><\/p>\n\n\n\n<figure class=\"wp-block-image aligncenter size-full is-resized\"><img loading=\"lazy\" decoding=\"async\" width=\"2084\" height=\"2084\" src=\"https:\/\/www.archipelago.bzh\/wp-content\/uploads\/2025\/02\/archipelago-dvpt-durable-03.png\" alt=\"\" class=\"wp-image-306\" style=\"width:158px;height:auto\" srcset=\"https:\/\/www.archipelago.bzh\/wp-content\/uploads\/2025\/02\/archipelago-dvpt-durable-03.png 2084w, https:\/\/www.archipelago.bzh\/wp-content\/uploads\/2025\/02\/archipelago-dvpt-durable-03-300x300.png 300w, https:\/\/www.archipelago.bzh\/wp-content\/uploads\/2025\/02\/archipelago-dvpt-durable-03-1024x1024.png 1024w, https:\/\/www.archipelago.bzh\/wp-content\/uploads\/2025\/02\/archipelago-dvpt-durable-03-150x150.png 150w, https:\/\/www.archipelago.bzh\/wp-content\/uploads\/2025\/02\/archipelago-dvpt-durable-03-2000x2000.png 2000w\" sizes=\"auto, (max-width: 2084px) 100vw, 2084px\" \/><\/figure>\n\n\n\n<p class=\"has-text-align-center\">Nous pla\u00e7ons l\u2019humain au centre, en veillant \u00e0 ce que personne ne soit laiss\u00e9 de c\u00f4t\u00e9 dans la transition.<\/p>\n<\/div>\n<\/div>\n<\/div>\n\n\n\n<div class=\"wp-block-group has-global-padding is-layout-constrained wp-block-group-is-layout-constrained\">\n<div class=\"wp-block-columns is-layout-flex wp-container-core-columns-is-layout-28f84493 wp-block-columns-is-layout-flex\">\n<div class=\"wp-block-column is-layout-flow wp-block-column-is-layout-flow\" style=\"flex-basis:100%\">\n<div class=\"wp-block-group alignwide has-global-padding is-layout-constrained wp-block-group-is-layout-constrained\">\n<div class=\"wp-block-group alignwide has-global-padding is-layout-constrained wp-block-group-is-layout-constrained\">\n<div class=\"wp-block-columns alignwide is-layout-flex wp-container-core-columns-is-layout-28f84493 wp-block-columns-is-layout-flex\">\n<div class=\"wp-block-column is-vertically-aligned-stretch is-layout-flow wp-block-column-is-layout-flow\">\n<div class=\"wp-block-group is-vertical is-content-justification-center is-layout-flex wp-container-core-group-is-layout-ce155fab wp-block-group-is-layout-flex\">\n<div class=\"wp-block-button is-style-outline is-style-outline--3\"><a class=\"wp-block-button__link wp-element-button\" href=\"https:\/\/www.archipelago.bzh\/index.php\/fr\/communaute\/\">Lire la suite<\/a><\/div>\n<\/div>\n<\/div>\n\n\n\n<div class=\"wp-block-column is-vertically-aligned-stretch is-layout-flow wp-block-column-is-layout-flow\">\n<div class=\"wp-block-group has-global-padding is-layout-constrained wp-block-group-is-layout-constrained\">\n<div class=\"wp-block-group has-global-padding is-layout-constrained wp-block-group-is-layout-constrained\">\n<div class=\"wp-block-columns are-vertically-aligned-center is-layout-flex wp-container-core-columns-is-layout-28f84493 wp-block-columns-is-layout-flex\">\n<div class=\"wp-block-column is-vertically-aligned-center is-layout-flow wp-block-column-is-layout-flow\" style=\"flex-basis:100%\">\n<div class=\"wp-block-group is-vertical is-content-justification-center is-layout-flex wp-container-core-group-is-layout-ce155fab wp-block-group-is-layout-flex\">\n<div class=\"wp-block-button is-style-outline is-style-outline--4\"><a class=\"wp-block-button__link wp-element-button\" href=\"https:\/\/www.archipelago.bzh\/index.php\/fr\/solidarite\/\">Lire la suite<\/a><\/div>\n<\/div>\n<\/div>\n<\/div>\n<\/div>\n<\/div>\n<\/div>\n<\/div>\n<\/div>\n<\/div>\n<\/div>\n<\/div>\n<\/div>\n\n\n\n<div class=\"wp-block-group has-global-padding is-layout-constrained wp-block-group-is-layout-constrained\">\n<div class=\"wp-block-columns is-layout-flex wp-container-core-columns-is-layout-28f84493 wp-block-columns-is-layout-flex\">\n<div class=\"wp-block-column is-layout-flow wp-block-column-is-layout-flow\" style=\"flex-basis:100%\"><\/div>\n<\/div>\n<\/div>\n\n\n\n<div style=\"height:148px\" aria-hidden=\"true\" class=\"wp-block-spacer\"><\/div>\n\n\n\n<div style=\"height:120px\" aria-hidden=\"true\" class=\"wp-block-spacer\"><\/div>\n","protected":false},"excerpt":{"rendered":"<p>Circularit\u00e9 Chaque projet est con\u00e7u pour respecter les limites de notre plan\u00e8te tout en r\u00e9pondant aux besoins des g\u00e9n\u00e9rations actuelles et futures. Communaut\u00e9 La force d\u2019un archipel r\u00e9side dans les connexions entre ses \u00eeles. Travailler en r\u00e9seau cr\u00e9e des synergies qui maximisent l\u2019impact. Innovation Nous explorons constamment de nouvelles id\u00e9es et technologies pour transformer les &hellip; <\/p>\n<p class=\"link-more\"><a href=\"https:\/\/www.archipelago.bzh\/index.php\/valeurs\/\" class=\"more-link\">Lire la suite de<span class=\"screen-reader-text\">\u00ab\u00a0Valeurs\u00a0\u00bb<\/span><\/a><\/p>\n","protected":false},"author":1,"featured_media":0,"parent":0,"menu_order":0,"comment_status":"closed","ping_status":"closed","template":"","meta":{"inspiro_hide_title":false,"footnotes":""},"class_list":["post-200","page","type-page","status-publish","hentry"],"yoast_head":"<!-- This site is optimized with the Yoast SEO plugin v26.2 - https:\/\/yoast.com\/wordpress\/plugins\/seo\/ -->\n<title>Valeurs - ARCHIPELAGO<\/title>\n<meta name=\"robots\" content=\"index, follow, max-snippet:-1, max-image-preview:large, max-video-preview:-1\" \/>\n<link rel=\"canonical\" href=\"https:\/\/www.archipelago.bzh\/index.php\/valeurs\/\" \/>\n<meta property=\"og:locale\" content=\"fr_FR\" \/>\n<meta property=\"og:type\" content=\"article\" \/>\n<meta property=\"og:title\" content=\"Valeurs - ARCHIPELAGO\" \/>\n<meta property=\"og:description\" content=\"Circularit\u00e9 Chaque projet est con\u00e7u pour respecter les limites de notre plan\u00e8te tout en r\u00e9pondant aux besoins des g\u00e9n\u00e9rations actuelles et futures. Communaut\u00e9 La force d\u2019un archipel r\u00e9side dans les connexions entre ses \u00eeles. Travailler en r\u00e9seau cr\u00e9e des synergies qui maximisent l\u2019impact. Innovation Nous explorons constamment de nouvelles id\u00e9es et technologies pour transformer les &hellip; Lire la suite de\u00ab\u00a0Valeurs\u00a0\u00bb\" \/>\n<meta property=\"og:url\" content=\"https:\/\/www.archipelago.bzh\/index.php\/valeurs\/\" \/>\n<meta property=\"og:site_name\" content=\"ARCHIPELAGO\" \/>\n<meta property=\"article:publisher\" content=\"https:\/\/www.facebook.com\/ArchipelagoBrest\" \/>\n<meta property=\"article:modified_time\" content=\"2025-02-05T10:27:52+00:00\" \/>\n<meta property=\"og:image\" content=\"https:\/\/www.archipelago.bzh\/wp-content\/uploads\/2025\/02\/archipelago-dvpt-durable-03.png\" \/>\n\t<meta property=\"og:image:width\" content=\"2084\" \/>\n\t<meta property=\"og:image:height\" content=\"2084\" \/>\n\t<meta property=\"og:image:type\" content=\"image\/png\" \/>\n<meta name=\"twitter:card\" content=\"summary_large_image\" \/>\n<meta name=\"twitter:label1\" content=\"Dur\u00e9e de lecture estim\u00e9e\" \/>\n\t<meta name=\"twitter:data1\" content=\"2 minutes\" \/>\n<script type=\"application\/ld+json\" class=\"yoast-schema-graph\">{\"@context\":\"https:\/\/schema.org\",\"@graph\":[{\"@type\":\"WebPage\",\"@id\":\"https:\/\/www.archipelago.bzh\/index.php\/valeurs\/\",\"url\":\"https:\/\/www.archipelago.bzh\/index.php\/valeurs\/\",\"name\":\"Valeurs - ARCHIPELAGO\",\"isPartOf\":{\"@id\":\"https:\/\/www.archipelago.bzh\/#website\"},\"primaryImageOfPage\":{\"@id\":\"https:\/\/www.archipelago.bzh\/index.php\/valeurs\/#primaryimage\"},\"image\":{\"@id\":\"https:\/\/www.archipelago.bzh\/index.php\/valeurs\/#primaryimage\"},\"thumbnailUrl\":\"https:\/\/www.archipelago.bzh\/wp-content\/uploads\/2025\/02\/archipelago-dvpt-durable-03.png\",\"datePublished\":\"2025-02-03T20:15:54+00:00\",\"dateModified\":\"2025-02-05T10:27:52+00:00\",\"breadcrumb\":{\"@id\":\"https:\/\/www.archipelago.bzh\/index.php\/valeurs\/#breadcrumb\"},\"inLanguage\":\"fr-FR\",\"potentialAction\":[{\"@type\":\"ReadAction\",\"target\":[\"https:\/\/www.archipelago.bzh\/index.php\/valeurs\/\"]}]},{\"@type\":\"ImageObject\",\"inLanguage\":\"fr-FR\",\"@id\":\"https:\/\/www.archipelago.bzh\/index.php\/valeurs\/#primaryimage\",\"url\":\"https:\/\/www.archipelago.bzh\/wp-content\/uploads\/2025\/02\/archipelago-dvpt-durable-03.png\",\"contentUrl\":\"https:\/\/www.archipelago.bzh\/wp-content\/uploads\/2025\/02\/archipelago-dvpt-durable-03.png\",\"width\":2084,\"height\":2084},{\"@type\":\"BreadcrumbList\",\"@id\":\"https:\/\/www.archipelago.bzh\/index.php\/valeurs\/#breadcrumb\",\"itemListElement\":[{\"@type\":\"ListItem\",\"position\":1,\"name\":\"Accueil\",\"item\":\"https:\/\/www.archipelago.bzh\/\"},{\"@type\":\"ListItem\",\"position\":2,\"name\":\"Valeurs\"}]},{\"@type\":\"WebSite\",\"@id\":\"https:\/\/www.archipelago.bzh\/#website\",\"url\":\"https:\/\/www.archipelago.bzh\/\",\"name\":\"ARCHIPELAGO\",\"description\":\"Connecter les id\u00e9es et les talents du territoire\",\"publisher\":{\"@id\":\"https:\/\/www.archipelago.bzh\/#organization\"},\"potentialAction\":[{\"@type\":\"SearchAction\",\"target\":{\"@type\":\"EntryPoint\",\"urlTemplate\":\"https:\/\/www.archipelago.bzh\/?s={search_term_string}\"},\"query-input\":{\"@type\":\"PropertyValueSpecification\",\"valueRequired\":true,\"valueName\":\"search_term_string\"}}],\"inLanguage\":\"fr-FR\"},{\"@type\":\"Organization\",\"@id\":\"https:\/\/www.archipelago.bzh\/#organization\",\"name\":\"ARCHIPELAGO\",\"url\":\"https:\/\/www.archipelago.bzh\/\",\"logo\":{\"@type\":\"ImageObject\",\"inLanguage\":\"fr-FR\",\"@id\":\"https:\/\/www.archipelago.bzh\/#\/schema\/logo\/image\/\",\"url\":\"https:\/\/www.archipelago.bzh\/wp-content\/uploads\/2025\/01\/1706862449330-1.jpeg\",\"contentUrl\":\"https:\/\/www.archipelago.bzh\/wp-content\/uploads\/2025\/01\/1706862449330-1.jpeg\",\"width\":100,\"height\":100,\"caption\":\"ARCHIPELAGO\"},\"image\":{\"@id\":\"https:\/\/www.archipelago.bzh\/#\/schema\/logo\/image\/\"},\"sameAs\":[\"https:\/\/www.facebook.com\/ArchipelagoBrest\",\"https:\/\/www.linkedin.com\/company\/archipelagobzh\",\"https:\/\/www.instagram.com\/archipelago.eco\"]}]}<\/script>\n<!-- \/ Yoast SEO plugin. -->","yoast_head_json":{"title":"Valeurs - ARCHIPELAGO","robots":{"index":"index","follow":"follow","max-snippet":"max-snippet:-1","max-image-preview":"max-image-preview:large","max-video-preview":"max-video-preview:-1"},"canonical":"https:\/\/www.archipelago.bzh\/index.php\/valeurs\/","og_locale":"fr_FR","og_type":"article","og_title":"Valeurs - ARCHIPELAGO","og_description":"Circularit\u00e9 Chaque projet est con\u00e7u pour respecter les limites de notre plan\u00e8te tout en r\u00e9pondant aux besoins des g\u00e9n\u00e9rations actuelles et futures. Communaut\u00e9 La force d\u2019un archipel r\u00e9side dans les connexions entre ses \u00eeles. Travailler en r\u00e9seau cr\u00e9e des synergies qui maximisent l\u2019impact. Innovation Nous explorons constamment de nouvelles id\u00e9es et technologies pour transformer les &hellip; Lire la suite de\u00ab\u00a0Valeurs\u00a0\u00bb","og_url":"https:\/\/www.archipelago.bzh\/index.php\/valeurs\/","og_site_name":"ARCHIPELAGO","article_publisher":"https:\/\/www.facebook.com\/ArchipelagoBrest","article_modified_time":"2025-02-05T10:27:52+00:00","og_image":[{"width":2084,"height":2084,"url":"https:\/\/www.archipelago.bzh\/wp-content\/uploads\/2025\/02\/archipelago-dvpt-durable-03.png","type":"image\/png"}],"twitter_card":"summary_large_image","twitter_misc":{"Dur\u00e9e de lecture estim\u00e9e":"2 minutes"},"schema":{"@context":"https:\/\/schema.org","@graph":[{"@type":"WebPage","@id":"https:\/\/www.archipelago.bzh\/index.php\/valeurs\/","url":"https:\/\/www.archipelago.bzh\/index.php\/valeurs\/","name":"Valeurs - ARCHIPELAGO","isPartOf":{"@id":"https:\/\/www.archipelago.bzh\/#website"},"primaryImageOfPage":{"@id":"https:\/\/www.archipelago.bzh\/index.php\/valeurs\/#primaryimage"},"image":{"@id":"https:\/\/www.archipelago.bzh\/index.php\/valeurs\/#primaryimage"},"thumbnailUrl":"https:\/\/www.archipelago.bzh\/wp-content\/uploads\/2025\/02\/archipelago-dvpt-durable-03.png","datePublished":"2025-02-03T20:15:54+00:00","dateModified":"2025-02-05T10:27:52+00:00","breadcrumb":{"@id":"https:\/\/www.archipelago.bzh\/index.php\/valeurs\/#breadcrumb"},"inLanguage":"fr-FR","potentialAction":[{"@type":"ReadAction","target":["https:\/\/www.archipelago.bzh\/index.php\/valeurs\/"]}]},{"@type":"ImageObject","inLanguage":"fr-FR","@id":"https:\/\/www.archipelago.bzh\/index.php\/valeurs\/#primaryimage","url":"https:\/\/www.archipelago.bzh\/wp-content\/uploads\/2025\/02\/archipelago-dvpt-durable-03.png","contentUrl":"https:\/\/www.archipelago.bzh\/wp-content\/uploads\/2025\/02\/archipelago-dvpt-durable-03.png","width":2084,"height":2084},{"@type":"BreadcrumbList","@id":"https:\/\/www.archipelago.bzh\/index.php\/valeurs\/#breadcrumb","itemListElement":[{"@type":"ListItem","position":1,"name":"Accueil","item":"https:\/\/www.archipelago.bzh\/"},{"@type":"ListItem","position":2,"name":"Valeurs"}]},{"@type":"WebSite","@id":"https:\/\/www.archipelago.bzh\/#website","url":"https:\/\/www.archipelago.bzh\/","name":"ARCHIPELAGO","description":"Connecter les id\u00e9es et les talents du territoire","publisher":{"@id":"https:\/\/www.archipelago.bzh\/#organization"},"potentialAction":[{"@type":"SearchAction","target":{"@type":"EntryPoint","urlTemplate":"https:\/\/www.archipelago.bzh\/?s={search_term_string}"},"query-input":{"@type":"PropertyValueSpecification","valueRequired":true,"valueName":"search_term_string"}}],"inLanguage":"fr-FR"},{"@type":"Organization","@id":"https:\/\/www.archipelago.bzh\/#organization","name":"ARCHIPELAGO","url":"https:\/\/www.archipelago.bzh\/","logo":{"@type":"ImageObject","inLanguage":"fr-FR","@id":"https:\/\/www.archipelago.bzh\/#\/schema\/logo\/image\/","url":"https:\/\/www.archipelago.bzh\/wp-content\/uploads\/2025\/01\/1706862449330-1.jpeg","contentUrl":"https:\/\/www.archipelago.bzh\/wp-content\/uploads\/2025\/01\/1706862449330-1.jpeg","width":100,"height":100,"caption":"ARCHIPELAGO"},"image":{"@id":"https:\/\/www.archipelago.bzh\/#\/schema\/logo\/image\/"},"sameAs":["https:\/\/www.facebook.com\/ArchipelagoBrest","https:\/\/www.linkedin.com\/company\/archipelagobzh","https:\/\/www.instagram.com\/archipelago.eco"]}]}},"_links":{"self":[{"href":"https:\/\/www.archipelago.bzh\/index.php\/wp-json\/wp\/v2\/pages\/200","targetHints":{"allow":["GET"]}}],"collection":[{"href":"https:\/\/www.archipelago.bzh\/index.php\/wp-json\/wp\/v2\/pages"}],"about":[{"href":"https:\/\/www.archipelago.bzh\/index.php\/wp-json\/wp\/v2\/types\/page"}],"author":[{"embeddable":true,"href":"https:\/\/www.archipelago.bzh\/index.php\/wp-json\/wp\/v2\/users\/1"}],"replies":[{"embeddable":true,"href":"https:\/\/www.archipelago.bzh\/index.php\/wp-json\/wp\/v2\/comments?post=200"}],"version-history":[{"count":4,"href":"https:\/\/www.archipelago.bzh\/index.php\/wp-json\/wp\/v2\/pages\/200\/revisions"}],"predecessor-version":[{"id":477,"href":"https:\/\/www.archipelago.bzh\/index.php\/wp-json\/wp\/v2\/pages\/200\/revisions\/477"}],"wp:attachment":[{"href":"https:\/\/www.archipelago.bzh\/index.php\/wp-json\/wp\/v2\/media?parent=200"}],"curies":[{"name":"wp","href":"https:\/\/api.w.org\/{rel}","templated":true}]}}