{"id":263,"date":"2025-02-04T15:07:10","date_gmt":"2025-02-04T14:07:10","guid":{"rendered":"https:\/\/www.archipelago.bzh\/?page_id=263"},"modified":"2025-02-05T17:46:05","modified_gmt":"2025-02-05T16:46:05","slug":"le-boardriding-pass","status":"publish","type":"page","link":"https:\/\/www.archipelago.bzh\/index.php\/le-boardriding-pass\/","title":{"rendered":"Le Boardriding Pass"},"content":{"rendered":"\n<figure class=\"wp-block-image aligncenter size-full is-resized\"><img loading=\"lazy\" decoding=\"async\" width=\"1000\" height=\"1000\" src=\"https:\/\/www.archipelago.bzh\/wp-content\/uploads\/2025\/01\/pack-marque-1.jpg\" alt=\"\" class=\"wp-image-147\" style=\"width:410px;height:auto\" srcset=\"https:\/\/www.archipelago.bzh\/wp-content\/uploads\/2025\/01\/pack-marque-1.jpg 1000w, https:\/\/www.archipelago.bzh\/wp-content\/uploads\/2025\/01\/pack-marque-1-300x300.jpg 300w, https:\/\/www.archipelago.bzh\/wp-content\/uploads\/2025\/01\/pack-marque-1-150x150.jpg 150w, https:\/\/www.archipelago.bzh\/wp-content\/uploads\/2025\/01\/pack-marque-1-768x768.jpg 768w\" sizes=\"auto, (max-width: 1000px) 100vw, 1000px\" \/><\/figure>\n\n\n\n<h2 class=\"wp-block-heading has-text-align-center\">Une innovation pour la communaut\u00e9 des sports de glisse<\/h2>\n\n\n\n<p class=\"has-text-align-center\">Le BoardRiding Pass est une initiative in\u00e9dite d\u00e9velopp\u00e9e par Archipelago pour r\u00e9volutionner la pratique des sports de glisse en alliant acc\u00e8s facilit\u00e9 \u00e0 une information fiable, \u00e9conomie circulaire et protection de l\u2019environnement.<\/p>\n\n\n\n<h3 class=\"wp-block-heading has-text-align-center\">Pourquoi ce projet ?<\/h3>\n\n\n\n<p class=\"has-text-align-center\">Aujourd\u2019hui, la pratique des sports de glisse repose sur un mod\u00e8le de consommation lin\u00e9aire : acheter \u2013 utiliser \u2013 jeter ou stocker. Pourtant, de nombreux \u00e9quipements ont une dur\u00e9e de vie bien plus longue et pourraient \u00eatre mieux exploit\u00e9s \u00e0 travers un syst\u00e8me de partage, de r\u00e9utilisation et de maintenance intelligente. Le BoardRiding Pass r\u00e9pond \u00e0 cette probl\u00e9matique en offrant un acc\u00e8s simplifi\u00e9 et structur\u00e9 aux \u00e9quipements et aux services tout en int\u00e9grant des principes d\u2019\u00e9conomie circulaire.<\/p>\n\n\n\n<p><\/p>\n\n\n\n<div style=\"height:100px\" aria-hidden=\"true\" class=\"wp-block-spacer\"><\/div>\n\n\n\n<h3 class=\"wp-block-heading has-text-align-left\">Les objectifs du BoardRiding Pass :<\/h3>\n\n\n\n<div class=\"wp-block-columns is-layout-flex wp-container-core-columns-is-layout-28f84493 wp-block-columns-is-layout-flex\">\n<div class=\"wp-block-column is-layout-flow wp-block-column-is-layout-flow\">\n<ul class=\"wp-block-list\">\n<li><strong>Encourager un usage plus responsable des \u00e9quipements<\/strong><br><em>D\u00e9velopper la location, la seconde main et l\u2019entretien pr\u00e9ventif pour prolonger la dur\u00e9e de vie du mat\u00e9riel.<\/em><\/li>\n\n\n\n<li><strong>Faciliter la tra\u00e7abilit\u00e9 des produits<\/strong><br><em>Assurer un suivi transparent du cycle de vie des planches, voiles et accessoires gr\u00e2ce \u00e0 des outils num\u00e9riques<\/em><\/li>\n\n\n\n<li><strong>F\u00e9d\u00e9rer la communaut\u00e9 des riders autour d\u2019une vision durable<\/strong><br><em>Sensibiliser et impliquer les pratiquants pour une glisse plus collective et engag\u00e9e.<\/em><\/li>\n\n\n\n<li><strong>Soutenir les acteurs locaux<\/strong><br><em>Valoriser les magasins, shapers, \u00e9coles et loueurs qui adoptent des pratiques responsables.<\/em><\/li>\n\n\n\n<li><strong>Impliquer les marques et fabricants<\/strong><br><em>Les engager dans l\u2019am\u00e9lioration continue des produits et des pratiques commerciales.<\/em><\/li>\n<\/ul>\n\n\n\n<p class=\"has-text-align-left\"><\/p>\n<\/div>\n\n\n\n<div class=\"wp-block-column is-layout-flow wp-block-column-is-layout-flow\">\n<figure class=\"wp-block-image alignright size-large\"><img loading=\"lazy\" decoding=\"async\" width=\"1024\" height=\"1024\" src=\"https:\/\/www.archipelago.bzh\/wp-content\/uploads\/2025\/02\/Sans-titre-1-copie-1024x1024.jpg\" alt=\"\" class=\"wp-image-286\" srcset=\"https:\/\/www.archipelago.bzh\/wp-content\/uploads\/2025\/02\/Sans-titre-1-copie-1024x1024.jpg 1024w, https:\/\/www.archipelago.bzh\/wp-content\/uploads\/2025\/02\/Sans-titre-1-copie-300x300.jpg 300w, https:\/\/www.archipelago.bzh\/wp-content\/uploads\/2025\/02\/Sans-titre-1-copie-150x150.jpg 150w, https:\/\/www.archipelago.bzh\/wp-content\/uploads\/2025\/02\/Sans-titre-1-copie.jpg 1920w\" sizes=\"auto, (max-width: 1024px) 100vw, 1024px\" \/><\/figure>\n<\/div>\n<\/div>\n\n\n\n<p class=\"has-text-align-left\"><strong>En cr\u00e9ant un \u00e9cosyst\u00e8me connect\u00e9 et structur\u00e9, nous permettons aux passionn\u00e9s d\u2019avoir acc\u00e8s au bon \u00e9quipement, au bon moment, tout en r\u00e9duisant l\u2019impact environnemental du secteur.<\/strong><\/p>\n\n\n\n<p>Et pour cela nous allons d\u00e9velopper la premi\u00e8re exp\u00e9rimentation du Passeport Digital des Produits sur un march\u00e9 embl\u00e9matique des sports de glisse : le windsurf.<\/p>\n\n\n\n<div style=\"height:100px\" aria-hidden=\"true\" class=\"wp-block-spacer\"><\/div>\n\n\n\n<h3 class=\"wp-block-heading\">D\u00e9j\u00e0, qu\u2019est-ce que le Passeport Digital des Produits ?<\/h3>\n\n\n\n<p>C\u2019est une innovation qui permet de suivre le cycle de vie complet d\u2019un \u00e9quipement, depuis sa fabrication jusqu\u2019\u00e0 sa r\u00e9utilisation, en passant par son entretien et ses \u00e9ventuelles r\u00e9parations.<\/p>\n\n\n\n<p>Gr\u00e2ce \u00e0 ce passeport num\u00e9rique, chaque planche, voile ou foil pourra \u00eatre :<\/p>\n\n\n\n<ul class=\"wp-block-list\">\n<li>Identifi\u00e9 avec pr\u00e9cision (marque, mod\u00e8le, ann\u00e9e de fabrication, mat\u00e9riau)<\/li>\n\n\n\n<li>Associ\u00e9 \u00e0 son historique d\u2019usage (entretien, r\u00e9parations, ancien(s) propri\u00e9taire(s))<\/li>\n\n\n\n<li>Valoris\u00e9 sur le march\u00e9 de la seconde main gr\u00e2ce \u00e0 une tra\u00e7abilit\u00e9 transparente<\/li>\n\n\n\n<li>Connect\u00e9 \u00e0 la communaut\u00e9 des riders pour encourager l\u2019\u00e9change et l\u2019\u00e9conomie circulaire<\/li>\n<\/ul>\n\n\n\n<div style=\"height:100px\" aria-hidden=\"true\" class=\"wp-block-spacer\"><\/div>\n\n\n\n<h3 class=\"wp-block-heading\">Pourquoi commencer par le windsurf ?<\/h3>\n\n\n\n<div class=\"wp-block-columns is-layout-flex wp-container-core-columns-is-layout-28f84493 wp-block-columns-is-layout-flex\">\n<div class=\"wp-block-column is-layout-flow wp-block-column-is-layout-flow\">\n<figure class=\"wp-block-image size-large is-resized\"><img loading=\"lazy\" decoding=\"async\" width=\"1024\" height=\"989\" src=\"https:\/\/www.archipelago.bzh\/wp-content\/uploads\/2025\/02\/coin-windsurfer--1024x989.jpg\" alt=\"\" class=\"wp-image-273\" style=\"width:455px;height:auto\"\/><\/figure>\n<\/div>\n\n\n\n<div class=\"wp-block-column is-layout-flow wp-block-column-is-layout-flow\">\n<p>La communaut\u00e9 windsurf est l\u2019une des plus engag\u00e9es dans le monde des sports de glisse. Ces passionn\u00e9s sont profond\u00e9ment connect\u00e9s \u00e0 l\u2019environnement et mobilisables autour d\u2019initiatives visant \u00e0 r\u00e9duire l\u2019impact \u00e9cologique de leur pratique.<\/p>\n\n\n\n<p>Le windsurf est aussi un march\u00e9 pertinent pour cette exp\u00e9rimentation car :<\/p>\n\n\n\n<ul class=\"wp-block-list\">\n<li>Les \u00e9quipements sont techniques et co\u00fbteux, n\u00e9cessitant un entretien suivi pour \u00eatre utilis\u00e9s sur le long terme<\/li>\n\n\n\n<li>Le march\u00e9 de l\u2019occasion est d\u00e9j\u00e0 dynamique, mais manque de transparence et de fiabilit\u00e9<\/li>\n\n\n\n<li>Les riders sont attach\u00e9s \u00e0 leur mat\u00e9riel, et voir son historique renforcera la confiance lors des transactions<\/li>\n<\/ul>\n\n\n\n<p>Gr\u00e2ce \u00e0 ce projet pilote, nous allons tester en conditions r\u00e9elles le fonctionnement du Passeport Digital des Produits et valider son impact sur l\u2019usage et la transmission des \u00e9quipements.<\/p>\n\n\n\n<p><\/p>\n<\/div>\n<\/div>\n\n\n\n<div style=\"height:100px\" aria-hidden=\"true\" class=\"wp-block-spacer\"><\/div>\n\n\n\n<p class=\"has-text-align-center\">Aujourd&rsquo;hui BoardRiding passe cherche \u00e0 d\u00e9velopper et tester un&nbsp;<strong>prototype fonctionnel du Passeport Digital<\/strong>&nbsp;avec des entreprises locales qui nous ont accompagn\u00e9 sur la premi\u00e8re phase de recherche &amp; d\u00e9veloppement. Et pour cela, nous avons besoin de votre soutien! Nous avons ouvert une cagnotte <strong>Kengo<\/strong> pour atteindre nos objectifs mais aussi pour les d\u00e9velopper notre solution &amp; l&rsquo;appliquer \u00e0 bien d&rsquo;autres d\u2019autres disciplines des sports outdoor et au-del\u00e0. <strong>Chaque palier de collecte<\/strong>&nbsp;permettra d\u2019ouvrir le BoardRiding Pass \u00e0 un sport suppl\u00e9mentaire : Wingfoil, Kitesurf, Surf\u2026<\/p>\n\n\n\n<div style=\"height:100px\" aria-hidden=\"true\" class=\"wp-block-spacer\"><\/div>\n\n\n\n<div class=\"wp-block-buttons is-content-justification-center is-layout-flex wp-container-core-buttons-is-layout-a89b3969 wp-block-buttons-is-layout-flex\">\n<div class=\"wp-block-button\"><a class=\"wp-block-button__link wp-element-button\" href=\"https:\/\/kengo.bzh\/projet\/4865\/le-boardriding-pass\">Nous soutenir sur Kengo.bzh<\/a><\/div>\n\n\n\n<div class=\"wp-block-button\"><a class=\"wp-block-button__link wp-element-button\" href=\"https:\/\/www.archipelago.bzh\/index.php\/faq-boardriding-pass\/\">Foire aux questions<\/a><\/div>\n<\/div>\n\n\n\n<div style=\"height:100px\" aria-hidden=\"true\" class=\"wp-block-spacer\"><\/div>\n\n\n\n<p><\/p>\n","protected":false},"excerpt":{"rendered":"<p>Une innovation pour la communaut\u00e9 des sports de glisse Le BoardRiding Pass est une initiative in\u00e9dite d\u00e9velopp\u00e9e par Archipelago pour r\u00e9volutionner la pratique des sports de glisse en alliant acc\u00e8s facilit\u00e9 \u00e0 une information fiable, \u00e9conomie circulaire et protection de l\u2019environnement. Pourquoi ce projet ? Aujourd\u2019hui, la pratique des sports de glisse repose sur un &hellip; <\/p>\n<p class=\"link-more\"><a href=\"https:\/\/www.archipelago.bzh\/index.php\/le-boardriding-pass\/\" class=\"more-link\">Lire la suite de<span class=\"screen-reader-text\">\u00ab\u00a0Le Boardriding Pass\u00a0\u00bb<\/span><\/a><\/p>\n","protected":false},"author":1,"featured_media":0,"parent":0,"menu_order":0,"comment_status":"closed","ping_status":"closed","template":"","meta":{"inspiro_hide_title":false,"footnotes":""},"class_list":["post-263","page","type-page","status-publish","hentry"],"yoast_head":"<!-- This site is optimized with the Yoast SEO plugin v26.2 - https:\/\/yoast.com\/wordpress\/plugins\/seo\/ -->\n<title>Le Boardriding Pass - ARCHIPELAGO<\/title>\n<meta name=\"robots\" content=\"index, follow, max-snippet:-1, max-image-preview:large, max-video-preview:-1\" \/>\n<link rel=\"canonical\" href=\"https:\/\/www.archipelago.bzh\/index.php\/le-boardriding-pass\/\" \/>\n<meta property=\"og:locale\" content=\"fr_FR\" \/>\n<meta property=\"og:type\" content=\"article\" \/>\n<meta property=\"og:title\" content=\"Le Boardriding Pass - ARCHIPELAGO\" \/>\n<meta property=\"og:description\" content=\"Une innovation pour la communaut\u00e9 des sports de glisse Le BoardRiding Pass est une initiative in\u00e9dite d\u00e9velopp\u00e9e par Archipelago pour r\u00e9volutionner la pratique des sports de glisse en alliant acc\u00e8s facilit\u00e9 \u00e0 une information fiable, \u00e9conomie circulaire et protection de l\u2019environnement. Pourquoi ce projet ? Aujourd\u2019hui, la pratique des sports de glisse repose sur un &hellip; Lire la suite de\u00ab\u00a0Le Boardriding Pass\u00a0\u00bb\" \/>\n<meta property=\"og:url\" content=\"https:\/\/www.archipelago.bzh\/index.php\/le-boardriding-pass\/\" \/>\n<meta property=\"og:site_name\" content=\"ARCHIPELAGO\" \/>\n<meta property=\"article:publisher\" content=\"https:\/\/www.facebook.com\/ArchipelagoBrest\" \/>\n<meta property=\"article:modified_time\" content=\"2025-02-05T16:46:05+00:00\" \/>\n<meta property=\"og:image\" content=\"https:\/\/www.archipelago.bzh\/wp-content\/uploads\/2025\/01\/pack-marque-1.jpg\" \/>\n\t<meta property=\"og:image:width\" content=\"1000\" \/>\n\t<meta property=\"og:image:height\" content=\"1000\" \/>\n\t<meta property=\"og:image:type\" content=\"image\/jpeg\" \/>\n<meta name=\"twitter:card\" content=\"summary_large_image\" \/>\n<meta name=\"twitter:label1\" content=\"Dur\u00e9e de lecture estim\u00e9e\" \/>\n\t<meta name=\"twitter:data1\" content=\"4 minutes\" \/>\n<script type=\"application\/ld+json\" class=\"yoast-schema-graph\">{\"@context\":\"https:\/\/schema.org\",\"@graph\":[{\"@type\":\"WebPage\",\"@id\":\"https:\/\/www.archipelago.bzh\/index.php\/le-boardriding-pass\/\",\"url\":\"https:\/\/www.archipelago.bzh\/index.php\/le-boardriding-pass\/\",\"name\":\"Le Boardriding Pass - ARCHIPELAGO\",\"isPartOf\":{\"@id\":\"https:\/\/www.archipelago.bzh\/#website\"},\"primaryImageOfPage\":{\"@id\":\"https:\/\/www.archipelago.bzh\/index.php\/le-boardriding-pass\/#primaryimage\"},\"image\":{\"@id\":\"https:\/\/www.archipelago.bzh\/index.php\/le-boardriding-pass\/#primaryimage\"},\"thumbnailUrl\":\"https:\/\/www.archipelago.bzh\/wp-content\/uploads\/2025\/01\/pack-marque-1.jpg\",\"datePublished\":\"2025-02-04T14:07:10+00:00\",\"dateModified\":\"2025-02-05T16:46:05+00:00\",\"breadcrumb\":{\"@id\":\"https:\/\/www.archipelago.bzh\/index.php\/le-boardriding-pass\/#breadcrumb\"},\"inLanguage\":\"fr-FR\",\"potentialAction\":[{\"@type\":\"ReadAction\",\"target\":[\"https:\/\/www.archipelago.bzh\/index.php\/le-boardriding-pass\/\"]}]},{\"@type\":\"ImageObject\",\"inLanguage\":\"fr-FR\",\"@id\":\"https:\/\/www.archipelago.bzh\/index.php\/le-boardriding-pass\/#primaryimage\",\"url\":\"https:\/\/www.archipelago.bzh\/wp-content\/uploads\/2025\/01\/pack-marque-1.jpg\",\"contentUrl\":\"https:\/\/www.archipelago.bzh\/wp-content\/uploads\/2025\/01\/pack-marque-1.jpg\",\"width\":1000,\"height\":1000},{\"@type\":\"BreadcrumbList\",\"@id\":\"https:\/\/www.archipelago.bzh\/index.php\/le-boardriding-pass\/#breadcrumb\",\"itemListElement\":[{\"@type\":\"ListItem\",\"position\":1,\"name\":\"Accueil\",\"item\":\"https:\/\/www.archipelago.bzh\/\"},{\"@type\":\"ListItem\",\"position\":2,\"name\":\"Le Boardriding Pass\"}]},{\"@type\":\"WebSite\",\"@id\":\"https:\/\/www.archipelago.bzh\/#website\",\"url\":\"https:\/\/www.archipelago.bzh\/\",\"name\":\"ARCHIPELAGO\",\"description\":\"Connecter les id\u00e9es et les talents du territoire\",\"publisher\":{\"@id\":\"https:\/\/www.archipelago.bzh\/#organization\"},\"potentialAction\":[{\"@type\":\"SearchAction\",\"target\":{\"@type\":\"EntryPoint\",\"urlTemplate\":\"https:\/\/www.archipelago.bzh\/?s={search_term_string}\"},\"query-input\":{\"@type\":\"PropertyValueSpecification\",\"valueRequired\":true,\"valueName\":\"search_term_string\"}}],\"inLanguage\":\"fr-FR\"},{\"@type\":\"Organization\",\"@id\":\"https:\/\/www.archipelago.bzh\/#organization\",\"name\":\"ARCHIPELAGO\",\"url\":\"https:\/\/www.archipelago.bzh\/\",\"logo\":{\"@type\":\"ImageObject\",\"inLanguage\":\"fr-FR\",\"@id\":\"https:\/\/www.archipelago.bzh\/#\/schema\/logo\/image\/\",\"url\":\"https:\/\/www.archipelago.bzh\/wp-content\/uploads\/2025\/01\/1706862449330-1.jpeg\",\"contentUrl\":\"https:\/\/www.archipelago.bzh\/wp-content\/uploads\/2025\/01\/1706862449330-1.jpeg\",\"width\":100,\"height\":100,\"caption\":\"ARCHIPELAGO\"},\"image\":{\"@id\":\"https:\/\/www.archipelago.bzh\/#\/schema\/logo\/image\/\"},\"sameAs\":[\"https:\/\/www.facebook.com\/ArchipelagoBrest\",\"https:\/\/www.linkedin.com\/company\/archipelagobzh\",\"https:\/\/www.instagram.com\/archipelago.eco\"]}]}<\/script>\n<!-- \/ Yoast SEO plugin. -->","yoast_head_json":{"title":"Le Boardriding Pass - ARCHIPELAGO","robots":{"index":"index","follow":"follow","max-snippet":"max-snippet:-1","max-image-preview":"max-image-preview:large","max-video-preview":"max-video-preview:-1"},"canonical":"https:\/\/www.archipelago.bzh\/index.php\/le-boardriding-pass\/","og_locale":"fr_FR","og_type":"article","og_title":"Le Boardriding Pass - ARCHIPELAGO","og_description":"Une innovation pour la communaut\u00e9 des sports de glisse Le BoardRiding Pass est une initiative in\u00e9dite d\u00e9velopp\u00e9e par Archipelago pour r\u00e9volutionner la pratique des sports de glisse en alliant acc\u00e8s facilit\u00e9 \u00e0 une information fiable, \u00e9conomie circulaire et protection de l\u2019environnement. Pourquoi ce projet ? Aujourd\u2019hui, la pratique des sports de glisse repose sur un &hellip; Lire la suite de\u00ab\u00a0Le Boardriding Pass\u00a0\u00bb","og_url":"https:\/\/www.archipelago.bzh\/index.php\/le-boardriding-pass\/","og_site_name":"ARCHIPELAGO","article_publisher":"https:\/\/www.facebook.com\/ArchipelagoBrest","article_modified_time":"2025-02-05T16:46:05+00:00","og_image":[{"width":1000,"height":1000,"url":"https:\/\/www.archipelago.bzh\/wp-content\/uploads\/2025\/01\/pack-marque-1.jpg","type":"image\/jpeg"}],"twitter_card":"summary_large_image","twitter_misc":{"Dur\u00e9e de lecture estim\u00e9e":"4 minutes"},"schema":{"@context":"https:\/\/schema.org","@graph":[{"@type":"WebPage","@id":"https:\/\/www.archipelago.bzh\/index.php\/le-boardriding-pass\/","url":"https:\/\/www.archipelago.bzh\/index.php\/le-boardriding-pass\/","name":"Le Boardriding Pass - ARCHIPELAGO","isPartOf":{"@id":"https:\/\/www.archipelago.bzh\/#website"},"primaryImageOfPage":{"@id":"https:\/\/www.archipelago.bzh\/index.php\/le-boardriding-pass\/#primaryimage"},"image":{"@id":"https:\/\/www.archipelago.bzh\/index.php\/le-boardriding-pass\/#primaryimage"},"thumbnailUrl":"https:\/\/www.archipelago.bzh\/wp-content\/uploads\/2025\/01\/pack-marque-1.jpg","datePublished":"2025-02-04T14:07:10+00:00","dateModified":"2025-02-05T16:46:05+00:00","breadcrumb":{"@id":"https:\/\/www.archipelago.bzh\/index.php\/le-boardriding-pass\/#breadcrumb"},"inLanguage":"fr-FR","potentialAction":[{"@type":"ReadAction","target":["https:\/\/www.archipelago.bzh\/index.php\/le-boardriding-pass\/"]}]},{"@type":"ImageObject","inLanguage":"fr-FR","@id":"https:\/\/www.archipelago.bzh\/index.php\/le-boardriding-pass\/#primaryimage","url":"https:\/\/www.archipelago.bzh\/wp-content\/uploads\/2025\/01\/pack-marque-1.jpg","contentUrl":"https:\/\/www.archipelago.bzh\/wp-content\/uploads\/2025\/01\/pack-marque-1.jpg","width":1000,"height":1000},{"@type":"BreadcrumbList","@id":"https:\/\/www.archipelago.bzh\/index.php\/le-boardriding-pass\/#breadcrumb","itemListElement":[{"@type":"ListItem","position":1,"name":"Accueil","item":"https:\/\/www.archipelago.bzh\/"},{"@type":"ListItem","position":2,"name":"Le Boardriding Pass"}]},{"@type":"WebSite","@id":"https:\/\/www.archipelago.bzh\/#website","url":"https:\/\/www.archipelago.bzh\/","name":"ARCHIPELAGO","description":"Connecter les id\u00e9es et les talents du territoire","publisher":{"@id":"https:\/\/www.archipelago.bzh\/#organization"},"potentialAction":[{"@type":"SearchAction","target":{"@type":"EntryPoint","urlTemplate":"https:\/\/www.archipelago.bzh\/?s={search_term_string}"},"query-input":{"@type":"PropertyValueSpecification","valueRequired":true,"valueName":"search_term_string"}}],"inLanguage":"fr-FR"},{"@type":"Organization","@id":"https:\/\/www.archipelago.bzh\/#organization","name":"ARCHIPELAGO","url":"https:\/\/www.archipelago.bzh\/","logo":{"@type":"ImageObject","inLanguage":"fr-FR","@id":"https:\/\/www.archipelago.bzh\/#\/schema\/logo\/image\/","url":"https:\/\/www.archipelago.bzh\/wp-content\/uploads\/2025\/01\/1706862449330-1.jpeg","contentUrl":"https:\/\/www.archipelago.bzh\/wp-content\/uploads\/2025\/01\/1706862449330-1.jpeg","width":100,"height":100,"caption":"ARCHIPELAGO"},"image":{"@id":"https:\/\/www.archipelago.bzh\/#\/schema\/logo\/image\/"},"sameAs":["https:\/\/www.facebook.com\/ArchipelagoBrest","https:\/\/www.linkedin.com\/company\/archipelagobzh","https:\/\/www.instagram.com\/archipelago.eco"]}]}},"_links":{"self":[{"href":"https:\/\/www.archipelago.bzh\/index.php\/wp-json\/wp\/v2\/pages\/263","targetHints":{"allow":["GET"]}}],"collection":[{"href":"https:\/\/www.archipelago.bzh\/index.php\/wp-json\/wp\/v2\/pages"}],"about":[{"href":"https:\/\/www.archipelago.bzh\/index.php\/wp-json\/wp\/v2\/types\/page"}],"author":[{"embeddable":true,"href":"https:\/\/www.archipelago.bzh\/index.php\/wp-json\/wp\/v2\/users\/1"}],"replies":[{"embeddable":true,"href":"https:\/\/www.archipelago.bzh\/index.php\/wp-json\/wp\/v2\/comments?post=263"}],"version-history":[{"count":13,"href":"https:\/\/www.archipelago.bzh\/index.php\/wp-json\/wp\/v2\/pages\/263\/revisions"}],"predecessor-version":[{"id":627,"href":"https:\/\/www.archipelago.bzh\/index.php\/wp-json\/wp\/v2\/pages\/263\/revisions\/627"}],"wp:attachment":[{"href":"https:\/\/www.archipelago.bzh\/index.php\/wp-json\/wp\/v2\/media?parent=263"}],"curies":[{"name":"wp","href":"https:\/\/api.w.org\/{rel}","templated":true}]}}