{"id":269,"date":"2025-02-04T14:30:13","date_gmt":"2025-02-04T13:30:13","guid":{"rendered":"https:\/\/www.archipelago.bzh\/?page_id=269"},"modified":"2025-02-05T11:32:04","modified_gmt":"2025-02-05T10:32:04","slug":"ecosysteme","status":"publish","type":"page","link":"https:\/\/www.archipelago.bzh\/index.php\/ecosysteme\/","title":{"rendered":"Ecosyst\u00e8me"},"content":{"rendered":"\n<div class=\"wp-block-columns is-layout-flex wp-container-core-columns-is-layout-28f84493 wp-block-columns-is-layout-flex\">\n<div class=\"wp-block-column is-layout-flow wp-block-column-is-layout-flow\">\n<figure class=\"wp-block-image size-large\"><a href=\"https:\/\/www.archipelago.bzh\/index.php\/u-ride\/\"><img loading=\"lazy\" decoding=\"async\" width=\"1024\" height=\"1024\" src=\"https:\/\/www.archipelago.bzh\/wp-content\/uploads\/2025\/02\/uride-02-1024x1024.png\" alt=\"\" class=\"wp-image-221\" srcset=\"https:\/\/www.archipelago.bzh\/wp-content\/uploads\/2025\/02\/uride-02-1024x1024.png 1024w, https:\/\/www.archipelago.bzh\/wp-content\/uploads\/2025\/02\/uride-02-300x300.png 300w, https:\/\/www.archipelago.bzh\/wp-content\/uploads\/2025\/02\/uride-02-150x150.png 150w, https:\/\/www.archipelago.bzh\/wp-content\/uploads\/2025\/02\/uride-02-2000x2000.png 2000w\" sizes=\"auto, (max-width: 1024px) 100vw, 1024px\" \/><\/a><figcaption class=\"wp-element-caption\"><strong>La cr\u00e9ation et l\u2019animation d\u2019une communaut\u00e9 uride<\/strong><br> Un collectif de passionn\u00e9s qui favorise l\u2019\u00e9change et le partage d\u2019\u00e9quipements.<\/figcaption><\/figure>\n<\/div>\n\n\n\n<div class=\"wp-block-column is-layout-flow wp-block-column-is-layout-flow\">\n<figure class=\"wp-block-image size-large\"><a href=\"https:\/\/www.archipelago.bzh\/index.php\/rent-me-buy-me\/\"><img loading=\"lazy\" decoding=\"async\" width=\"1024\" height=\"1024\" src=\"https:\/\/www.archipelago.bzh\/wp-content\/uploads\/2025\/02\/rent-me-buy-me_Plan-de-travail-1-1024x1024.png\" alt=\"\" class=\"wp-image-222\" srcset=\"https:\/\/www.archipelago.bzh\/wp-content\/uploads\/2025\/02\/rent-me-buy-me_Plan-de-travail-1-1024x1024.png 1024w, https:\/\/www.archipelago.bzh\/wp-content\/uploads\/2025\/02\/rent-me-buy-me_Plan-de-travail-1-300x300.png 300w, https:\/\/www.archipelago.bzh\/wp-content\/uploads\/2025\/02\/rent-me-buy-me_Plan-de-travail-1-150x150.png 150w, https:\/\/www.archipelago.bzh\/wp-content\/uploads\/2025\/02\/rent-me-buy-me_Plan-de-travail-1-2000x2000.png 2000w\" sizes=\"auto, (max-width: 1024px) 100vw, 1024px\" \/><\/a><figcaption class=\"wp-element-caption\"><strong>Le mod\u00e8le \u00ab\u00a0Rent Me, Buy Me\u00a0\u00bb<\/strong> <br>Une approche innovante de la location \u00e9volutive, permettant aux pratiquants d\u2019acheter progressivement leur \u00e9quipement apr\u00e8s l\u2019avoir test\u00e9.<\/figcaption><\/figure>\n<\/div>\n\n\n\n<div class=\"wp-block-column is-layout-flow wp-block-column-is-layout-flow\">\n<figure class=\"wp-block-image size-large\"><a href=\"https:\/\/www.archipelago.bzh\/index.php\/the-lab\/\"><img loading=\"lazy\" decoding=\"async\" width=\"1024\" height=\"1024\" src=\"https:\/\/www.archipelago.bzh\/wp-content\/uploads\/2025\/02\/lab-1024x1024.jpg\" alt=\"\" class=\"wp-image-479\" srcset=\"https:\/\/www.archipelago.bzh\/wp-content\/uploads\/2025\/02\/lab-1024x1024.jpg 1024w, https:\/\/www.archipelago.bzh\/wp-content\/uploads\/2025\/02\/lab-300x300.jpg 300w, https:\/\/www.archipelago.bzh\/wp-content\/uploads\/2025\/02\/lab-150x150.jpg 150w, https:\/\/www.archipelago.bzh\/wp-content\/uploads\/2025\/02\/lab-2000x2000.jpg 2000w\" sizes=\"auto, (max-width: 1024px) 100vw, 1024px\" \/><\/a><figcaption class=\"wp-element-caption\"><strong>The Lab<br><\/strong>Marques, magasins sp\u00e9cialis\u00e9s, \u00e9coles de glisse et shapers engag\u00e9s.<\/figcaption><\/figure>\n<\/div>\n<\/div>\n\n\n\n<div style=\"height:var(--wp--preset--spacing--large)\" aria-hidden=\"true\" class=\"wp-block-spacer\"><\/div>\n","protected":false},"excerpt":{"rendered":"","protected":false},"author":1,"featured_media":0,"parent":0,"menu_order":0,"comment_status":"closed","ping_status":"closed","template":"page-templates\/no-title.php","meta":{"inspiro_hide_title":false,"footnotes":""},"class_list":["post-269","page","type-page","status-publish","hentry"],"yoast_head":"<!-- This site is optimized with the Yoast SEO plugin v26.2 - https:\/\/yoast.com\/wordpress\/plugins\/seo\/ -->\n<title>Ecosyst\u00e8me - ARCHIPELAGO<\/title>\n<meta name=\"robots\" content=\"index, follow, max-snippet:-1, max-image-preview:large, max-video-preview:-1\" \/>\n<link rel=\"canonical\" href=\"https:\/\/www.archipelago.bzh\/index.php\/ecosysteme\/\" \/>\n<meta property=\"og:locale\" content=\"fr_FR\" \/>\n<meta property=\"og:type\" content=\"article\" \/>\n<meta property=\"og:title\" content=\"Ecosyst\u00e8me - ARCHIPELAGO\" \/>\n<meta property=\"og:url\" content=\"https:\/\/www.archipelago.bzh\/index.php\/ecosysteme\/\" \/>\n<meta property=\"og:site_name\" content=\"ARCHIPELAGO\" \/>\n<meta property=\"article:publisher\" content=\"https:\/\/www.facebook.com\/ArchipelagoBrest\" \/>\n<meta property=\"article:modified_time\" content=\"2025-02-05T10:32:04+00:00\" \/>\n<meta property=\"og:image\" content=\"https:\/\/www.archipelago.bzh\/wp-content\/uploads\/2025\/02\/uride-02.png\" \/>\n\t<meta property=\"og:image:width\" content=\"2084\" \/>\n\t<meta property=\"og:image:height\" content=\"2084\" \/>\n\t<meta property=\"og:image:type\" content=\"image\/png\" \/>\n<meta name=\"twitter:card\" content=\"summary_large_image\" \/>\n<meta name=\"twitter:label1\" content=\"Dur\u00e9e de lecture estim\u00e9e\" \/>\n\t<meta name=\"twitter:data1\" content=\"1 minute\" \/>\n<script type=\"application\/ld+json\" class=\"yoast-schema-graph\">{\"@context\":\"https:\/\/schema.org\",\"@graph\":[{\"@type\":\"WebPage\",\"@id\":\"https:\/\/www.archipelago.bzh\/index.php\/ecosysteme\/\",\"url\":\"https:\/\/www.archipelago.bzh\/index.php\/ecosysteme\/\",\"name\":\"Ecosyst\u00e8me - ARCHIPELAGO\",\"isPartOf\":{\"@id\":\"https:\/\/www.archipelago.bzh\/#website\"},\"primaryImageOfPage\":{\"@id\":\"https:\/\/www.archipelago.bzh\/index.php\/ecosysteme\/#primaryimage\"},\"image\":{\"@id\":\"https:\/\/www.archipelago.bzh\/index.php\/ecosysteme\/#primaryimage\"},\"thumbnailUrl\":\"https:\/\/www.archipelago.bzh\/wp-content\/uploads\/2025\/02\/uride-02-1024x1024.png\",\"datePublished\":\"2025-02-04T13:30:13+00:00\",\"dateModified\":\"2025-02-05T10:32:04+00:00\",\"breadcrumb\":{\"@id\":\"https:\/\/www.archipelago.bzh\/index.php\/ecosysteme\/#breadcrumb\"},\"inLanguage\":\"fr-FR\",\"potentialAction\":[{\"@type\":\"ReadAction\",\"target\":[\"https:\/\/www.archipelago.bzh\/index.php\/ecosysteme\/\"]}]},{\"@type\":\"ImageObject\",\"inLanguage\":\"fr-FR\",\"@id\":\"https:\/\/www.archipelago.bzh\/index.php\/ecosysteme\/#primaryimage\",\"url\":\"https:\/\/www.archipelago.bzh\/wp-content\/uploads\/2025\/02\/uride-02.png\",\"contentUrl\":\"https:\/\/www.archipelago.bzh\/wp-content\/uploads\/2025\/02\/uride-02.png\",\"width\":2084,\"height\":2084},{\"@type\":\"BreadcrumbList\",\"@id\":\"https:\/\/www.archipelago.bzh\/index.php\/ecosysteme\/#breadcrumb\",\"itemListElement\":[{\"@type\":\"ListItem\",\"position\":1,\"name\":\"Accueil\",\"item\":\"https:\/\/www.archipelago.bzh\/\"},{\"@type\":\"ListItem\",\"position\":2,\"name\":\"Ecosyst\u00e8me\"}]},{\"@type\":\"WebSite\",\"@id\":\"https:\/\/www.archipelago.bzh\/#website\",\"url\":\"https:\/\/www.archipelago.bzh\/\",\"name\":\"ARCHIPELAGO\",\"description\":\"Connecter les id\u00e9es et les talents du territoire\",\"publisher\":{\"@id\":\"https:\/\/www.archipelago.bzh\/#organization\"},\"potentialAction\":[{\"@type\":\"SearchAction\",\"target\":{\"@type\":\"EntryPoint\",\"urlTemplate\":\"https:\/\/www.archipelago.bzh\/?s={search_term_string}\"},\"query-input\":{\"@type\":\"PropertyValueSpecification\",\"valueRequired\":true,\"valueName\":\"search_term_string\"}}],\"inLanguage\":\"fr-FR\"},{\"@type\":\"Organization\",\"@id\":\"https:\/\/www.archipelago.bzh\/#organization\",\"name\":\"ARCHIPELAGO\",\"url\":\"https:\/\/www.archipelago.bzh\/\",\"logo\":{\"@type\":\"ImageObject\",\"inLanguage\":\"fr-FR\",\"@id\":\"https:\/\/www.archipelago.bzh\/#\/schema\/logo\/image\/\",\"url\":\"https:\/\/www.archipelago.bzh\/wp-content\/uploads\/2025\/01\/1706862449330-1.jpeg\",\"contentUrl\":\"https:\/\/www.archipelago.bzh\/wp-content\/uploads\/2025\/01\/1706862449330-1.jpeg\",\"width\":100,\"height\":100,\"caption\":\"ARCHIPELAGO\"},\"image\":{\"@id\":\"https:\/\/www.archipelago.bzh\/#\/schema\/logo\/image\/\"},\"sameAs\":[\"https:\/\/www.facebook.com\/ArchipelagoBrest\",\"https:\/\/www.linkedin.com\/company\/archipelagobzh\",\"https:\/\/www.instagram.com\/archipelago.eco\"]}]}<\/script>\n<!-- \/ Yoast SEO plugin. -->","yoast_head_json":{"title":"Ecosyst\u00e8me - ARCHIPELAGO","robots":{"index":"index","follow":"follow","max-snippet":"max-snippet:-1","max-image-preview":"max-image-preview:large","max-video-preview":"max-video-preview:-1"},"canonical":"https:\/\/www.archipelago.bzh\/index.php\/ecosysteme\/","og_locale":"fr_FR","og_type":"article","og_title":"Ecosyst\u00e8me - ARCHIPELAGO","og_url":"https:\/\/www.archipelago.bzh\/index.php\/ecosysteme\/","og_site_name":"ARCHIPELAGO","article_publisher":"https:\/\/www.facebook.com\/ArchipelagoBrest","article_modified_time":"2025-02-05T10:32:04+00:00","og_image":[{"width":2084,"height":2084,"url":"https:\/\/www.archipelago.bzh\/wp-content\/uploads\/2025\/02\/uride-02.png","type":"image\/png"}],"twitter_card":"summary_large_image","twitter_misc":{"Dur\u00e9e de lecture estim\u00e9e":"1 minute"},"schema":{"@context":"https:\/\/schema.org","@graph":[{"@type":"WebPage","@id":"https:\/\/www.archipelago.bzh\/index.php\/ecosysteme\/","url":"https:\/\/www.archipelago.bzh\/index.php\/ecosysteme\/","name":"Ecosyst\u00e8me - ARCHIPELAGO","isPartOf":{"@id":"https:\/\/www.archipelago.bzh\/#website"},"primaryImageOfPage":{"@id":"https:\/\/www.archipelago.bzh\/index.php\/ecosysteme\/#primaryimage"},"image":{"@id":"https:\/\/www.archipelago.bzh\/index.php\/ecosysteme\/#primaryimage"},"thumbnailUrl":"https:\/\/www.archipelago.bzh\/wp-content\/uploads\/2025\/02\/uride-02-1024x1024.png","datePublished":"2025-02-04T13:30:13+00:00","dateModified":"2025-02-05T10:32:04+00:00","breadcrumb":{"@id":"https:\/\/www.archipelago.bzh\/index.php\/ecosysteme\/#breadcrumb"},"inLanguage":"fr-FR","potentialAction":[{"@type":"ReadAction","target":["https:\/\/www.archipelago.bzh\/index.php\/ecosysteme\/"]}]},{"@type":"ImageObject","inLanguage":"fr-FR","@id":"https:\/\/www.archipelago.bzh\/index.php\/ecosysteme\/#primaryimage","url":"https:\/\/www.archipelago.bzh\/wp-content\/uploads\/2025\/02\/uride-02.png","contentUrl":"https:\/\/www.archipelago.bzh\/wp-content\/uploads\/2025\/02\/uride-02.png","width":2084,"height":2084},{"@type":"BreadcrumbList","@id":"https:\/\/www.archipelago.bzh\/index.php\/ecosysteme\/#breadcrumb","itemListElement":[{"@type":"ListItem","position":1,"name":"Accueil","item":"https:\/\/www.archipelago.bzh\/"},{"@type":"ListItem","position":2,"name":"Ecosyst\u00e8me"}]},{"@type":"WebSite","@id":"https:\/\/www.archipelago.bzh\/#website","url":"https:\/\/www.archipelago.bzh\/","name":"ARCHIPELAGO","description":"Connecter les id\u00e9es et les talents du territoire","publisher":{"@id":"https:\/\/www.archipelago.bzh\/#organization"},"potentialAction":[{"@type":"SearchAction","target":{"@type":"EntryPoint","urlTemplate":"https:\/\/www.archipelago.bzh\/?s={search_term_string}"},"query-input":{"@type":"PropertyValueSpecification","valueRequired":true,"valueName":"search_term_string"}}],"inLanguage":"fr-FR"},{"@type":"Organization","@id":"https:\/\/www.archipelago.bzh\/#organization","name":"ARCHIPELAGO","url":"https:\/\/www.archipelago.bzh\/","logo":{"@type":"ImageObject","inLanguage":"fr-FR","@id":"https:\/\/www.archipelago.bzh\/#\/schema\/logo\/image\/","url":"https:\/\/www.archipelago.bzh\/wp-content\/uploads\/2025\/01\/1706862449330-1.jpeg","contentUrl":"https:\/\/www.archipelago.bzh\/wp-content\/uploads\/2025\/01\/1706862449330-1.jpeg","width":100,"height":100,"caption":"ARCHIPELAGO"},"image":{"@id":"https:\/\/www.archipelago.bzh\/#\/schema\/logo\/image\/"},"sameAs":["https:\/\/www.facebook.com\/ArchipelagoBrest","https:\/\/www.linkedin.com\/company\/archipelagobzh","https:\/\/www.instagram.com\/archipelago.eco"]}]}},"_links":{"self":[{"href":"https:\/\/www.archipelago.bzh\/index.php\/wp-json\/wp\/v2\/pages\/269","targetHints":{"allow":["GET"]}}],"collection":[{"href":"https:\/\/www.archipelago.bzh\/index.php\/wp-json\/wp\/v2\/pages"}],"about":[{"href":"https:\/\/www.archipelago.bzh\/index.php\/wp-json\/wp\/v2\/types\/page"}],"author":[{"embeddable":true,"href":"https:\/\/www.archipelago.bzh\/index.php\/wp-json\/wp\/v2\/users\/1"}],"replies":[{"embeddable":true,"href":"https:\/\/www.archipelago.bzh\/index.php\/wp-json\/wp\/v2\/comments?post=269"}],"version-history":[{"count":5,"href":"https:\/\/www.archipelago.bzh\/index.php\/wp-json\/wp\/v2\/pages\/269\/revisions"}],"predecessor-version":[{"id":488,"href":"https:\/\/www.archipelago.bzh\/index.php\/wp-json\/wp\/v2\/pages\/269\/revisions\/488"}],"wp:attachment":[{"href":"https:\/\/www.archipelago.bzh\/index.php\/wp-json\/wp\/v2\/media?parent=269"}],"curies":[{"name":"wp","href":"https:\/\/api.w.org\/{rel}","templated":true}]}}