{"id":280,"date":"2025-02-04T14:45:56","date_gmt":"2025-02-04T13:45:56","guid":{"rendered":"https:\/\/www.archipelago.bzh\/?page_id=280"},"modified":"2025-02-15T08:18:56","modified_gmt":"2025-02-15T07:18:56","slug":"le-pool-de-windsurfer-partage","status":"publish","type":"page","link":"https:\/\/www.archipelago.bzh\/index.php\/le-pool-de-windsurfer-partage\/","title":{"rendered":"Le Pool de Windsurfer partag\u00e9"},"content":{"rendered":"\n<div style=\"height:100px\" aria-hidden=\"true\" class=\"wp-block-spacer\"><\/div>\n\n\n\n<figure class=\"wp-block-image aligncenter size-large is-resized\"><img loading=\"lazy\" decoding=\"async\" width=\"1024\" height=\"989\" src=\"https:\/\/www.archipelago.bzh\/wp-content\/uploads\/2025\/02\/coin-windsurfer--1024x989.jpg\" alt=\"\" class=\"wp-image-273\" style=\"width:461px;height:auto\"\/><\/figure>\n\n\n\n<p class=\"has-text-align-center\">Archipelago lance un&nbsp;<strong>pool de Windsurfer ouvert au plus grand nombre<\/strong>, avec pour ambition d\u2019<strong>initier un maximum de pratiquants<\/strong>&nbsp;et de tester le&nbsp;<strong>BoardRiding Pass<\/strong>&nbsp;\u00e0 grande \u00e9chelle.<\/p>\n\n\n\n<p class=\"has-text-align-center\">Pour soutenir cette initiative, nous invitons les&nbsp;<strong>entreprises locales \u00e0 s\u2019engager dans leur d\u00e9marche RSE<\/strong>, en finan\u00e7ant le projet en \u00e9change d\u2019une&nbsp;<strong>visibilit\u00e9 forte et d\u2019un impact concret sur le territoire<\/strong>.<\/p>\n\n\n\n<div style=\"height:58px\" aria-hidden=\"true\" class=\"wp-block-spacer\"><\/div>\n\n\n\n<p class=\"has-text-align-left\"><strong>Un test grandeur nature<\/strong>&nbsp;:<\/p>\n\n\n\n<ul class=\"wp-block-list\">\n<li>1 500 utilisateurs impliqu\u00e9s sur 24 mois via des entreprises partenaires<\/li>\n\n\n\n<li>Un acc\u00e8s facilit\u00e9 aux \u00e9quipements<\/li>\n\n\n\n<li>Un suivi transparent du cycle de vie du mat\u00e9riel<\/li>\n\n\n\n<li>Une optimisation du partage et de l\u2019usage<\/li>\n<\/ul>\n\n\n\n<p class=\"has-text-align-left\">Ce projet favorise&nbsp;<strong>la transmission des connaissances, l\u2019inclusion et la d\u00e9couverte des sports de glisse<\/strong>, tout en s\u2019inscrivant dans une&nbsp;<strong>d\u00e9marche durable et collaborative<\/strong>.&nbsp;<strong>Gr\u00e2ce au Passeport Digital des Produits<\/strong>, nous renfor\u00e7ons la tra\u00e7abilit\u00e9 et encourageons un usage plus responsable du mat\u00e9riel.<\/p>\n\n\n\n<p class=\"has-text-align-left\">A l&rsquo;issue de cette exp\u00e9rimentation, Archipelago reste gestionnaire du parc mat\u00e9riel, va assurer son suivi en le mettant \u00e0 disposition d&rsquo;\u00e9coles de voile partenaires du territoire.&nbsp;Une opportunit\u00e9 unique pour&nbsp;<strong>d\u00e9mocratiser la glisse et prouver l\u2019efficacit\u00e9 d\u2019un mod\u00e8le d\u2019\u00e9conomie circulaire<\/strong>&nbsp;en conditions r\u00e9elles.<\/p>\n\n\n\n<div style=\"height:43px\" aria-hidden=\"true\" class=\"wp-block-spacer\"><\/div>\n\n\n\n<div class=\"wp-block-buttons is-content-justification-center is-layout-flex wp-container-core-buttons-is-layout-a89b3969 wp-block-buttons-is-layout-flex\">\n<div class=\"wp-block-button\"><a class=\"wp-block-button__link wp-element-button\" href=\"https:\/\/www.archipelago.bzh\/index.php\/contact\/\">Rejoignez-nous<\/a><\/div>\n<\/div>\n\n\n\n<div style=\"height:100px\" aria-hidden=\"true\" class=\"wp-block-spacer\"><\/div>\n\n\n\n<p><\/p>\n","protected":false},"excerpt":{"rendered":"<p>Archipelago lance un&nbsp;pool de Windsurfer ouvert au plus grand nombre, avec pour ambition d\u2019initier un maximum de pratiquants&nbsp;et de tester le&nbsp;BoardRiding Pass&nbsp;\u00e0 grande \u00e9chelle. Pour soutenir cette initiative, nous invitons les&nbsp;entreprises locales \u00e0 s\u2019engager dans leur d\u00e9marche RSE, en finan\u00e7ant le projet en \u00e9change d\u2019une&nbsp;visibilit\u00e9 forte et d\u2019un impact concret sur le territoire. Un test &hellip; <\/p>\n<p class=\"link-more\"><a href=\"https:\/\/www.archipelago.bzh\/index.php\/le-pool-de-windsurfer-partage\/\" class=\"more-link\">Lire la suite de<span class=\"screen-reader-text\">\u00ab\u00a0Le Pool de Windsurfer partag\u00e9\u00a0\u00bb<\/span><\/a><\/p>\n","protected":false},"author":1,"featured_media":0,"parent":0,"menu_order":0,"comment_status":"closed","ping_status":"closed","template":"","meta":{"inspiro_hide_title":false,"footnotes":""},"class_list":["post-280","page","type-page","status-publish","hentry"],"yoast_head":"<!-- This site is optimized with the Yoast SEO plugin v26.2 - https:\/\/yoast.com\/wordpress\/plugins\/seo\/ -->\n<title>Le Pool de Windsurfer partag\u00e9 - ARCHIPELAGO<\/title>\n<meta name=\"robots\" content=\"index, follow, max-snippet:-1, max-image-preview:large, max-video-preview:-1\" \/>\n<link rel=\"canonical\" href=\"https:\/\/www.archipelago.bzh\/index.php\/le-pool-de-windsurfer-partage\/\" \/>\n<meta property=\"og:locale\" content=\"fr_FR\" \/>\n<meta property=\"og:type\" content=\"article\" \/>\n<meta property=\"og:title\" content=\"Le Pool de Windsurfer partag\u00e9 - ARCHIPELAGO\" \/>\n<meta property=\"og:description\" content=\"Archipelago lance un&nbsp;pool de Windsurfer ouvert au plus grand nombre, avec pour ambition d\u2019initier un maximum de pratiquants&nbsp;et de tester le&nbsp;BoardRiding Pass&nbsp;\u00e0 grande \u00e9chelle. Pour soutenir cette initiative, nous invitons les&nbsp;entreprises locales \u00e0 s\u2019engager dans leur d\u00e9marche RSE, en finan\u00e7ant le projet en \u00e9change d\u2019une&nbsp;visibilit\u00e9 forte et d\u2019un impact concret sur le territoire. Un test &hellip; Lire la suite de\u00ab\u00a0Le Pool de Windsurfer partag\u00e9\u00a0\u00bb\" \/>\n<meta property=\"og:url\" content=\"https:\/\/www.archipelago.bzh\/index.php\/le-pool-de-windsurfer-partage\/\" \/>\n<meta property=\"og:site_name\" content=\"ARCHIPELAGO\" \/>\n<meta property=\"article:publisher\" content=\"https:\/\/www.facebook.com\/ArchipelagoBrest\" \/>\n<meta property=\"article:modified_time\" content=\"2025-02-15T07:18:56+00:00\" \/>\n<meta property=\"og:image\" content=\"https:\/\/www.archipelago.bzh\/wp-content\/uploads\/2025\/02\/coin-windsurfer--scaled-e1738762021674.jpg\" \/>\n\t<meta property=\"og:image:width\" content=\"622\" \/>\n\t<meta property=\"og:image:height\" content=\"600\" \/>\n\t<meta property=\"og:image:type\" content=\"image\/jpeg\" \/>\n<meta name=\"twitter:card\" content=\"summary_large_image\" \/>\n<meta name=\"twitter:label1\" content=\"Dur\u00e9e de lecture estim\u00e9e\" \/>\n\t<meta name=\"twitter:data1\" content=\"2 minutes\" \/>\n<script type=\"application\/ld+json\" class=\"yoast-schema-graph\">{\"@context\":\"https:\/\/schema.org\",\"@graph\":[{\"@type\":\"WebPage\",\"@id\":\"https:\/\/www.archipelago.bzh\/index.php\/le-pool-de-windsurfer-partage\/\",\"url\":\"https:\/\/www.archipelago.bzh\/index.php\/le-pool-de-windsurfer-partage\/\",\"name\":\"Le Pool de Windsurfer partag\u00e9 - ARCHIPELAGO\",\"isPartOf\":{\"@id\":\"https:\/\/www.archipelago.bzh\/#website\"},\"primaryImageOfPage\":{\"@id\":\"https:\/\/www.archipelago.bzh\/index.php\/le-pool-de-windsurfer-partage\/#primaryimage\"},\"image\":{\"@id\":\"https:\/\/www.archipelago.bzh\/index.php\/le-pool-de-windsurfer-partage\/#primaryimage\"},\"thumbnailUrl\":\"https:\/\/www.archipelago.bzh\/wp-content\/uploads\/2025\/02\/coin-windsurfer--1024x989.jpg\",\"datePublished\":\"2025-02-04T13:45:56+00:00\",\"dateModified\":\"2025-02-15T07:18:56+00:00\",\"breadcrumb\":{\"@id\":\"https:\/\/www.archipelago.bzh\/index.php\/le-pool-de-windsurfer-partage\/#breadcrumb\"},\"inLanguage\":\"fr-FR\",\"potentialAction\":[{\"@type\":\"ReadAction\",\"target\":[\"https:\/\/www.archipelago.bzh\/index.php\/le-pool-de-windsurfer-partage\/\"]}]},{\"@type\":\"ImageObject\",\"inLanguage\":\"fr-FR\",\"@id\":\"https:\/\/www.archipelago.bzh\/index.php\/le-pool-de-windsurfer-partage\/#primaryimage\",\"url\":\"https:\/\/www.archipelago.bzh\/wp-content\/uploads\/2025\/02\/coin-windsurfer--scaled-e1738762021674.jpg\",\"contentUrl\":\"https:\/\/www.archipelago.bzh\/wp-content\/uploads\/2025\/02\/coin-windsurfer--scaled-e1738762021674.jpg\",\"width\":622,\"height\":600},{\"@type\":\"BreadcrumbList\",\"@id\":\"https:\/\/www.archipelago.bzh\/index.php\/le-pool-de-windsurfer-partage\/#breadcrumb\",\"itemListElement\":[{\"@type\":\"ListItem\",\"position\":1,\"name\":\"Accueil\",\"item\":\"https:\/\/www.archipelago.bzh\/\"},{\"@type\":\"ListItem\",\"position\":2,\"name\":\"Le Pool de Windsurfer partag\u00e9\"}]},{\"@type\":\"WebSite\",\"@id\":\"https:\/\/www.archipelago.bzh\/#website\",\"url\":\"https:\/\/www.archipelago.bzh\/\",\"name\":\"ARCHIPELAGO\",\"description\":\"Connecter les id\u00e9es et les talents du territoire\",\"publisher\":{\"@id\":\"https:\/\/www.archipelago.bzh\/#organization\"},\"potentialAction\":[{\"@type\":\"SearchAction\",\"target\":{\"@type\":\"EntryPoint\",\"urlTemplate\":\"https:\/\/www.archipelago.bzh\/?s={search_term_string}\"},\"query-input\":{\"@type\":\"PropertyValueSpecification\",\"valueRequired\":true,\"valueName\":\"search_term_string\"}}],\"inLanguage\":\"fr-FR\"},{\"@type\":\"Organization\",\"@id\":\"https:\/\/www.archipelago.bzh\/#organization\",\"name\":\"ARCHIPELAGO\",\"url\":\"https:\/\/www.archipelago.bzh\/\",\"logo\":{\"@type\":\"ImageObject\",\"inLanguage\":\"fr-FR\",\"@id\":\"https:\/\/www.archipelago.bzh\/#\/schema\/logo\/image\/\",\"url\":\"https:\/\/www.archipelago.bzh\/wp-content\/uploads\/2025\/01\/1706862449330-1.jpeg\",\"contentUrl\":\"https:\/\/www.archipelago.bzh\/wp-content\/uploads\/2025\/01\/1706862449330-1.jpeg\",\"width\":100,\"height\":100,\"caption\":\"ARCHIPELAGO\"},\"image\":{\"@id\":\"https:\/\/www.archipelago.bzh\/#\/schema\/logo\/image\/\"},\"sameAs\":[\"https:\/\/www.facebook.com\/ArchipelagoBrest\",\"https:\/\/www.linkedin.com\/company\/archipelagobzh\",\"https:\/\/www.instagram.com\/archipelago.eco\"]}]}<\/script>\n<!-- \/ Yoast SEO plugin. -->","yoast_head_json":{"title":"Le Pool de Windsurfer partag\u00e9 - ARCHIPELAGO","robots":{"index":"index","follow":"follow","max-snippet":"max-snippet:-1","max-image-preview":"max-image-preview:large","max-video-preview":"max-video-preview:-1"},"canonical":"https:\/\/www.archipelago.bzh\/index.php\/le-pool-de-windsurfer-partage\/","og_locale":"fr_FR","og_type":"article","og_title":"Le Pool de Windsurfer partag\u00e9 - ARCHIPELAGO","og_description":"Archipelago lance un&nbsp;pool de Windsurfer ouvert au plus grand nombre, avec pour ambition d\u2019initier un maximum de pratiquants&nbsp;et de tester le&nbsp;BoardRiding Pass&nbsp;\u00e0 grande \u00e9chelle. Pour soutenir cette initiative, nous invitons les&nbsp;entreprises locales \u00e0 s\u2019engager dans leur d\u00e9marche RSE, en finan\u00e7ant le projet en \u00e9change d\u2019une&nbsp;visibilit\u00e9 forte et d\u2019un impact concret sur le territoire. Un test &hellip; Lire la suite de\u00ab\u00a0Le Pool de Windsurfer partag\u00e9\u00a0\u00bb","og_url":"https:\/\/www.archipelago.bzh\/index.php\/le-pool-de-windsurfer-partage\/","og_site_name":"ARCHIPELAGO","article_publisher":"https:\/\/www.facebook.com\/ArchipelagoBrest","article_modified_time":"2025-02-15T07:18:56+00:00","og_image":[{"width":622,"height":600,"url":"https:\/\/www.archipelago.bzh\/wp-content\/uploads\/2025\/02\/coin-windsurfer--scaled-e1738762021674.jpg","type":"image\/jpeg"}],"twitter_card":"summary_large_image","twitter_misc":{"Dur\u00e9e de lecture estim\u00e9e":"2 minutes"},"schema":{"@context":"https:\/\/schema.org","@graph":[{"@type":"WebPage","@id":"https:\/\/www.archipelago.bzh\/index.php\/le-pool-de-windsurfer-partage\/","url":"https:\/\/www.archipelago.bzh\/index.php\/le-pool-de-windsurfer-partage\/","name":"Le Pool de Windsurfer partag\u00e9 - ARCHIPELAGO","isPartOf":{"@id":"https:\/\/www.archipelago.bzh\/#website"},"primaryImageOfPage":{"@id":"https:\/\/www.archipelago.bzh\/index.php\/le-pool-de-windsurfer-partage\/#primaryimage"},"image":{"@id":"https:\/\/www.archipelago.bzh\/index.php\/le-pool-de-windsurfer-partage\/#primaryimage"},"thumbnailUrl":"https:\/\/www.archipelago.bzh\/wp-content\/uploads\/2025\/02\/coin-windsurfer--1024x989.jpg","datePublished":"2025-02-04T13:45:56+00:00","dateModified":"2025-02-15T07:18:56+00:00","breadcrumb":{"@id":"https:\/\/www.archipelago.bzh\/index.php\/le-pool-de-windsurfer-partage\/#breadcrumb"},"inLanguage":"fr-FR","potentialAction":[{"@type":"ReadAction","target":["https:\/\/www.archipelago.bzh\/index.php\/le-pool-de-windsurfer-partage\/"]}]},{"@type":"ImageObject","inLanguage":"fr-FR","@id":"https:\/\/www.archipelago.bzh\/index.php\/le-pool-de-windsurfer-partage\/#primaryimage","url":"https:\/\/www.archipelago.bzh\/wp-content\/uploads\/2025\/02\/coin-windsurfer--scaled-e1738762021674.jpg","contentUrl":"https:\/\/www.archipelago.bzh\/wp-content\/uploads\/2025\/02\/coin-windsurfer--scaled-e1738762021674.jpg","width":622,"height":600},{"@type":"BreadcrumbList","@id":"https:\/\/www.archipelago.bzh\/index.php\/le-pool-de-windsurfer-partage\/#breadcrumb","itemListElement":[{"@type":"ListItem","position":1,"name":"Accueil","item":"https:\/\/www.archipelago.bzh\/"},{"@type":"ListItem","position":2,"name":"Le Pool de Windsurfer partag\u00e9"}]},{"@type":"WebSite","@id":"https:\/\/www.archipelago.bzh\/#website","url":"https:\/\/www.archipelago.bzh\/","name":"ARCHIPELAGO","description":"Connecter les id\u00e9es et les talents du territoire","publisher":{"@id":"https:\/\/www.archipelago.bzh\/#organization"},"potentialAction":[{"@type":"SearchAction","target":{"@type":"EntryPoint","urlTemplate":"https:\/\/www.archipelago.bzh\/?s={search_term_string}"},"query-input":{"@type":"PropertyValueSpecification","valueRequired":true,"valueName":"search_term_string"}}],"inLanguage":"fr-FR"},{"@type":"Organization","@id":"https:\/\/www.archipelago.bzh\/#organization","name":"ARCHIPELAGO","url":"https:\/\/www.archipelago.bzh\/","logo":{"@type":"ImageObject","inLanguage":"fr-FR","@id":"https:\/\/www.archipelago.bzh\/#\/schema\/logo\/image\/","url":"https:\/\/www.archipelago.bzh\/wp-content\/uploads\/2025\/01\/1706862449330-1.jpeg","contentUrl":"https:\/\/www.archipelago.bzh\/wp-content\/uploads\/2025\/01\/1706862449330-1.jpeg","width":100,"height":100,"caption":"ARCHIPELAGO"},"image":{"@id":"https:\/\/www.archipelago.bzh\/#\/schema\/logo\/image\/"},"sameAs":["https:\/\/www.facebook.com\/ArchipelagoBrest","https:\/\/www.linkedin.com\/company\/archipelagobzh","https:\/\/www.instagram.com\/archipelago.eco"]}]}},"_links":{"self":[{"href":"https:\/\/www.archipelago.bzh\/index.php\/wp-json\/wp\/v2\/pages\/280","targetHints":{"allow":["GET"]}}],"collection":[{"href":"https:\/\/www.archipelago.bzh\/index.php\/wp-json\/wp\/v2\/pages"}],"about":[{"href":"https:\/\/www.archipelago.bzh\/index.php\/wp-json\/wp\/v2\/types\/page"}],"author":[{"embeddable":true,"href":"https:\/\/www.archipelago.bzh\/index.php\/wp-json\/wp\/v2\/users\/1"}],"replies":[{"embeddable":true,"href":"https:\/\/www.archipelago.bzh\/index.php\/wp-json\/wp\/v2\/comments?post=280"}],"version-history":[{"count":5,"href":"https:\/\/www.archipelago.bzh\/index.php\/wp-json\/wp\/v2\/pages\/280\/revisions"}],"predecessor-version":[{"id":655,"href":"https:\/\/www.archipelago.bzh\/index.php\/wp-json\/wp\/v2\/pages\/280\/revisions\/655"}],"wp:attachment":[{"href":"https:\/\/www.archipelago.bzh\/index.php\/wp-json\/wp\/v2\/media?parent=280"}],"curies":[{"name":"wp","href":"https:\/\/api.w.org\/{rel}","templated":true}]}}