{"id":283,"date":"2025-02-04T14:46:55","date_gmt":"2025-02-04T13:46:55","guid":{"rendered":"https:\/\/www.archipelago.bzh\/?page_id=283"},"modified":"2025-02-05T09:33:25","modified_gmt":"2025-02-05T08:33:25","slug":"programme-de-seconde-vie","status":"publish","type":"page","link":"https:\/\/www.archipelago.bzh\/index.php\/programme-de-seconde-vie\/","title":{"rendered":"Programme de seconde vie"},"content":{"rendered":"\n<figure class=\"wp-block-image aligncenter size-large\"><img loading=\"lazy\" decoding=\"async\" width=\"1024\" height=\"683\" src=\"https:\/\/www.archipelago.bzh\/wp-content\/uploads\/2025\/02\/IMG_9389-1024x683.jpg\" alt=\"\" class=\"wp-image-426\" srcset=\"https:\/\/www.archipelago.bzh\/wp-content\/uploads\/2025\/02\/IMG_9389-1024x683.jpg 1024w, https:\/\/www.archipelago.bzh\/wp-content\/uploads\/2025\/02\/IMG_9389-300x200.jpg 300w, https:\/\/www.archipelago.bzh\/wp-content\/uploads\/2025\/02\/IMG_9389-2000x1333.jpg 2000w\" sizes=\"auto, (max-width: 1024px) 100vw, 1024px\" \/><\/figure>\n\n\n\n<p><\/p>\n\n\n\n<p class=\"has-text-align-center\">Archipelago accompagne les jeunes riders passionn\u00e9s mais limit\u00e9s par des contraintes financi\u00e8res <strong>en facilitant le don d\u2019\u00e9quipements fonctionnels<\/strong>.<strong>\u00a0<\/strong>Gr\u00e2ce au\u00a0<strong><a href=\"https:\/\/www.archipelago.bzh\/index.php\/le-boardriding-pass\/\">BoardRiding Pass<\/a><\/strong>\u00a0et au\u00a0Passeport Digital des Produits, nous identifions le mat\u00e9riel disponible et le mettons en relation avec ceux qui en ont besoin.<\/p>\n\n\n\n<p class=\"has-text-align-center\">En partenariat avec\u00a0<strong>clubs, \u00e9coles et associations<\/strong>, nous favorisons non seulement la transmission des \u00e9quipements mais aussi le partage des savoirs. Chaque planche, voile ou foil donn\u00e9 devient une opportunit\u00e9 pour un jeune de progresser et de vivre pleinement sa passion.\u00a0Ensemble, donnons une seconde vie aux \u00e9quipements et ouvrons la voie \u00e0 une glisse plus solidaire et durable !<\/p>\n\n\n\n<div style=\"height:100px\" aria-hidden=\"true\" class=\"wp-block-spacer\"><\/div>\n\n\n\n<p class=\"has-text-align-center\"><strong>Comment rendre cela possible ? <\/strong><\/p>\n\n\n\n<p>Aujourd\u2019hui BoardRiding passe cherche \u00e0 d\u00e9velopper et tester un\u00a0<strong>prototype fonctionnel du Passeport Digital<\/strong>\u00a0avec des entreprises locales qui nous ont accompagn\u00e9 sur la premi\u00e8re phase de recherche &amp; d\u00e9veloppement. Et pour cela, nous avons besoin de votre soutien! Nous avons ouvert une cagnotte\u00a0<strong>Kengo<\/strong>\u00a0pour atteindre nos objectifs mais aussi pour les d\u00e9velopper notre solution &amp; l\u2019appliquer \u00e0 bien d\u2019autres d\u2019autres disciplines des sports outdoor et au-del\u00e0.\u00a0<strong>Chaque palier de collecte<\/strong>\u00a0permettra d\u2019ouvrir le BoardRiding Pass \u00e0 un sport suppl\u00e9mentaire : Wingfoil, Kitesurf, Surf\u2026 Et aussi de d\u00e9velopper tous nos projets annexes tel que le programme de seconde vie et de dons d&rsquo;\u00e9quipements. <\/p>\n\n\n\n<div style=\"height:100px\" aria-hidden=\"true\" class=\"wp-block-spacer\"><\/div>\n\n\n\n<div class=\"wp-block-buttons is-content-justification-center is-layout-flex wp-container-core-buttons-is-layout-a89b3969 wp-block-buttons-is-layout-flex\">\n<div class=\"wp-block-button\"><a class=\"wp-block-button__link wp-element-button\" href=\"https:\/\/kengo.bzh\/projet\/4865\/le-boardriding-pass\">Nous soutenir<\/a><\/div>\n<\/div>\n\n\n\n<div style=\"height:100px\" aria-hidden=\"true\" class=\"wp-block-spacer\"><\/div>\n\n\n\n<ul class=\"wp-block-social-links is-content-justification-center is-layout-flex wp-container-core-social-links-is-layout-a89b3969 wp-block-social-links-is-layout-flex\"><li class=\"wp-social-link wp-social-link-facebook  wp-block-social-link\"><a href=\"https:\/\/www.facebook.com\/ArchipelagoBrest\" class=\"wp-block-social-link-anchor\"><svg width=\"24\" height=\"24\" viewBox=\"0 0 24 24\" version=\"1.1\" xmlns=\"http:\/\/www.w3.org\/2000\/svg\" aria-hidden=\"true\" focusable=\"false\"><path d=\"M12 2C6.5 2 2 6.5 2 12c0 5 3.7 9.1 8.4 9.9v-7H7.9V12h2.5V9.8c0-2.5 1.5-3.9 3.8-3.9 1.1 0 2.2.2 2.2.2v2.5h-1.3c-1.2 0-1.6.8-1.6 1.6V12h2.8l-.4 2.9h-2.3v7C18.3 21.1 22 17 22 12c0-5.5-4.5-10-10-10z\"><\/path><\/svg><span class=\"wp-block-social-link-label screen-reader-text\">Facebook<\/span><\/a><\/li>\n\n<li class=\"wp-social-link wp-social-link-instagram  wp-block-social-link\"><a href=\"https:\/\/www.instagram.com\/archipelago.eco\/#\" class=\"wp-block-social-link-anchor\"><svg width=\"24\" height=\"24\" viewBox=\"0 0 24 24\" version=\"1.1\" xmlns=\"http:\/\/www.w3.org\/2000\/svg\" aria-hidden=\"true\" focusable=\"false\"><path d=\"M12,4.622c2.403,0,2.688,0.009,3.637,0.052c0.877,0.04,1.354,0.187,1.671,0.31c0.42,0.163,0.72,0.358,1.035,0.673 c0.315,0.315,0.51,0.615,0.673,1.035c0.123,0.317,0.27,0.794,0.31,1.671c0.043,0.949,0.052,1.234,0.052,3.637 s-0.009,2.688-0.052,3.637c-0.04,0.877-0.187,1.354-0.31,1.671c-0.163,0.42-0.358,0.72-0.673,1.035 c-0.315,0.315-0.615,0.51-1.035,0.673c-0.317,0.123-0.794,0.27-1.671,0.31c-0.949,0.043-1.233,0.052-3.637,0.052 s-2.688-0.009-3.637-0.052c-0.877-0.04-1.354-0.187-1.671-0.31c-0.42-0.163-0.72-0.358-1.035-0.673 c-0.315-0.315-0.51-0.615-0.673-1.035c-0.123-0.317-0.27-0.794-0.31-1.671C4.631,14.688,4.622,14.403,4.622,12 s0.009-2.688,0.052-3.637c0.04-0.877,0.187-1.354,0.31-1.671c0.163-0.42,0.358-0.72,0.673-1.035 c0.315-0.315,0.615-0.51,1.035-0.673c0.317-0.123,0.794-0.27,1.671-0.31C9.312,4.631,9.597,4.622,12,4.622 M12,3 C9.556,3,9.249,3.01,8.289,3.054C7.331,3.098,6.677,3.25,6.105,3.472C5.513,3.702,5.011,4.01,4.511,4.511 c-0.5,0.5-0.808,1.002-1.038,1.594C3.25,6.677,3.098,7.331,3.054,8.289C3.01,9.249,3,9.556,3,12c0,2.444,0.01,2.751,0.054,3.711 c0.044,0.958,0.196,1.612,0.418,2.185c0.23,0.592,0.538,1.094,1.038,1.594c0.5,0.5,1.002,0.808,1.594,1.038 c0.572,0.222,1.227,0.375,2.185,0.418C9.249,20.99,9.556,21,12,21s2.751-0.01,3.711-0.054c0.958-0.044,1.612-0.196,2.185-0.418 c0.592-0.23,1.094-0.538,1.594-1.038c0.5-0.5,0.808-1.002,1.038-1.594c0.222-0.572,0.375-1.227,0.418-2.185 C20.99,14.751,21,14.444,21,12s-0.01-2.751-0.054-3.711c-0.044-0.958-0.196-1.612-0.418-2.185c-0.23-0.592-0.538-1.094-1.038-1.594 c-0.5-0.5-1.002-0.808-1.594-1.038c-0.572-0.222-1.227-0.375-2.185-0.418C14.751,3.01,14.444,3,12,3L12,3z M12,7.378 c-2.552,0-4.622,2.069-4.622,4.622S9.448,16.622,12,16.622s4.622-2.069,4.622-4.622S14.552,7.378,12,7.378z M12,15 c-1.657,0-3-1.343-3-3s1.343-3,3-3s3,1.343,3,3S13.657,15,12,15z M16.804,6.116c-0.596,0-1.08,0.484-1.08,1.08 s0.484,1.08,1.08,1.08c0.596,0,1.08-0.484,1.08-1.08S17.401,6.116,16.804,6.116z\"><\/path><\/svg><span class=\"wp-block-social-link-label screen-reader-text\">Instagram<\/span><\/a><\/li>\n\n<li class=\"wp-social-link wp-social-link-linkedin  wp-block-social-link\"><a href=\"https:\/\/www.linkedin.com\/company\/archipelagobzh\/\" class=\"wp-block-social-link-anchor\"><svg width=\"24\" height=\"24\" viewBox=\"0 0 24 24\" version=\"1.1\" xmlns=\"http:\/\/www.w3.org\/2000\/svg\" aria-hidden=\"true\" focusable=\"false\"><path d=\"M19.7,3H4.3C3.582,3,3,3.582,3,4.3v15.4C3,20.418,3.582,21,4.3,21h15.4c0.718,0,1.3-0.582,1.3-1.3V4.3 C21,3.582,20.418,3,19.7,3z M8.339,18.338H5.667v-8.59h2.672V18.338z M7.004,8.574c-0.857,0-1.549-0.694-1.549-1.548 c0-0.855,0.691-1.548,1.549-1.548c0.854,0,1.547,0.694,1.547,1.548C8.551,7.881,7.858,8.574,7.004,8.574z M18.339,18.338h-2.669 v-4.177c0-0.996-0.017-2.278-1.387-2.278c-1.389,0-1.601,1.086-1.601,2.206v4.249h-2.667v-8.59h2.559v1.174h0.037 c0.356-0.675,1.227-1.387,2.526-1.387c2.703,0,3.203,1.779,3.203,4.092V18.338z\"><\/path><\/svg><span class=\"wp-block-social-link-label screen-reader-text\">LinkedIn<\/span><\/a><\/li><\/ul>\n\n\n\n<p><\/p>\n","protected":false},"excerpt":{"rendered":"<p>Archipelago accompagne les jeunes riders passionn\u00e9s mais limit\u00e9s par des contraintes financi\u00e8res en facilitant le don d\u2019\u00e9quipements fonctionnels.\u00a0Gr\u00e2ce au\u00a0BoardRiding Pass\u00a0et au\u00a0Passeport Digital des Produits, nous identifions le mat\u00e9riel disponible et le mettons en relation avec ceux qui en ont besoin. En partenariat avec\u00a0clubs, \u00e9coles et associations, nous favorisons non seulement la transmission des \u00e9quipements mais &hellip; <\/p>\n<p class=\"link-more\"><a href=\"https:\/\/www.archipelago.bzh\/index.php\/programme-de-seconde-vie\/\" class=\"more-link\">Lire la suite de<span class=\"screen-reader-text\">\u00ab\u00a0Programme de seconde vie\u00a0\u00bb<\/span><\/a><\/p>\n","protected":false},"author":1,"featured_media":0,"parent":0,"menu_order":0,"comment_status":"closed","ping_status":"closed","template":"","meta":{"inspiro_hide_title":false,"footnotes":""},"class_list":["post-283","page","type-page","status-publish","hentry"],"yoast_head":"<!-- This site is optimized with the Yoast SEO plugin v26.2 - https:\/\/yoast.com\/wordpress\/plugins\/seo\/ -->\n<title>Programme de seconde vie - ARCHIPELAGO<\/title>\n<meta name=\"robots\" content=\"index, follow, max-snippet:-1, max-image-preview:large, max-video-preview:-1\" \/>\n<link rel=\"canonical\" href=\"https:\/\/www.archipelago.bzh\/index.php\/programme-de-seconde-vie\/\" \/>\n<meta property=\"og:locale\" content=\"fr_FR\" \/>\n<meta property=\"og:type\" content=\"article\" \/>\n<meta property=\"og:title\" content=\"Programme de seconde vie - ARCHIPELAGO\" \/>\n<meta property=\"og:description\" content=\"Archipelago accompagne les jeunes riders passionn\u00e9s mais limit\u00e9s par des contraintes financi\u00e8res en facilitant le don d\u2019\u00e9quipements fonctionnels.\u00a0Gr\u00e2ce au\u00a0BoardRiding Pass\u00a0et au\u00a0Passeport Digital des Produits, nous identifions le mat\u00e9riel disponible et le mettons en relation avec ceux qui en ont besoin. En partenariat avec\u00a0clubs, \u00e9coles et associations, nous favorisons non seulement la transmission des \u00e9quipements mais &hellip; Lire la suite de\u00ab\u00a0Programme de seconde vie\u00a0\u00bb\" \/>\n<meta property=\"og:url\" content=\"https:\/\/www.archipelago.bzh\/index.php\/programme-de-seconde-vie\/\" \/>\n<meta property=\"og:site_name\" content=\"ARCHIPELAGO\" \/>\n<meta property=\"article:publisher\" content=\"https:\/\/www.facebook.com\/ArchipelagoBrest\" \/>\n<meta property=\"article:modified_time\" content=\"2025-02-05T08:33:25+00:00\" \/>\n<meta property=\"og:image\" content=\"https:\/\/www.archipelago.bzh\/wp-content\/uploads\/2025\/02\/IMG_9389-scaled.jpg\" \/>\n\t<meta property=\"og:image:width\" content=\"2560\" \/>\n\t<meta property=\"og:image:height\" content=\"1707\" \/>\n\t<meta property=\"og:image:type\" content=\"image\/jpeg\" \/>\n<meta name=\"twitter:card\" content=\"summary_large_image\" \/>\n<meta name=\"twitter:label1\" content=\"Dur\u00e9e de lecture estim\u00e9e\" \/>\n\t<meta name=\"twitter:data1\" content=\"2 minutes\" \/>\n<script type=\"application\/ld+json\" class=\"yoast-schema-graph\">{\"@context\":\"https:\/\/schema.org\",\"@graph\":[{\"@type\":\"WebPage\",\"@id\":\"https:\/\/www.archipelago.bzh\/index.php\/programme-de-seconde-vie\/\",\"url\":\"https:\/\/www.archipelago.bzh\/index.php\/programme-de-seconde-vie\/\",\"name\":\"Programme de seconde vie - ARCHIPELAGO\",\"isPartOf\":{\"@id\":\"https:\/\/www.archipelago.bzh\/#website\"},\"primaryImageOfPage\":{\"@id\":\"https:\/\/www.archipelago.bzh\/index.php\/programme-de-seconde-vie\/#primaryimage\"},\"image\":{\"@id\":\"https:\/\/www.archipelago.bzh\/index.php\/programme-de-seconde-vie\/#primaryimage\"},\"thumbnailUrl\":\"https:\/\/www.archipelago.bzh\/wp-content\/uploads\/2025\/02\/IMG_9389-1024x683.jpg\",\"datePublished\":\"2025-02-04T13:46:55+00:00\",\"dateModified\":\"2025-02-05T08:33:25+00:00\",\"breadcrumb\":{\"@id\":\"https:\/\/www.archipelago.bzh\/index.php\/programme-de-seconde-vie\/#breadcrumb\"},\"inLanguage\":\"fr-FR\",\"potentialAction\":[{\"@type\":\"ReadAction\",\"target\":[\"https:\/\/www.archipelago.bzh\/index.php\/programme-de-seconde-vie\/\"]}]},{\"@type\":\"ImageObject\",\"inLanguage\":\"fr-FR\",\"@id\":\"https:\/\/www.archipelago.bzh\/index.php\/programme-de-seconde-vie\/#primaryimage\",\"url\":\"https:\/\/www.archipelago.bzh\/wp-content\/uploads\/2025\/02\/IMG_9389-scaled.jpg\",\"contentUrl\":\"https:\/\/www.archipelago.bzh\/wp-content\/uploads\/2025\/02\/IMG_9389-scaled.jpg\",\"width\":2560,\"height\":1707},{\"@type\":\"BreadcrumbList\",\"@id\":\"https:\/\/www.archipelago.bzh\/index.php\/programme-de-seconde-vie\/#breadcrumb\",\"itemListElement\":[{\"@type\":\"ListItem\",\"position\":1,\"name\":\"Accueil\",\"item\":\"https:\/\/www.archipelago.bzh\/\"},{\"@type\":\"ListItem\",\"position\":2,\"name\":\"Programme de seconde vie\"}]},{\"@type\":\"WebSite\",\"@id\":\"https:\/\/www.archipelago.bzh\/#website\",\"url\":\"https:\/\/www.archipelago.bzh\/\",\"name\":\"ARCHIPELAGO\",\"description\":\"Connecter les id\u00e9es et les talents du territoire\",\"publisher\":{\"@id\":\"https:\/\/www.archipelago.bzh\/#organization\"},\"potentialAction\":[{\"@type\":\"SearchAction\",\"target\":{\"@type\":\"EntryPoint\",\"urlTemplate\":\"https:\/\/www.archipelago.bzh\/?s={search_term_string}\"},\"query-input\":{\"@type\":\"PropertyValueSpecification\",\"valueRequired\":true,\"valueName\":\"search_term_string\"}}],\"inLanguage\":\"fr-FR\"},{\"@type\":\"Organization\",\"@id\":\"https:\/\/www.archipelago.bzh\/#organization\",\"name\":\"ARCHIPELAGO\",\"url\":\"https:\/\/www.archipelago.bzh\/\",\"logo\":{\"@type\":\"ImageObject\",\"inLanguage\":\"fr-FR\",\"@id\":\"https:\/\/www.archipelago.bzh\/#\/schema\/logo\/image\/\",\"url\":\"https:\/\/www.archipelago.bzh\/wp-content\/uploads\/2025\/01\/1706862449330-1.jpeg\",\"contentUrl\":\"https:\/\/www.archipelago.bzh\/wp-content\/uploads\/2025\/01\/1706862449330-1.jpeg\",\"width\":100,\"height\":100,\"caption\":\"ARCHIPELAGO\"},\"image\":{\"@id\":\"https:\/\/www.archipelago.bzh\/#\/schema\/logo\/image\/\"},\"sameAs\":[\"https:\/\/www.facebook.com\/ArchipelagoBrest\",\"https:\/\/www.linkedin.com\/company\/archipelagobzh\",\"https:\/\/www.instagram.com\/archipelago.eco\"]}]}<\/script>\n<!-- \/ Yoast SEO plugin. -->","yoast_head_json":{"title":"Programme de seconde vie - ARCHIPELAGO","robots":{"index":"index","follow":"follow","max-snippet":"max-snippet:-1","max-image-preview":"max-image-preview:large","max-video-preview":"max-video-preview:-1"},"canonical":"https:\/\/www.archipelago.bzh\/index.php\/programme-de-seconde-vie\/","og_locale":"fr_FR","og_type":"article","og_title":"Programme de seconde vie - ARCHIPELAGO","og_description":"Archipelago accompagne les jeunes riders passionn\u00e9s mais limit\u00e9s par des contraintes financi\u00e8res en facilitant le don d\u2019\u00e9quipements fonctionnels.\u00a0Gr\u00e2ce au\u00a0BoardRiding Pass\u00a0et au\u00a0Passeport Digital des Produits, nous identifions le mat\u00e9riel disponible et le mettons en relation avec ceux qui en ont besoin. En partenariat avec\u00a0clubs, \u00e9coles et associations, nous favorisons non seulement la transmission des \u00e9quipements mais &hellip; Lire la suite de\u00ab\u00a0Programme de seconde vie\u00a0\u00bb","og_url":"https:\/\/www.archipelago.bzh\/index.php\/programme-de-seconde-vie\/","og_site_name":"ARCHIPELAGO","article_publisher":"https:\/\/www.facebook.com\/ArchipelagoBrest","article_modified_time":"2025-02-05T08:33:25+00:00","og_image":[{"width":2560,"height":1707,"url":"https:\/\/www.archipelago.bzh\/wp-content\/uploads\/2025\/02\/IMG_9389-scaled.jpg","type":"image\/jpeg"}],"twitter_card":"summary_large_image","twitter_misc":{"Dur\u00e9e de lecture estim\u00e9e":"2 minutes"},"schema":{"@context":"https:\/\/schema.org","@graph":[{"@type":"WebPage","@id":"https:\/\/www.archipelago.bzh\/index.php\/programme-de-seconde-vie\/","url":"https:\/\/www.archipelago.bzh\/index.php\/programme-de-seconde-vie\/","name":"Programme de seconde vie - ARCHIPELAGO","isPartOf":{"@id":"https:\/\/www.archipelago.bzh\/#website"},"primaryImageOfPage":{"@id":"https:\/\/www.archipelago.bzh\/index.php\/programme-de-seconde-vie\/#primaryimage"},"image":{"@id":"https:\/\/www.archipelago.bzh\/index.php\/programme-de-seconde-vie\/#primaryimage"},"thumbnailUrl":"https:\/\/www.archipelago.bzh\/wp-content\/uploads\/2025\/02\/IMG_9389-1024x683.jpg","datePublished":"2025-02-04T13:46:55+00:00","dateModified":"2025-02-05T08:33:25+00:00","breadcrumb":{"@id":"https:\/\/www.archipelago.bzh\/index.php\/programme-de-seconde-vie\/#breadcrumb"},"inLanguage":"fr-FR","potentialAction":[{"@type":"ReadAction","target":["https:\/\/www.archipelago.bzh\/index.php\/programme-de-seconde-vie\/"]}]},{"@type":"ImageObject","inLanguage":"fr-FR","@id":"https:\/\/www.archipelago.bzh\/index.php\/programme-de-seconde-vie\/#primaryimage","url":"https:\/\/www.archipelago.bzh\/wp-content\/uploads\/2025\/02\/IMG_9389-scaled.jpg","contentUrl":"https:\/\/www.archipelago.bzh\/wp-content\/uploads\/2025\/02\/IMG_9389-scaled.jpg","width":2560,"height":1707},{"@type":"BreadcrumbList","@id":"https:\/\/www.archipelago.bzh\/index.php\/programme-de-seconde-vie\/#breadcrumb","itemListElement":[{"@type":"ListItem","position":1,"name":"Accueil","item":"https:\/\/www.archipelago.bzh\/"},{"@type":"ListItem","position":2,"name":"Programme de seconde vie"}]},{"@type":"WebSite","@id":"https:\/\/www.archipelago.bzh\/#website","url":"https:\/\/www.archipelago.bzh\/","name":"ARCHIPELAGO","description":"Connecter les id\u00e9es et les talents du territoire","publisher":{"@id":"https:\/\/www.archipelago.bzh\/#organization"},"potentialAction":[{"@type":"SearchAction","target":{"@type":"EntryPoint","urlTemplate":"https:\/\/www.archipelago.bzh\/?s={search_term_string}"},"query-input":{"@type":"PropertyValueSpecification","valueRequired":true,"valueName":"search_term_string"}}],"inLanguage":"fr-FR"},{"@type":"Organization","@id":"https:\/\/www.archipelago.bzh\/#organization","name":"ARCHIPELAGO","url":"https:\/\/www.archipelago.bzh\/","logo":{"@type":"ImageObject","inLanguage":"fr-FR","@id":"https:\/\/www.archipelago.bzh\/#\/schema\/logo\/image\/","url":"https:\/\/www.archipelago.bzh\/wp-content\/uploads\/2025\/01\/1706862449330-1.jpeg","contentUrl":"https:\/\/www.archipelago.bzh\/wp-content\/uploads\/2025\/01\/1706862449330-1.jpeg","width":100,"height":100,"caption":"ARCHIPELAGO"},"image":{"@id":"https:\/\/www.archipelago.bzh\/#\/schema\/logo\/image\/"},"sameAs":["https:\/\/www.facebook.com\/ArchipelagoBrest","https:\/\/www.linkedin.com\/company\/archipelagobzh","https:\/\/www.instagram.com\/archipelago.eco"]}]}},"_links":{"self":[{"href":"https:\/\/www.archipelago.bzh\/index.php\/wp-json\/wp\/v2\/pages\/283","targetHints":{"allow":["GET"]}}],"collection":[{"href":"https:\/\/www.archipelago.bzh\/index.php\/wp-json\/wp\/v2\/pages"}],"about":[{"href":"https:\/\/www.archipelago.bzh\/index.php\/wp-json\/wp\/v2\/types\/page"}],"author":[{"embeddable":true,"href":"https:\/\/www.archipelago.bzh\/index.php\/wp-json\/wp\/v2\/users\/1"}],"replies":[{"embeddable":true,"href":"https:\/\/www.archipelago.bzh\/index.php\/wp-json\/wp\/v2\/comments?post=283"}],"version-history":[{"count":3,"href":"https:\/\/www.archipelago.bzh\/index.php\/wp-json\/wp\/v2\/pages\/283\/revisions"}],"predecessor-version":[{"id":429,"href":"https:\/\/www.archipelago.bzh\/index.php\/wp-json\/wp\/v2\/pages\/283\/revisions\/429"}],"wp:attachment":[{"href":"https:\/\/www.archipelago.bzh\/index.php\/wp-json\/wp\/v2\/media?parent=283"}],"curies":[{"name":"wp","href":"https:\/\/api.w.org\/{rel}","templated":true}]}}