{"id":292,"date":"2025-02-04T14:54:42","date_gmt":"2025-02-04T13:54:42","guid":{"rendered":"https:\/\/www.archipelago.bzh\/?page_id=292"},"modified":"2025-02-05T09:57:03","modified_gmt":"2025-02-05T08:57:03","slug":"u-ride","status":"publish","type":"page","link":"https:\/\/www.archipelago.bzh\/index.php\/u-ride\/","title":{"rendered":"U-Ride"},"content":{"rendered":"\n<div style=\"height:100px\" aria-hidden=\"true\" class=\"wp-block-spacer\"><\/div>\n\n\n\n<figure class=\"wp-block-image aligncenter size-large is-resized\"><img loading=\"lazy\" decoding=\"async\" width=\"1024\" height=\"1024\" src=\"https:\/\/www.archipelago.bzh\/wp-content\/uploads\/2025\/02\/uride-02-1-1024x1024.png\" alt=\"\" class=\"wp-image-433\" style=\"width:396px;height:auto\" srcset=\"https:\/\/www.archipelago.bzh\/wp-content\/uploads\/2025\/02\/uride-02-1-1024x1024.png 1024w, https:\/\/www.archipelago.bzh\/wp-content\/uploads\/2025\/02\/uride-02-1-300x300.png 300w, https:\/\/www.archipelago.bzh\/wp-content\/uploads\/2025\/02\/uride-02-1-150x150.png 150w, https:\/\/www.archipelago.bzh\/wp-content\/uploads\/2025\/02\/uride-02-1-2000x2000.png 2000w\" sizes=\"auto, (max-width: 1024px) 100vw, 1024px\" \/><\/figure>\n\n\n\n<p class=\"has-text-align-center\"><strong>U-ride.net : La plateforme des passionn\u00e9s de windsurf :&nbsp;<\/strong>U-ride.net est une communaut\u00e9 en ligne d\u00e9di\u00e9e aux amateurs et experts de windsurf, cr\u00e9\u00e9e pour partager une passion commune pour ce sport de glisse captivant. Que vous soyez rider d\u00e9butant ou chevronn\u00e9, U-ride.net est votre destination incontournable pour rester connect\u00e9 \u00e0 l&rsquo;univers du windsurf.<\/p>\n\n\n\n<p class=\"has-text-align-center\"><strong>Une mine d&rsquo;informations et de ressources :&nbsp;<\/strong>Sur U-ride.net, vous trouverez toutes les actualit\u00e9s essentielles : les derni\u00e8res tendances, les nouveaut\u00e9s en mati\u00e8re de mat\u00e9riel, les comp\u00e9titions, et les \u00e9v\u00e9nements autour du windsurf. Nos articles et contenus \u00e9ditoriaux sont con\u00e7us pour r\u00e9pondre \u00e0 vos questions, vous inspirer, et vous tenir inform\u00e9 des \u00e9volutions de la discipline.<\/p>\n\n\n\n<p class=\"has-text-align-center\"><strong>Un espace d&rsquo;\u00e9change et de partage :&nbsp;<\/strong>&nbsp;Le forum U-ride est le c\u0153ur de notre plateforme. Il permet aux membres de poser des questions, d&rsquo;\u00e9changer des conseils techniques, de partager leurs exp\u00e9riences, et de discuter de tout ce qui touche au windsurf. Qu&rsquo;il s&rsquo;agisse de spots, de sessions m\u00e9morables ou de r\u00e9glages d&rsquo;\u00e9quipement, notre communaut\u00e9 est l\u00e0 pour vous accompagner.<\/p>\n\n\n\n<p class=\"has-text-align-center\"><strong>Des outils pratiques pour tous les riders :&nbsp;<\/strong>En plus des discussions et des actualit\u00e9s, U-ride.net propose une section d\u00e9di\u00e9e aux petites annonces, o\u00f9 vous pouvez acheter, vendre ou \u00e9changer du mat\u00e9riel en toute simplicit\u00e9. Notre plateforme h\u00e9berge \u00e9galement une galerie de vid\u00e9os et photos qui immortalisent les moments magiques sur l\u2019eau.<\/p>\n\n\n\n<div style=\"height:100px\" aria-hidden=\"true\" class=\"wp-block-spacer\"><\/div>\n\n\n\n<div class=\"wp-block-buttons is-content-justification-center is-layout-flex wp-container-core-buttons-is-layout-a89b3969 wp-block-buttons-is-layout-flex\">\n<div class=\"wp-block-button\"><a class=\"wp-block-button__link wp-element-button\" href=\"https:\/\/u-ride.net\/\">D\u00e9couvrir U-ride<\/a><\/div>\n<\/div>\n\n\n\n<div style=\"height:100px\" aria-hidden=\"true\" class=\"wp-block-spacer\"><\/div>\n\n\n\n<p><\/p>\n","protected":false},"excerpt":{"rendered":"<p>U-ride.net : La plateforme des passionn\u00e9s de windsurf :&nbsp;U-ride.net est une communaut\u00e9 en ligne d\u00e9di\u00e9e aux amateurs et experts de windsurf, cr\u00e9\u00e9e pour partager une passion commune pour ce sport de glisse captivant. Que vous soyez rider d\u00e9butant ou chevronn\u00e9, U-ride.net est votre destination incontournable pour rester connect\u00e9 \u00e0 l&rsquo;univers du windsurf. Une mine d&rsquo;informations &hellip; <\/p>\n<p class=\"link-more\"><a href=\"https:\/\/www.archipelago.bzh\/index.php\/u-ride\/\" class=\"more-link\">Lire la suite de<span class=\"screen-reader-text\">\u00ab\u00a0U-Ride\u00a0\u00bb<\/span><\/a><\/p>\n","protected":false},"author":1,"featured_media":0,"parent":0,"menu_order":0,"comment_status":"closed","ping_status":"closed","template":"","meta":{"inspiro_hide_title":false,"footnotes":""},"class_list":["post-292","page","type-page","status-publish","hentry"],"yoast_head":"<!-- This site is optimized with the Yoast SEO plugin v26.2 - https:\/\/yoast.com\/wordpress\/plugins\/seo\/ -->\n<title>U-Ride - ARCHIPELAGO<\/title>\n<meta name=\"robots\" content=\"index, follow, max-snippet:-1, max-image-preview:large, max-video-preview:-1\" \/>\n<link rel=\"canonical\" href=\"https:\/\/www.archipelago.bzh\/index.php\/u-ride\/\" \/>\n<meta property=\"og:locale\" content=\"fr_FR\" \/>\n<meta property=\"og:type\" content=\"article\" \/>\n<meta property=\"og:title\" content=\"U-Ride - ARCHIPELAGO\" \/>\n<meta property=\"og:description\" content=\"U-ride.net : La plateforme des passionn\u00e9s de windsurf :&nbsp;U-ride.net est une communaut\u00e9 en ligne d\u00e9di\u00e9e aux amateurs et experts de windsurf, cr\u00e9\u00e9e pour partager une passion commune pour ce sport de glisse captivant. Que vous soyez rider d\u00e9butant ou chevronn\u00e9, U-ride.net est votre destination incontournable pour rester connect\u00e9 \u00e0 l&rsquo;univers du windsurf. Une mine d&rsquo;informations &hellip; Lire la suite de\u00ab\u00a0U-Ride\u00a0\u00bb\" \/>\n<meta property=\"og:url\" content=\"https:\/\/www.archipelago.bzh\/index.php\/u-ride\/\" \/>\n<meta property=\"og:site_name\" content=\"ARCHIPELAGO\" \/>\n<meta property=\"article:publisher\" content=\"https:\/\/www.facebook.com\/ArchipelagoBrest\" \/>\n<meta property=\"article:modified_time\" content=\"2025-02-05T08:57:03+00:00\" \/>\n<meta property=\"og:image\" content=\"https:\/\/www.archipelago.bzh\/wp-content\/uploads\/2025\/02\/uride-02-1.png\" \/>\n\t<meta property=\"og:image:width\" content=\"2084\" \/>\n\t<meta property=\"og:image:height\" content=\"2084\" \/>\n\t<meta property=\"og:image:type\" content=\"image\/png\" \/>\n<meta name=\"twitter:card\" content=\"summary_large_image\" \/>\n<meta name=\"twitter:label1\" content=\"Dur\u00e9e de lecture estim\u00e9e\" \/>\n\t<meta name=\"twitter:data1\" content=\"2 minutes\" \/>\n<script type=\"application\/ld+json\" class=\"yoast-schema-graph\">{\"@context\":\"https:\/\/schema.org\",\"@graph\":[{\"@type\":\"WebPage\",\"@id\":\"https:\/\/www.archipelago.bzh\/index.php\/u-ride\/\",\"url\":\"https:\/\/www.archipelago.bzh\/index.php\/u-ride\/\",\"name\":\"U-Ride - ARCHIPELAGO\",\"isPartOf\":{\"@id\":\"https:\/\/www.archipelago.bzh\/#website\"},\"primaryImageOfPage\":{\"@id\":\"https:\/\/www.archipelago.bzh\/index.php\/u-ride\/#primaryimage\"},\"image\":{\"@id\":\"https:\/\/www.archipelago.bzh\/index.php\/u-ride\/#primaryimage\"},\"thumbnailUrl\":\"https:\/\/www.archipelago.bzh\/wp-content\/uploads\/2025\/02\/uride-02-1-1024x1024.png\",\"datePublished\":\"2025-02-04T13:54:42+00:00\",\"dateModified\":\"2025-02-05T08:57:03+00:00\",\"breadcrumb\":{\"@id\":\"https:\/\/www.archipelago.bzh\/index.php\/u-ride\/#breadcrumb\"},\"inLanguage\":\"fr-FR\",\"potentialAction\":[{\"@type\":\"ReadAction\",\"target\":[\"https:\/\/www.archipelago.bzh\/index.php\/u-ride\/\"]}]},{\"@type\":\"ImageObject\",\"inLanguage\":\"fr-FR\",\"@id\":\"https:\/\/www.archipelago.bzh\/index.php\/u-ride\/#primaryimage\",\"url\":\"https:\/\/www.archipelago.bzh\/wp-content\/uploads\/2025\/02\/uride-02-1.png\",\"contentUrl\":\"https:\/\/www.archipelago.bzh\/wp-content\/uploads\/2025\/02\/uride-02-1.png\",\"width\":2084,\"height\":2084},{\"@type\":\"BreadcrumbList\",\"@id\":\"https:\/\/www.archipelago.bzh\/index.php\/u-ride\/#breadcrumb\",\"itemListElement\":[{\"@type\":\"ListItem\",\"position\":1,\"name\":\"Accueil\",\"item\":\"https:\/\/www.archipelago.bzh\/\"},{\"@type\":\"ListItem\",\"position\":2,\"name\":\"U-Ride\"}]},{\"@type\":\"WebSite\",\"@id\":\"https:\/\/www.archipelago.bzh\/#website\",\"url\":\"https:\/\/www.archipelago.bzh\/\",\"name\":\"ARCHIPELAGO\",\"description\":\"Connecter les id\u00e9es et les talents du territoire\",\"publisher\":{\"@id\":\"https:\/\/www.archipelago.bzh\/#organization\"},\"potentialAction\":[{\"@type\":\"SearchAction\",\"target\":{\"@type\":\"EntryPoint\",\"urlTemplate\":\"https:\/\/www.archipelago.bzh\/?s={search_term_string}\"},\"query-input\":{\"@type\":\"PropertyValueSpecification\",\"valueRequired\":true,\"valueName\":\"search_term_string\"}}],\"inLanguage\":\"fr-FR\"},{\"@type\":\"Organization\",\"@id\":\"https:\/\/www.archipelago.bzh\/#organization\",\"name\":\"ARCHIPELAGO\",\"url\":\"https:\/\/www.archipelago.bzh\/\",\"logo\":{\"@type\":\"ImageObject\",\"inLanguage\":\"fr-FR\",\"@id\":\"https:\/\/www.archipelago.bzh\/#\/schema\/logo\/image\/\",\"url\":\"https:\/\/www.archipelago.bzh\/wp-content\/uploads\/2025\/01\/1706862449330-1.jpeg\",\"contentUrl\":\"https:\/\/www.archipelago.bzh\/wp-content\/uploads\/2025\/01\/1706862449330-1.jpeg\",\"width\":100,\"height\":100,\"caption\":\"ARCHIPELAGO\"},\"image\":{\"@id\":\"https:\/\/www.archipelago.bzh\/#\/schema\/logo\/image\/\"},\"sameAs\":[\"https:\/\/www.facebook.com\/ArchipelagoBrest\",\"https:\/\/www.linkedin.com\/company\/archipelagobzh\",\"https:\/\/www.instagram.com\/archipelago.eco\"]}]}<\/script>\n<!-- \/ Yoast SEO plugin. -->","yoast_head_json":{"title":"U-Ride - ARCHIPELAGO","robots":{"index":"index","follow":"follow","max-snippet":"max-snippet:-1","max-image-preview":"max-image-preview:large","max-video-preview":"max-video-preview:-1"},"canonical":"https:\/\/www.archipelago.bzh\/index.php\/u-ride\/","og_locale":"fr_FR","og_type":"article","og_title":"U-Ride - ARCHIPELAGO","og_description":"U-ride.net : La plateforme des passionn\u00e9s de windsurf :&nbsp;U-ride.net est une communaut\u00e9 en ligne d\u00e9di\u00e9e aux amateurs et experts de windsurf, cr\u00e9\u00e9e pour partager une passion commune pour ce sport de glisse captivant. Que vous soyez rider d\u00e9butant ou chevronn\u00e9, U-ride.net est votre destination incontournable pour rester connect\u00e9 \u00e0 l&rsquo;univers du windsurf. Une mine d&rsquo;informations &hellip; Lire la suite de\u00ab\u00a0U-Ride\u00a0\u00bb","og_url":"https:\/\/www.archipelago.bzh\/index.php\/u-ride\/","og_site_name":"ARCHIPELAGO","article_publisher":"https:\/\/www.facebook.com\/ArchipelagoBrest","article_modified_time":"2025-02-05T08:57:03+00:00","og_image":[{"width":2084,"height":2084,"url":"https:\/\/www.archipelago.bzh\/wp-content\/uploads\/2025\/02\/uride-02-1.png","type":"image\/png"}],"twitter_card":"summary_large_image","twitter_misc":{"Dur\u00e9e de lecture estim\u00e9e":"2 minutes"},"schema":{"@context":"https:\/\/schema.org","@graph":[{"@type":"WebPage","@id":"https:\/\/www.archipelago.bzh\/index.php\/u-ride\/","url":"https:\/\/www.archipelago.bzh\/index.php\/u-ride\/","name":"U-Ride - ARCHIPELAGO","isPartOf":{"@id":"https:\/\/www.archipelago.bzh\/#website"},"primaryImageOfPage":{"@id":"https:\/\/www.archipelago.bzh\/index.php\/u-ride\/#primaryimage"},"image":{"@id":"https:\/\/www.archipelago.bzh\/index.php\/u-ride\/#primaryimage"},"thumbnailUrl":"https:\/\/www.archipelago.bzh\/wp-content\/uploads\/2025\/02\/uride-02-1-1024x1024.png","datePublished":"2025-02-04T13:54:42+00:00","dateModified":"2025-02-05T08:57:03+00:00","breadcrumb":{"@id":"https:\/\/www.archipelago.bzh\/index.php\/u-ride\/#breadcrumb"},"inLanguage":"fr-FR","potentialAction":[{"@type":"ReadAction","target":["https:\/\/www.archipelago.bzh\/index.php\/u-ride\/"]}]},{"@type":"ImageObject","inLanguage":"fr-FR","@id":"https:\/\/www.archipelago.bzh\/index.php\/u-ride\/#primaryimage","url":"https:\/\/www.archipelago.bzh\/wp-content\/uploads\/2025\/02\/uride-02-1.png","contentUrl":"https:\/\/www.archipelago.bzh\/wp-content\/uploads\/2025\/02\/uride-02-1.png","width":2084,"height":2084},{"@type":"BreadcrumbList","@id":"https:\/\/www.archipelago.bzh\/index.php\/u-ride\/#breadcrumb","itemListElement":[{"@type":"ListItem","position":1,"name":"Accueil","item":"https:\/\/www.archipelago.bzh\/"},{"@type":"ListItem","position":2,"name":"U-Ride"}]},{"@type":"WebSite","@id":"https:\/\/www.archipelago.bzh\/#website","url":"https:\/\/www.archipelago.bzh\/","name":"ARCHIPELAGO","description":"Connecter les id\u00e9es et les talents du territoire","publisher":{"@id":"https:\/\/www.archipelago.bzh\/#organization"},"potentialAction":[{"@type":"SearchAction","target":{"@type":"EntryPoint","urlTemplate":"https:\/\/www.archipelago.bzh\/?s={search_term_string}"},"query-input":{"@type":"PropertyValueSpecification","valueRequired":true,"valueName":"search_term_string"}}],"inLanguage":"fr-FR"},{"@type":"Organization","@id":"https:\/\/www.archipelago.bzh\/#organization","name":"ARCHIPELAGO","url":"https:\/\/www.archipelago.bzh\/","logo":{"@type":"ImageObject","inLanguage":"fr-FR","@id":"https:\/\/www.archipelago.bzh\/#\/schema\/logo\/image\/","url":"https:\/\/www.archipelago.bzh\/wp-content\/uploads\/2025\/01\/1706862449330-1.jpeg","contentUrl":"https:\/\/www.archipelago.bzh\/wp-content\/uploads\/2025\/01\/1706862449330-1.jpeg","width":100,"height":100,"caption":"ARCHIPELAGO"},"image":{"@id":"https:\/\/www.archipelago.bzh\/#\/schema\/logo\/image\/"},"sameAs":["https:\/\/www.facebook.com\/ArchipelagoBrest","https:\/\/www.linkedin.com\/company\/archipelagobzh","https:\/\/www.instagram.com\/archipelago.eco"]}]}},"_links":{"self":[{"href":"https:\/\/www.archipelago.bzh\/index.php\/wp-json\/wp\/v2\/pages\/292","targetHints":{"allow":["GET"]}}],"collection":[{"href":"https:\/\/www.archipelago.bzh\/index.php\/wp-json\/wp\/v2\/pages"}],"about":[{"href":"https:\/\/www.archipelago.bzh\/index.php\/wp-json\/wp\/v2\/types\/page"}],"author":[{"embeddable":true,"href":"https:\/\/www.archipelago.bzh\/index.php\/wp-json\/wp\/v2\/users\/1"}],"replies":[{"embeddable":true,"href":"https:\/\/www.archipelago.bzh\/index.php\/wp-json\/wp\/v2\/comments?post=292"}],"version-history":[{"count":3,"href":"https:\/\/www.archipelago.bzh\/index.php\/wp-json\/wp\/v2\/pages\/292\/revisions"}],"predecessor-version":[{"id":435,"href":"https:\/\/www.archipelago.bzh\/index.php\/wp-json\/wp\/v2\/pages\/292\/revisions\/435"}],"wp:attachment":[{"href":"https:\/\/www.archipelago.bzh\/index.php\/wp-json\/wp\/v2\/media?parent=292"}],"curies":[{"name":"wp","href":"https:\/\/api.w.org\/{rel}","templated":true}]}}