{"id":294,"date":"2025-02-04T14:55:02","date_gmt":"2025-02-04T13:55:02","guid":{"rendered":"https:\/\/www.archipelago.bzh\/?page_id=294"},"modified":"2025-02-05T17:10:36","modified_gmt":"2025-02-05T16:10:36","slug":"rent-me-buy-me","status":"publish","type":"page","link":"https:\/\/www.archipelago.bzh\/index.php\/rent-me-buy-me\/","title":{"rendered":"Rent Me, Buy.Me"},"content":{"rendered":"\n<h1 style=\"text-align: center;\"><img\nsrc=\"https:\/\/www.swelladdiction.com\/img\/cms\/location\/Sans%20titre-3.jpg\"\nwidth=\"300\" height=\"300\" style=\"float: left;\" alt=\"Calque 2.png\" \/><\/h1>\n<p><br \/><br \/><\/p>\n<p><br \/><br \/><\/p>\n<h1><span style=\"color: #6f7f91;\"><strong>SwellAddiction : Rent Me,\nBuy.Me !<\/strong> <\/span><\/h1>\n<p><br \/><br \/><\/p>\n<h2><span style=\"color: #6f7f91;\">R\u00e9servez en quelques clics votre\n<strong>location de mat\u00e9riel de Windsurf, Wingfoil, Surf ou Stand Up\nPaddle \u00e0 Brest.<\/strong><\/span><\/h2>\n<p><\/p>\n<table style=\"height: 724px; border-collapse: collapse; width: 1250px;\"\nwidth=\"836\" cellspacing=\"10\" cellpadding=\"8\" border=\"0\"><colgroup><col\nstyle=\"width: 209pt;\" width=\"209\" span=\"2\" \/><\/colgroup>\n<tbody>\n<tr>\n<td>\n<p><span style=\"color: #4f606f;\"><strong>Louez ponctuellement ou pour\nvos vacances.<\/strong><\/span><\/p>\n<p><span style=\"color: #4f606f;\">D&rsquo;une journ\u00e9e \u00e0 une semaine, compl\u00e9tez\nvotre quiver pour ne louper aucune occasion d&rsquo;aller \u00e0 l&rsquo;eau.Vous avez\nvid\u00e9 votre garage pour vous lancer \u00e0 corps perdu sur le Wingfoil mais\nune belle session de windsurf se profile, pas de panique !<\/span><\/p>\n<p><\/p>\n<p><span style=\"color: #4f606f;\"><strong>Partagez votre passion avec vos\nami.e.s.<\/strong><\/span><\/p>\n<p><span style=\"color: #4f606f;\">Vous souhaitez partager une session\navec une personne qui d\u00e9bute, mais vous n&rsquo;avez pas le mat\u00e9riel adapt\u00e9.\nPas de panique, louez le bon matos pour lui donner les meilleurs chances\nd&rsquo;accrocher !<\/span><\/p>\n<p><\/p>\n<p><span style=\"color: #4f606f;\"><strong>Testez du mat\u00e9riel de l&rsquo;ann\u00e9e\navant d&rsquo;acheter.<\/strong><\/span><\/p>\n<p><span style=\"color: #4f606f;\">Pour faire le bon choix, rien de tel\nque profiter de notre large parc de mat\u00e9riel pour d\u00e9couvrir les\nderni\u00e8res nouveaut\u00e9s.<\/span><\/p>\n<p><span style=\"color: #4f606f;\">Notre \u00e9quipe vous accompagne sur une\ns\u00e9lection de mat\u00e9riel adapt\u00e9, et le test permet d&rsquo;affiner nos conseils\net de vous apporter la meilleure garantie que vous achetez en toute\ns\u00e9r\u00e9nit\u00e9.<\/span><\/p>\n<\/td>\n<td><img\nsrc=\"https:\/\/www.swelladdiction.com\/img\/cms\/location\/loc%20wind%20wing%20sup%20surf.jpg\"\nwidth=\"2000\" height=\"1422\" alt=\"loc wind wing sup surf.jpg\" \/><\/td>\n<\/tr>\n<\/tbody>\n<\/table>\n<p><img\nsrc=\"https:\/\/www.swelladdiction.com\/img\/cms\/location\/rent%20me%20buy%20me%20infographie%20web-02.png\"\nwidth=\"1920\" height=\"1081\"\nalt=\"rent%20me%20buy%20me%20infographie%20web-02.png\" \/><\/p>\n<p><br \/><br \/><\/p>\n<p><span style=\"color: #4f606f;\"><strong>Avec Rent Me, Buy.Me le montant\nde l&rsquo;ensemble de vos locations est d\u00e9duit lors de votre prochain\nachat.<\/strong><\/span><\/p>\n<p><span style=\"color: #4f606f;\">Par exemple, vous souhaitez changer de\nsurf et ainsi essayer diff\u00e9rents shapes accompagner votre r\u00e9flexion et\nfinaliser votre choix. Vous louez 3 surfs diff\u00e9rents pour un montant\ntotal de 87 \u20ac (hors options \/ assurance) pour trouver le surf qui vous\ncorrespond. Ces 87 \u20ac sont d\u00e9duits de l&rsquo;achat de votre nouvelle planche\nneuve &#8230; et vous \u00eates ainsi s\u00fbr d&rsquo;avoir fait le bon choix !<\/span><\/p>\n<p><br \/><br \/><\/p>\n<h3 style=\"text-align: center;\"><span style=\"color: #4f606f;\">Le\nMat\u00e9riel<\/span><\/h3>\n<p><br \/><br \/><\/p>\n<table>\n<tbody>\n<tr>\n<td><img\nsrc=\"https:\/\/www.swelladdiction.com\/img\/cms\/location\/location_wing.png\"\nalt=\"\" width=\"1170\" height=\"780\" \/><\/td>\n<td><img\nsrc=\"https:\/\/www.swelladdiction.com\/img\/cms\/location\/location_sup.png\"\nalt=\"\" width=\"1170\" height=\"780\" \/><\/td>\n<\/tr>\n<tr>\n<td><img\nsrc=\"https:\/\/www.swelladdiction.com\/img\/cms\/location\/espace-location.png\"\nalt=\"\" width=\"1170\" height=\"780\" \/><\/td>\n<td><img\nsrc=\"https:\/\/www.swelladdiction.com\/img\/cms\/location\/location%20windsurf%20copie.png\"\nalt=\"\" width=\"1170\" height=\"780\" \/><\/td>\n<\/tr>\n<\/tbody>\n<\/table>\n<p><br \/><br \/><\/p>\n<p><\/p>\n<h3 style=\"text-align: center;\"><span style=\"color:\n#4f606f;\">Tarifs<\/span><\/h3>\n<p style=\"text-align: center;\"><span style=\"text-decoration:\nunderline;\"><a\nhref=\"https:\/\/www.swelladdiction.com\/img\/cms\/location\/tarifs%20location.pdf\"\ntarget=\"_blank\" class=\"btn btn-default\" rel=\"noreferrer\nnoopener\">Consultez les tarifs en cliquant ici<\/a><\/span><br \/><br \/><br\n\/><\/p>\n<h3 style=\"text-align: left;\"><span style=\"color: #4f606f;\">POUR\nR\u00c9SERVER<img\nsrc=\"https:\/\/www.swelladdiction.com\/img\/cms\/location\/Calque%201.png\"\nwidth=\"150\" height=\"54\" alt=\"Calque%201.png\" style=\"float: right;\"\n\/><\/span><\/h3>\n<p style=\"text-align: left;\"><br \/><span style=\"color: #4f606f;\">Pas de\npaperasse ni de temps perdu, tout se pr\u00e9pare en ligne ! <br \/>On vous\naccueille ensuite en magasin, 100 % du temps est consacr\u00e9 au conseil et\n\u00e0 la prise en main du mat\u00e9riel. <br \/><br \/><\/span><span style=\"color:\n#4f606f;\">1\ufe0f\u20e3 &#8211; S\u00e9lectionnez vos dates &#038; heures de location<\/span><\/p>\n<p style=\"text-align: left;\"><span style=\"color: #4f606f;\">2\ufe0f\u20e3 &#8211;\nChoisissez le matos souhait\u00e9<\/span><\/p>\n<p style=\"text-align: left;\"><span style=\"color: #4f606f;\">3\ufe0f\u20e3 &#8211;\nSaisissez vos coordonn\u00e9es<\/span><\/p>\n<p style=\"text-align: left;\"><span style=\"color: #4f606f;\">4\ufe0f\u20e3 &#8211; Validez\net proc\u00e9dez au paiement et au d\u00e9p\u00f4t de garantie<\/span><\/p>\n<p style=\"text-align: center;\"><br \/><br \/><span style=\"text-decoration:\nunderline;\"><a href=\"https:\/\/swelladdiction.lokki.rent\/\" target=\"_blank\"\nclass=\"btn btn-default\" rel=\"noreferrer noopener\">R\u00e9servez\nmaintenant<\/a><\/span><\/p>\n<h3 style=\"text-align: center;\"><iframe width=\"1170\" height=\"780\"\nsrc=\"https:\/\/www.youtube.com\/embed\/PXSvOcrsI9g?si=VuiKziGH3GeV96kj\"\ntitle=\"YouTube video player\" frameborder=\"0\"><\/iframe><\/h3>\n<p><br \/><br \/><\/p>\n<h3 style=\"text-align: center;\"><br \/><span style=\"color:\n#4f606f;\">Caution &#038; Assurance<\/span><br \/><br \/><span style=\"color:\n#4f606f;\"><\/span><\/h3>\n<p style=\"text-align: center;\"><span style=\"color: #4f606f;\"><br \/><br\n\/><\/span><span style=\"color: #4f606f;\">La caution repr\u00e9sente un\npourcentage de la valeur du mat\u00e9riel.<br \/>Elle est restitu\u00e9e \u00e0 la fin\nde la location apr\u00e8s un \u00e9tat des lieux du mat\u00e9riel valid\u00e9.<br \/>En cas\nde dommage ou perte du mat\u00e9riel, elle peut \u00eatre pr\u00e9lev\u00e9e partiellement\nou en totalit\u00e9.<br \/><br \/>L&rsquo;assurance couvre le mat\u00e9riel en cas de\ncasse, de vol et de perte.<br \/>Si vous ab\u00eemez le mat\u00e9riel et que vous\navez choisi une location avec assurance, vous devez signaler le sinistre\nsur la plateforme Lokki.<\/span><\/p>\n<p><br \/><br \/><\/p>\n<h3 style=\"text-align: center;\"><br \/><span style=\"color:\n#4f606f;\">Dommages et r\u00e9paration<br \/><\/span><\/h3>\n<p style=\"text-align: center;\"><span style=\"color: #4f606f;\"><br \/>En\ncas de dommage, notre atelier offre la possibilit\u00e9 de r\u00e9parer les\nplanches. <\/span><\/p>\n<p style=\"text-align: center;\"><\/p>\n<p style=\"text-align: center;\"><\/p>\n\n\n\n<p><\/p>\n","protected":false},"excerpt":{"rendered":"<p>SwellAddiction : Rent Me, Buy.Me ! R\u00e9servez en quelques clics votre location de mat\u00e9riel de Windsurf, Wingfoil, Surf ou Stand Up Paddle \u00e0 Brest. Louez ponctuellement ou pour vos vacances. D&rsquo;une journ\u00e9e \u00e0 une semaine, compl\u00e9tez votre quiver pour ne louper aucune occasion d&rsquo;aller \u00e0 l&rsquo;eau.Vous avez vid\u00e9 votre garage pour vous lancer \u00e0 corps &hellip; <\/p>\n<p class=\"link-more\"><a href=\"https:\/\/www.archipelago.bzh\/index.php\/rent-me-buy-me\/\" class=\"more-link\">Lire la suite de<span class=\"screen-reader-text\">\u00ab\u00a0Rent Me, Buy.Me\u00a0\u00bb<\/span><\/a><\/p>\n","protected":false},"author":1,"featured_media":0,"parent":0,"menu_order":0,"comment_status":"closed","ping_status":"closed","template":"","meta":{"inspiro_hide_title":false,"footnotes":""},"class_list":["post-294","page","type-page","status-publish","hentry"],"yoast_head":"<!-- This site is optimized with the Yoast SEO plugin v26.2 - https:\/\/yoast.com\/wordpress\/plugins\/seo\/ -->\n<title>Rent Me, Buy.Me - ARCHIPELAGO<\/title>\n<meta name=\"robots\" content=\"index, follow, max-snippet:-1, max-image-preview:large, max-video-preview:-1\" \/>\n<link rel=\"canonical\" href=\"https:\/\/www.archipelago.bzh\/index.php\/rent-me-buy-me\/\" \/>\n<meta property=\"og:locale\" content=\"fr_FR\" \/>\n<meta property=\"og:type\" content=\"article\" \/>\n<meta property=\"og:title\" content=\"Rent Me, Buy.Me - ARCHIPELAGO\" \/>\n<meta property=\"og:description\" content=\"SwellAddiction : Rent Me, Buy.Me ! R\u00e9servez en quelques clics votre location de mat\u00e9riel de Windsurf, Wingfoil, Surf ou Stand Up Paddle \u00e0 Brest. Louez ponctuellement ou pour vos vacances. D&rsquo;une journ\u00e9e \u00e0 une semaine, compl\u00e9tez votre quiver pour ne louper aucune occasion d&rsquo;aller \u00e0 l&rsquo;eau.Vous avez vid\u00e9 votre garage pour vous lancer \u00e0 corps &hellip; Lire la suite de\u00ab\u00a0Rent Me, Buy.Me\u00a0\u00bb\" \/>\n<meta property=\"og:url\" content=\"https:\/\/www.archipelago.bzh\/index.php\/rent-me-buy-me\/\" \/>\n<meta property=\"og:site_name\" content=\"ARCHIPELAGO\" \/>\n<meta property=\"article:publisher\" content=\"https:\/\/www.facebook.com\/ArchipelagoBrest\" \/>\n<meta property=\"article:modified_time\" content=\"2025-02-05T16:10:36+00:00\" \/>\n<meta name=\"twitter:card\" content=\"summary_large_image\" \/>\n<meta name=\"twitter:label1\" content=\"Dur\u00e9e de lecture estim\u00e9e\" \/>\n\t<meta name=\"twitter:data1\" content=\"4 minutes\" \/>\n<script type=\"application\/ld+json\" class=\"yoast-schema-graph\">{\"@context\":\"https:\/\/schema.org\",\"@graph\":[{\"@type\":\"WebPage\",\"@id\":\"https:\/\/www.archipelago.bzh\/index.php\/rent-me-buy-me\/\",\"url\":\"https:\/\/www.archipelago.bzh\/index.php\/rent-me-buy-me\/\",\"name\":\"Rent Me, Buy.Me - ARCHIPELAGO\",\"isPartOf\":{\"@id\":\"https:\/\/www.archipelago.bzh\/#website\"},\"datePublished\":\"2025-02-04T13:55:02+00:00\",\"dateModified\":\"2025-02-05T16:10:36+00:00\",\"breadcrumb\":{\"@id\":\"https:\/\/www.archipelago.bzh\/index.php\/rent-me-buy-me\/#breadcrumb\"},\"inLanguage\":\"fr-FR\",\"potentialAction\":[{\"@type\":\"ReadAction\",\"target\":[\"https:\/\/www.archipelago.bzh\/index.php\/rent-me-buy-me\/\"]}]},{\"@type\":\"BreadcrumbList\",\"@id\":\"https:\/\/www.archipelago.bzh\/index.php\/rent-me-buy-me\/#breadcrumb\",\"itemListElement\":[{\"@type\":\"ListItem\",\"position\":1,\"name\":\"Accueil\",\"item\":\"https:\/\/www.archipelago.bzh\/\"},{\"@type\":\"ListItem\",\"position\":2,\"name\":\"Rent Me, Buy.Me\"}]},{\"@type\":\"WebSite\",\"@id\":\"https:\/\/www.archipelago.bzh\/#website\",\"url\":\"https:\/\/www.archipelago.bzh\/\",\"name\":\"ARCHIPELAGO\",\"description\":\"Connecter les id\u00e9es et les talents du territoire\",\"publisher\":{\"@id\":\"https:\/\/www.archipelago.bzh\/#organization\"},\"potentialAction\":[{\"@type\":\"SearchAction\",\"target\":{\"@type\":\"EntryPoint\",\"urlTemplate\":\"https:\/\/www.archipelago.bzh\/?s={search_term_string}\"},\"query-input\":{\"@type\":\"PropertyValueSpecification\",\"valueRequired\":true,\"valueName\":\"search_term_string\"}}],\"inLanguage\":\"fr-FR\"},{\"@type\":\"Organization\",\"@id\":\"https:\/\/www.archipelago.bzh\/#organization\",\"name\":\"ARCHIPELAGO\",\"url\":\"https:\/\/www.archipelago.bzh\/\",\"logo\":{\"@type\":\"ImageObject\",\"inLanguage\":\"fr-FR\",\"@id\":\"https:\/\/www.archipelago.bzh\/#\/schema\/logo\/image\/\",\"url\":\"https:\/\/www.archipelago.bzh\/wp-content\/uploads\/2025\/01\/1706862449330-1.jpeg\",\"contentUrl\":\"https:\/\/www.archipelago.bzh\/wp-content\/uploads\/2025\/01\/1706862449330-1.jpeg\",\"width\":100,\"height\":100,\"caption\":\"ARCHIPELAGO\"},\"image\":{\"@id\":\"https:\/\/www.archipelago.bzh\/#\/schema\/logo\/image\/\"},\"sameAs\":[\"https:\/\/www.facebook.com\/ArchipelagoBrest\",\"https:\/\/www.linkedin.com\/company\/archipelagobzh\",\"https:\/\/www.instagram.com\/archipelago.eco\"]}]}<\/script>\n<!-- \/ Yoast SEO plugin. -->","yoast_head_json":{"title":"Rent Me, Buy.Me - ARCHIPELAGO","robots":{"index":"index","follow":"follow","max-snippet":"max-snippet:-1","max-image-preview":"max-image-preview:large","max-video-preview":"max-video-preview:-1"},"canonical":"https:\/\/www.archipelago.bzh\/index.php\/rent-me-buy-me\/","og_locale":"fr_FR","og_type":"article","og_title":"Rent Me, Buy.Me - ARCHIPELAGO","og_description":"SwellAddiction : Rent Me, Buy.Me ! R\u00e9servez en quelques clics votre location de mat\u00e9riel de Windsurf, Wingfoil, Surf ou Stand Up Paddle \u00e0 Brest. Louez ponctuellement ou pour vos vacances. D&rsquo;une journ\u00e9e \u00e0 une semaine, compl\u00e9tez votre quiver pour ne louper aucune occasion d&rsquo;aller \u00e0 l&rsquo;eau.Vous avez vid\u00e9 votre garage pour vous lancer \u00e0 corps &hellip; Lire la suite de\u00ab\u00a0Rent Me, Buy.Me\u00a0\u00bb","og_url":"https:\/\/www.archipelago.bzh\/index.php\/rent-me-buy-me\/","og_site_name":"ARCHIPELAGO","article_publisher":"https:\/\/www.facebook.com\/ArchipelagoBrest","article_modified_time":"2025-02-05T16:10:36+00:00","twitter_card":"summary_large_image","twitter_misc":{"Dur\u00e9e de lecture estim\u00e9e":"4 minutes"},"schema":{"@context":"https:\/\/schema.org","@graph":[{"@type":"WebPage","@id":"https:\/\/www.archipelago.bzh\/index.php\/rent-me-buy-me\/","url":"https:\/\/www.archipelago.bzh\/index.php\/rent-me-buy-me\/","name":"Rent Me, Buy.Me - ARCHIPELAGO","isPartOf":{"@id":"https:\/\/www.archipelago.bzh\/#website"},"datePublished":"2025-02-04T13:55:02+00:00","dateModified":"2025-02-05T16:10:36+00:00","breadcrumb":{"@id":"https:\/\/www.archipelago.bzh\/index.php\/rent-me-buy-me\/#breadcrumb"},"inLanguage":"fr-FR","potentialAction":[{"@type":"ReadAction","target":["https:\/\/www.archipelago.bzh\/index.php\/rent-me-buy-me\/"]}]},{"@type":"BreadcrumbList","@id":"https:\/\/www.archipelago.bzh\/index.php\/rent-me-buy-me\/#breadcrumb","itemListElement":[{"@type":"ListItem","position":1,"name":"Accueil","item":"https:\/\/www.archipelago.bzh\/"},{"@type":"ListItem","position":2,"name":"Rent Me, Buy.Me"}]},{"@type":"WebSite","@id":"https:\/\/www.archipelago.bzh\/#website","url":"https:\/\/www.archipelago.bzh\/","name":"ARCHIPELAGO","description":"Connecter les id\u00e9es et les talents du territoire","publisher":{"@id":"https:\/\/www.archipelago.bzh\/#organization"},"potentialAction":[{"@type":"SearchAction","target":{"@type":"EntryPoint","urlTemplate":"https:\/\/www.archipelago.bzh\/?s={search_term_string}"},"query-input":{"@type":"PropertyValueSpecification","valueRequired":true,"valueName":"search_term_string"}}],"inLanguage":"fr-FR"},{"@type":"Organization","@id":"https:\/\/www.archipelago.bzh\/#organization","name":"ARCHIPELAGO","url":"https:\/\/www.archipelago.bzh\/","logo":{"@type":"ImageObject","inLanguage":"fr-FR","@id":"https:\/\/www.archipelago.bzh\/#\/schema\/logo\/image\/","url":"https:\/\/www.archipelago.bzh\/wp-content\/uploads\/2025\/01\/1706862449330-1.jpeg","contentUrl":"https:\/\/www.archipelago.bzh\/wp-content\/uploads\/2025\/01\/1706862449330-1.jpeg","width":100,"height":100,"caption":"ARCHIPELAGO"},"image":{"@id":"https:\/\/www.archipelago.bzh\/#\/schema\/logo\/image\/"},"sameAs":["https:\/\/www.facebook.com\/ArchipelagoBrest","https:\/\/www.linkedin.com\/company\/archipelagobzh","https:\/\/www.instagram.com\/archipelago.eco"]}]}},"_links":{"self":[{"href":"https:\/\/www.archipelago.bzh\/index.php\/wp-json\/wp\/v2\/pages\/294","targetHints":{"allow":["GET"]}}],"collection":[{"href":"https:\/\/www.archipelago.bzh\/index.php\/wp-json\/wp\/v2\/pages"}],"about":[{"href":"https:\/\/www.archipelago.bzh\/index.php\/wp-json\/wp\/v2\/types\/page"}],"author":[{"embeddable":true,"href":"https:\/\/www.archipelago.bzh\/index.php\/wp-json\/wp\/v2\/users\/1"}],"replies":[{"embeddable":true,"href":"https:\/\/www.archipelago.bzh\/index.php\/wp-json\/wp\/v2\/comments?post=294"}],"version-history":[{"count":4,"href":"https:\/\/www.archipelago.bzh\/index.php\/wp-json\/wp\/v2\/pages\/294\/revisions"}],"predecessor-version":[{"id":617,"href":"https:\/\/www.archipelago.bzh\/index.php\/wp-json\/wp\/v2\/pages\/294\/revisions\/617"}],"wp:attachment":[{"href":"https:\/\/www.archipelago.bzh\/index.php\/wp-json\/wp\/v2\/media?parent=294"}],"curies":[{"name":"wp","href":"https:\/\/api.w.org\/{rel}","templated":true}]}}