{"id":553,"date":"2025-02-05T14:42:45","date_gmt":"2025-02-05T13:42:45","guid":{"rendered":"https:\/\/www.archipelago.bzh\/?page_id=553"},"modified":"2025-02-05T16:49:51","modified_gmt":"2025-02-05T15:49:51","slug":"mission-2","status":"publish","type":"page","link":"https:\/\/www.archipelago.bzh\/index.php\/mission-2\/","title":{"rendered":"Mission"},"content":{"rendered":"\n<p class=\"has-text-align-center\"><\/p>\n\n\n\n<figure class=\"wp-block-image alignwide size-large\"><img loading=\"lazy\" decoding=\"async\" width=\"1024\" height=\"575\" src=\"https:\/\/www.archipelago.bzh\/wp-content\/uploads\/2025\/02\/hendrik-morkel-c4ctYw7fNSo-unsplash-1024x575.jpg\" alt=\"\" class=\"wp-image-577\" srcset=\"https:\/\/www.archipelago.bzh\/wp-content\/uploads\/2025\/02\/hendrik-morkel-c4ctYw7fNSo-unsplash-1024x575.jpg 1024w, https:\/\/www.archipelago.bzh\/wp-content\/uploads\/2025\/02\/hendrik-morkel-c4ctYw7fNSo-unsplash-300x168.jpg 300w, https:\/\/www.archipelago.bzh\/wp-content\/uploads\/2025\/02\/hendrik-morkel-c4ctYw7fNSo-unsplash-2000x1123.jpg 2000w\" sizes=\"auto, (max-width: 1024px) 100vw, 1024px\" \/><\/figure>\n\n\n\n<p class=\"has-text-align-right\"><em>Une vision durable, une mission collective.<\/em><\/p>\n\n\n\n<div style=\"height:56px\" aria-hidden=\"true\" class=\"wp-block-spacer\"><\/div>\n\n\n\n<hr class=\"wp-block-separator has-alpha-channel-opacity\"\/>\n\n\n\n<p><em>Archipelago est une soci\u00e9t\u00e9 qui agit comme un catalyseur de transformation durable. Inspir\u00e9s par les \u00e9cosyst\u00e8mes naturels et les archipels, nous connectons talents, territoires et ressources pour co-cr\u00e9er des projets qui r\u00e9pondent aux grands d\u00e9fis de notre \u00e9poque. En r\u00e9unissant innovation, coop\u00e9ration et solidarit\u00e9, nous b\u00e2tissons des solutions concr\u00e8tes et r\u00e9silientes, au service d\u2019un impact collectif durable.<\/em><\/p>\n\n\n\n<div style=\"height:56px\" aria-hidden=\"true\" class=\"wp-block-spacer\"><\/div>\n\n\n\n<h3 class=\"wp-block-heading\"><strong>Notre mission<\/strong><\/h3>\n\n\n\n<p><em>Transformer des id\u00e9es en actions durables et mobiliser les comp\u00e9tences individuelles pour construire des solutions qui allient prosp\u00e9rit\u00e9 \u00e9conomique, justice sociale et respect de l\u2019environnement.<\/em><\/p>\n\n\n\n<ul class=\"wp-block-list\">\n<li><strong>Prot\u00e9ger les ressources naturelles<\/strong> en d\u00e9veloppant des mod\u00e8les durables et r\u00e9g\u00e9n\u00e9ratifs.<\/li>\n\n\n\n<li><strong>Renforcer les communaut\u00e9s locales<\/strong> par la coop\u00e9ration et la valorisation des talents.<\/li>\n\n\n\n<li><strong>Acc\u00e9l\u00e9rer la transition \u00e9cologique<\/strong> en int\u00e9grant l\u2019innovation au c\u0153ur des territoires.<\/li>\n<\/ul>\n\n\n\n<div style=\"height:56px\" aria-hidden=\"true\" class=\"wp-block-spacer\"><\/div>\n\n\n\n<hr class=\"wp-block-separator has-alpha-channel-opacity\"\/>\n\n\n\n<h3 class=\"wp-block-heading\"><strong>Pourquoi le nom Archipelago ?<\/strong><\/h3>\n\n\n\n<p><em>\u00ab\u00a0Comme un archipel, nous croyons que la force r\u00e9side dans les connexions. Chaque \u00eele, chaque territoire, chaque individu joue un r\u00f4le essentiel dans un tout plus grand. Travailler ensemble, c\u2019est cr\u00e9er un r\u00e9seau de solutions r\u00e9silientes et durables.\u00a0\u00bb<\/em><\/p>\n\n\n\n<div style=\"height:56px\" aria-hidden=\"true\" class=\"wp-block-spacer\"><\/div>\n\n\n\n<hr class=\"wp-block-separator has-alpha-channel-opacity\"\/>\n\n\n\n<h3 class=\"wp-block-heading\"><strong>Notre vision<\/strong><\/h3>\n\n\n\n<p><em>Nous r\u00eavons d\u2019un monde o\u00f9 chaque action individuelle ou collective contribue \u00e0 un \u00e9cosyst\u00e8me global plus r\u00e9silient, inclusif et \u00e9quitable.<\/em><\/p>\n\n\n\n<ul class=\"wp-block-list\">\n<li><strong>Un monde interconnect\u00e9<\/strong>, o\u00f9 les synergies entre territoires et acteurs sont une force pour relever les d\u00e9fis climatiques et sociaux.<\/li>\n\n\n\n<li><strong>Un avenir durable<\/strong>, o\u00f9 innovation et solidarit\u00e9 guident les choix \u00e9conomiques et environnementaux.<\/li>\n<\/ul>\n\n\n\n<div style=\"height:56px\" aria-hidden=\"true\" class=\"wp-block-spacer\"><\/div>\n\n\n\n<hr class=\"wp-block-separator has-alpha-channel-opacity\"\/>\n\n\n\n<h3 class=\"wp-block-heading\"><strong>Qui sommes-nous ?<\/strong><\/h3>\n\n\n\n<p><em>Une \u00e9quipe pluridisciplinaire, passionn\u00e9e et engag\u00e9e.<\/em><\/p>\n\n\n\n<ul class=\"wp-block-list\">\n<li><strong>Nos expertises<\/strong> : D\u00e9veloppement durable, innovation sociale, ing\u00e9nierie des territoires, mobilisation communautaire.<\/li>\n\n\n\n<li><strong>Notre diversit\u00e9<\/strong> : Des profils vari\u00e9s unis par une ambition commune de cr\u00e9er un monde meilleur.<\/li>\n\n\n\n<li><strong>Notre engagement<\/strong> : \u00catre sur le terrain, aux c\u00f4t\u00e9s des acteurs locaux, pour transformer les id\u00e9es en solutions concr\u00e8tes.<\/li>\n<\/ul>\n\n\n\n<div style=\"height:56px\" aria-hidden=\"true\" class=\"wp-block-spacer\"><\/div>\n\n\n\n<div class=\"wp-block-buttons is-content-justification-center is-layout-flex wp-container-core-buttons-is-layout-a89b3969 wp-block-buttons-is-layout-flex\">\n<div class=\"wp-block-button is-style-fill\"><a class=\"wp-block-button__link has-secondary-background-color has-background wp-element-button\" href=\"https:\/\/www.archipelago.bzh\/index.php\/equipe\/\">D\u00e9couvrir l&rsquo;\u00e9quipe<\/a><\/div>\n<\/div>\n\n\n\n<div style=\"height:43px\" aria-hidden=\"true\" class=\"wp-block-spacer\"><\/div>\n\n\n\n<hr class=\"wp-block-separator has-alpha-channel-opacity\"\/>\n\n\n\n<h3 class=\"wp-block-heading\"><strong>N<\/strong>os objectifs pour 2025<\/h3>\n\n\n\n<h5 class=\"wp-block-heading\">Transition \/ <strong>Circularit\u00e9<\/strong><\/h5>\n\n\n\n<ul class=\"wp-block-list\">\n<li>Lancer une exp\u00e9rimentation pilote sur le <strong><a href=\"https:\/\/www.archipelago.bzh\/index.php\/le-passeport-digital-des-produits\/\">Passeport Digital des Produits<\/a><\/strong> \u00e0 l\u2019\u00e9chelle d\u2019un march\u00e9 de niche, afin d&rsquo;en tester la faisabilit\u00e9 et l\u2019impact.<\/li>\n\n\n\n<li><strong>Amor\u00e7age du <\/strong><a href=\"https:\/\/www.archipelago.bzh\/index.php\/le-boardriding-pass\/\"><strong>BoardRiding Pass<\/strong> <\/a>: une initiative pour connecter les passionn\u00e9s de sports de glisse tout en favorisant un mod\u00e8le durable et circulaire.<\/li>\n\n\n\n<li>D\u00e9velopper un <strong>Proof of Concept (POC)<\/strong> solide pour valider le mod\u00e8le \u00e9conomique et op\u00e9rationnel.<\/li>\n\n\n\n<li>Cr\u00e9er un <strong>\u00e9cosyst\u00e8me collaboratif<\/strong> en f\u00e9d\u00e9rant les acteurs cl\u00e9s du march\u00e9 autour de solutions circulaires.<\/li>\n\n\n\n<li><strong>Commercialisation<\/strong> : mise sur le march\u00e9 des solutions valid\u00e9es.<\/li>\n\n\n\n<li>Explorer et adapter le mod\u00e8le \u00e0 de <strong>nouveaux march\u00e9s<\/strong> pour maximiser l\u2019impact et la port\u00e9e.<\/li>\n<\/ul>\n\n\n\n<h5 class=\"wp-block-heading\"><strong>Environnement \/ Accessibilit\u00e9<\/strong><\/h5>\n\n\n\n<ul class=\"wp-block-list\">\n<li><strong>Accompagner les porteurs de projets innovants<\/strong> dans la conception, le d\u00e9veloppement et la mise sur le march\u00e9 de leurs solutions \u00e0 impact soci\u00e9tal.<\/li>\n\n\n\n<li>R\u00e9aliser des <strong>\u00e9tudes strat\u00e9giques de march\u00e9<\/strong> pour identifier les opportunit\u00e9s et d\u00e9finir les meilleures strat\u00e9gies de lancement.<\/li>\n\n\n\n<li>Faciliter la <strong>mise sur le march\u00e9<\/strong> gr\u00e2ce \u00e0 un accompagnement sur mesure, des outils technologiques adapt\u00e9s et des partenariats strat\u00e9giques.<\/li>\n\n\n\n<li>Identifier et <strong>explorer de nouveaux march\u00e9s<\/strong> pour \u00e9tendre l\u2019impact des solutions innovantes et renforcer leur viabilit\u00e9 \u00e9conomique.<\/li>\n<\/ul>\n\n\n\n<div style=\"height:56px\" aria-hidden=\"true\" class=\"wp-block-spacer\"><\/div>\n\n\n\n<hr class=\"wp-block-separator has-alpha-channel-opacity\"\/>\n\n\n\n<h3 class=\"wp-block-heading\"><strong>Nos partenaires<\/strong><\/h3>\n\n\n\n<p><em>Des alliances solides pour amplifier notre impact.<\/em><\/p>\n\n\n\n<ul class=\"wp-block-list\">\n<li><strong>Collectivit\u00e9s locales<\/strong> : Soutien et mise en \u0153uvre des projets \u00e0 l\u2019\u00e9chelle des territoires.<\/li>\n\n\n\n<li><strong>Entreprises innovantes<\/strong> : Collaboration avec des startups et industries pour int\u00e9grer des solutions technologiques durables.<\/li>\n\n\n\n<li><strong>ONG et associations<\/strong> : Actions conjointes pour maximiser l\u2019impact social et environnemental.<\/li>\n\n\n\n<li><strong>Institutions publiques<\/strong> : Partenariat avec des acteurs institutionnels pour garantir le financement et la viabilit\u00e9 des projets.<\/li>\n<\/ul>\n\n\n\n<div style=\"height:56px\" aria-hidden=\"true\" class=\"wp-block-spacer\"><\/div>\n\n\n\n<hr class=\"wp-block-separator has-alpha-channel-opacity\"\/>\n\n\n\n<div style=\"height:100px\" aria-hidden=\"true\" class=\"wp-block-spacer\"><\/div>\n\n\n\n<div class=\"wp-block-buttons is-content-justification-center is-layout-flex wp-container-core-buttons-is-layout-a89b3969 wp-block-buttons-is-layout-flex\">\n<div class=\"wp-block-button\"><a class=\"wp-block-button__link has-secondary-background-color has-background wp-element-button\" href=\"https:\/\/www.archipelago.bzh\/index.php\/blog\/\">D\u00e9couvrez nos projets<\/a><\/div>\n\n\n\n<div class=\"wp-block-button\"><a class=\"wp-block-button__link has-secondary-background-color has-background wp-element-button\" href=\"https:\/\/www.archipelago.bzh\/index.php\/contact\/\">Contactez-nous<\/a><\/div>\n\n\n\n<div class=\"wp-block-button\"><a class=\"wp-block-button__link has-secondary-background-color has-background wp-element-button\" href=\"https:\/\/kengo.bzh\/projet\/4865\/le-boardriding-pass\">S&rsquo;engager dans la transition<\/a><\/div>\n<\/div>\n\n\n\n<div style=\"height:100px\" aria-hidden=\"true\" class=\"wp-block-spacer\"><\/div>\n\n\n\n<ul class=\"wp-block-social-links is-content-justification-center is-layout-flex wp-container-core-social-links-is-layout-a89b3969 wp-block-social-links-is-layout-flex\"><li class=\"wp-social-link wp-social-link-facebook  wp-block-social-link\"><a href=\"https:\/\/facebook.com\/archipelago\" class=\"wp-block-social-link-anchor\"><svg width=\"24\" height=\"24\" viewBox=\"0 0 24 24\" version=\"1.1\" xmlns=\"http:\/\/www.w3.org\/2000\/svg\" aria-hidden=\"true\" focusable=\"false\"><path d=\"M12 2C6.5 2 2 6.5 2 12c0 5 3.7 9.1 8.4 9.9v-7H7.9V12h2.5V9.8c0-2.5 1.5-3.9 3.8-3.9 1.1 0 2.2.2 2.2.2v2.5h-1.3c-1.2 0-1.6.8-1.6 1.6V12h2.8l-.4 2.9h-2.3v7C18.3 21.1 22 17 22 12c0-5.5-4.5-10-10-10z\"><\/path><\/svg><span class=\"wp-block-social-link-label screen-reader-text\">Facebook<\/span><\/a><\/li>\n\n<li class=\"wp-social-link wp-social-link-instagram  wp-block-social-link\"><a href=\"https:\/\/instagram.com\/archipelago.eco\" class=\"wp-block-social-link-anchor\"><svg width=\"24\" height=\"24\" viewBox=\"0 0 24 24\" version=\"1.1\" xmlns=\"http:\/\/www.w3.org\/2000\/svg\" aria-hidden=\"true\" focusable=\"false\"><path d=\"M12,4.622c2.403,0,2.688,0.009,3.637,0.052c0.877,0.04,1.354,0.187,1.671,0.31c0.42,0.163,0.72,0.358,1.035,0.673 c0.315,0.315,0.51,0.615,0.673,1.035c0.123,0.317,0.27,0.794,0.31,1.671c0.043,0.949,0.052,1.234,0.052,3.637 s-0.009,2.688-0.052,3.637c-0.04,0.877-0.187,1.354-0.31,1.671c-0.163,0.42-0.358,0.72-0.673,1.035 c-0.315,0.315-0.615,0.51-1.035,0.673c-0.317,0.123-0.794,0.27-1.671,0.31c-0.949,0.043-1.233,0.052-3.637,0.052 s-2.688-0.009-3.637-0.052c-0.877-0.04-1.354-0.187-1.671-0.31c-0.42-0.163-0.72-0.358-1.035-0.673 c-0.315-0.315-0.51-0.615-0.673-1.035c-0.123-0.317-0.27-0.794-0.31-1.671C4.631,14.688,4.622,14.403,4.622,12 s0.009-2.688,0.052-3.637c0.04-0.877,0.187-1.354,0.31-1.671c0.163-0.42,0.358-0.72,0.673-1.035 c0.315-0.315,0.615-0.51,1.035-0.673c0.317-0.123,0.794-0.27,1.671-0.31C9.312,4.631,9.597,4.622,12,4.622 M12,3 C9.556,3,9.249,3.01,8.289,3.054C7.331,3.098,6.677,3.25,6.105,3.472C5.513,3.702,5.011,4.01,4.511,4.511 c-0.5,0.5-0.808,1.002-1.038,1.594C3.25,6.677,3.098,7.331,3.054,8.289C3.01,9.249,3,9.556,3,12c0,2.444,0.01,2.751,0.054,3.711 c0.044,0.958,0.196,1.612,0.418,2.185c0.23,0.592,0.538,1.094,1.038,1.594c0.5,0.5,1.002,0.808,1.594,1.038 c0.572,0.222,1.227,0.375,2.185,0.418C9.249,20.99,9.556,21,12,21s2.751-0.01,3.711-0.054c0.958-0.044,1.612-0.196,2.185-0.418 c0.592-0.23,1.094-0.538,1.594-1.038c0.5-0.5,0.808-1.002,1.038-1.594c0.222-0.572,0.375-1.227,0.418-2.185 C20.99,14.751,21,14.444,21,12s-0.01-2.751-0.054-3.711c-0.044-0.958-0.196-1.612-0.418-2.185c-0.23-0.592-0.538-1.094-1.038-1.594 c-0.5-0.5-1.002-0.808-1.594-1.038c-0.572-0.222-1.227-0.375-2.185-0.418C14.751,3.01,14.444,3,12,3L12,3z M12,7.378 c-2.552,0-4.622,2.069-4.622,4.622S9.448,16.622,12,16.622s4.622-2.069,4.622-4.622S14.552,7.378,12,7.378z M12,15 c-1.657,0-3-1.343-3-3s1.343-3,3-3s3,1.343,3,3S13.657,15,12,15z M16.804,6.116c-0.596,0-1.08,0.484-1.08,1.08 s0.484,1.08,1.08,1.08c0.596,0,1.08-0.484,1.08-1.08S17.401,6.116,16.804,6.116z\"><\/path><\/svg><span class=\"wp-block-social-link-label screen-reader-text\">Instagram<\/span><\/a><\/li>\n\n<li class=\"wp-social-link wp-social-link-linkedin  wp-block-social-link\"><a href=\"https:\/\/Linkein.fr\/archipelago\" class=\"wp-block-social-link-anchor\"><svg width=\"24\" height=\"24\" viewBox=\"0 0 24 24\" version=\"1.1\" xmlns=\"http:\/\/www.w3.org\/2000\/svg\" aria-hidden=\"true\" focusable=\"false\"><path d=\"M19.7,3H4.3C3.582,3,3,3.582,3,4.3v15.4C3,20.418,3.582,21,4.3,21h15.4c0.718,0,1.3-0.582,1.3-1.3V4.3 C21,3.582,20.418,3,19.7,3z M8.339,18.338H5.667v-8.59h2.672V18.338z M7.004,8.574c-0.857,0-1.549-0.694-1.549-1.548 c0-0.855,0.691-1.548,1.549-1.548c0.854,0,1.547,0.694,1.547,1.548C8.551,7.881,7.858,8.574,7.004,8.574z M18.339,18.338h-2.669 v-4.177c0-0.996-0.017-2.278-1.387-2.278c-1.389,0-1.601,1.086-1.601,2.206v4.249h-2.667v-8.59h2.559v1.174h0.037 c0.356-0.675,1.227-1.387,2.526-1.387c2.703,0,3.203,1.779,3.203,4.092V18.338z\"><\/path><\/svg><span class=\"wp-block-social-link-label screen-reader-text\">LinkedIn<\/span><\/a><\/li><\/ul>\n","protected":false},"excerpt":{"rendered":"<p>Une vision durable, une mission collective. Archipelago est une soci\u00e9t\u00e9 qui agit comme un catalyseur de transformation durable. Inspir\u00e9s par les \u00e9cosyst\u00e8mes naturels et les archipels, nous connectons talents, territoires et ressources pour co-cr\u00e9er des projets qui r\u00e9pondent aux grands d\u00e9fis de notre \u00e9poque. En r\u00e9unissant innovation, coop\u00e9ration et solidarit\u00e9, nous b\u00e2tissons des solutions concr\u00e8tes &hellip; <\/p>\n<p class=\"link-more\"><a href=\"https:\/\/www.archipelago.bzh\/index.php\/mission-2\/\" class=\"more-link\">Lire la suite de<span class=\"screen-reader-text\">\u00ab\u00a0Mission\u00a0\u00bb<\/span><\/a><\/p>\n","protected":false},"author":1,"featured_media":0,"parent":0,"menu_order":0,"comment_status":"closed","ping_status":"closed","template":"","meta":{"inspiro_hide_title":false,"footnotes":""},"class_list":["post-553","page","type-page","status-publish","hentry"],"yoast_head":"<!-- This site is optimized with the Yoast SEO plugin v26.2 - https:\/\/yoast.com\/wordpress\/plugins\/seo\/ -->\n<title>Mission - ARCHIPELAGO<\/title>\n<meta name=\"robots\" content=\"index, follow, max-snippet:-1, max-image-preview:large, max-video-preview:-1\" \/>\n<link rel=\"canonical\" href=\"https:\/\/www.archipelago.bzh\/index.php\/mission-2\/\" \/>\n<meta property=\"og:locale\" content=\"fr_FR\" \/>\n<meta property=\"og:type\" content=\"article\" \/>\n<meta property=\"og:title\" content=\"Mission - ARCHIPELAGO\" \/>\n<meta property=\"og:description\" content=\"Une vision durable, une mission collective. Archipelago est une soci\u00e9t\u00e9 qui agit comme un catalyseur de transformation durable. Inspir\u00e9s par les \u00e9cosyst\u00e8mes naturels et les archipels, nous connectons talents, territoires et ressources pour co-cr\u00e9er des projets qui r\u00e9pondent aux grands d\u00e9fis de notre \u00e9poque. En r\u00e9unissant innovation, coop\u00e9ration et solidarit\u00e9, nous b\u00e2tissons des solutions concr\u00e8tes &hellip; Lire la suite de\u00ab\u00a0Mission\u00a0\u00bb\" \/>\n<meta property=\"og:url\" content=\"https:\/\/www.archipelago.bzh\/index.php\/mission-2\/\" \/>\n<meta property=\"og:site_name\" content=\"ARCHIPELAGO\" \/>\n<meta property=\"article:publisher\" content=\"https:\/\/www.facebook.com\/ArchipelagoBrest\" \/>\n<meta property=\"article:modified_time\" content=\"2025-02-05T15:49:51+00:00\" \/>\n<meta property=\"og:image\" content=\"https:\/\/www.archipelago.bzh\/wp-content\/uploads\/2025\/02\/hendrik-morkel-c4ctYw7fNSo-unsplash-scaled.jpg\" \/>\n\t<meta property=\"og:image:width\" content=\"2560\" \/>\n\t<meta property=\"og:image:height\" content=\"1438\" \/>\n\t<meta property=\"og:image:type\" content=\"image\/jpeg\" \/>\n<meta name=\"twitter:card\" content=\"summary_large_image\" \/>\n<meta name=\"twitter:label1\" content=\"Dur\u00e9e de lecture estim\u00e9e\" \/>\n\t<meta name=\"twitter:data1\" content=\"3 minutes\" \/>\n<script type=\"application\/ld+json\" class=\"yoast-schema-graph\">{\"@context\":\"https:\/\/schema.org\",\"@graph\":[{\"@type\":\"WebPage\",\"@id\":\"https:\/\/www.archipelago.bzh\/index.php\/mission-2\/\",\"url\":\"https:\/\/www.archipelago.bzh\/index.php\/mission-2\/\",\"name\":\"Mission - ARCHIPELAGO\",\"isPartOf\":{\"@id\":\"https:\/\/www.archipelago.bzh\/#website\"},\"primaryImageOfPage\":{\"@id\":\"https:\/\/www.archipelago.bzh\/index.php\/mission-2\/#primaryimage\"},\"image\":{\"@id\":\"https:\/\/www.archipelago.bzh\/index.php\/mission-2\/#primaryimage\"},\"thumbnailUrl\":\"https:\/\/www.archipelago.bzh\/wp-content\/uploads\/2025\/02\/hendrik-morkel-c4ctYw7fNSo-unsplash-1024x575.jpg\",\"datePublished\":\"2025-02-05T13:42:45+00:00\",\"dateModified\":\"2025-02-05T15:49:51+00:00\",\"breadcrumb\":{\"@id\":\"https:\/\/www.archipelago.bzh\/index.php\/mission-2\/#breadcrumb\"},\"inLanguage\":\"fr-FR\",\"potentialAction\":[{\"@type\":\"ReadAction\",\"target\":[\"https:\/\/www.archipelago.bzh\/index.php\/mission-2\/\"]}]},{\"@type\":\"ImageObject\",\"inLanguage\":\"fr-FR\",\"@id\":\"https:\/\/www.archipelago.bzh\/index.php\/mission-2\/#primaryimage\",\"url\":\"https:\/\/www.archipelago.bzh\/wp-content\/uploads\/2025\/02\/hendrik-morkel-c4ctYw7fNSo-unsplash-scaled.jpg\",\"contentUrl\":\"https:\/\/www.archipelago.bzh\/wp-content\/uploads\/2025\/02\/hendrik-morkel-c4ctYw7fNSo-unsplash-scaled.jpg\",\"width\":2560,\"height\":1438},{\"@type\":\"BreadcrumbList\",\"@id\":\"https:\/\/www.archipelago.bzh\/index.php\/mission-2\/#breadcrumb\",\"itemListElement\":[{\"@type\":\"ListItem\",\"position\":1,\"name\":\"Accueil\",\"item\":\"https:\/\/www.archipelago.bzh\/\"},{\"@type\":\"ListItem\",\"position\":2,\"name\":\"Mission\"}]},{\"@type\":\"WebSite\",\"@id\":\"https:\/\/www.archipelago.bzh\/#website\",\"url\":\"https:\/\/www.archipelago.bzh\/\",\"name\":\"ARCHIPELAGO\",\"description\":\"Connecter les id\u00e9es et les talents du territoire\",\"publisher\":{\"@id\":\"https:\/\/www.archipelago.bzh\/#organization\"},\"potentialAction\":[{\"@type\":\"SearchAction\",\"target\":{\"@type\":\"EntryPoint\",\"urlTemplate\":\"https:\/\/www.archipelago.bzh\/?s={search_term_string}\"},\"query-input\":{\"@type\":\"PropertyValueSpecification\",\"valueRequired\":true,\"valueName\":\"search_term_string\"}}],\"inLanguage\":\"fr-FR\"},{\"@type\":\"Organization\",\"@id\":\"https:\/\/www.archipelago.bzh\/#organization\",\"name\":\"ARCHIPELAGO\",\"url\":\"https:\/\/www.archipelago.bzh\/\",\"logo\":{\"@type\":\"ImageObject\",\"inLanguage\":\"fr-FR\",\"@id\":\"https:\/\/www.archipelago.bzh\/#\/schema\/logo\/image\/\",\"url\":\"https:\/\/www.archipelago.bzh\/wp-content\/uploads\/2025\/01\/1706862449330-1.jpeg\",\"contentUrl\":\"https:\/\/www.archipelago.bzh\/wp-content\/uploads\/2025\/01\/1706862449330-1.jpeg\",\"width\":100,\"height\":100,\"caption\":\"ARCHIPELAGO\"},\"image\":{\"@id\":\"https:\/\/www.archipelago.bzh\/#\/schema\/logo\/image\/\"},\"sameAs\":[\"https:\/\/www.facebook.com\/ArchipelagoBrest\",\"https:\/\/www.linkedin.com\/company\/archipelagobzh\",\"https:\/\/www.instagram.com\/archipelago.eco\"]}]}<\/script>\n<!-- \/ Yoast SEO plugin. -->","yoast_head_json":{"title":"Mission - ARCHIPELAGO","robots":{"index":"index","follow":"follow","max-snippet":"max-snippet:-1","max-image-preview":"max-image-preview:large","max-video-preview":"max-video-preview:-1"},"canonical":"https:\/\/www.archipelago.bzh\/index.php\/mission-2\/","og_locale":"fr_FR","og_type":"article","og_title":"Mission - ARCHIPELAGO","og_description":"Une vision durable, une mission collective. Archipelago est une soci\u00e9t\u00e9 qui agit comme un catalyseur de transformation durable. Inspir\u00e9s par les \u00e9cosyst\u00e8mes naturels et les archipels, nous connectons talents, territoires et ressources pour co-cr\u00e9er des projets qui r\u00e9pondent aux grands d\u00e9fis de notre \u00e9poque. En r\u00e9unissant innovation, coop\u00e9ration et solidarit\u00e9, nous b\u00e2tissons des solutions concr\u00e8tes &hellip; Lire la suite de\u00ab\u00a0Mission\u00a0\u00bb","og_url":"https:\/\/www.archipelago.bzh\/index.php\/mission-2\/","og_site_name":"ARCHIPELAGO","article_publisher":"https:\/\/www.facebook.com\/ArchipelagoBrest","article_modified_time":"2025-02-05T15:49:51+00:00","og_image":[{"width":2560,"height":1438,"url":"https:\/\/www.archipelago.bzh\/wp-content\/uploads\/2025\/02\/hendrik-morkel-c4ctYw7fNSo-unsplash-scaled.jpg","type":"image\/jpeg"}],"twitter_card":"summary_large_image","twitter_misc":{"Dur\u00e9e de lecture estim\u00e9e":"3 minutes"},"schema":{"@context":"https:\/\/schema.org","@graph":[{"@type":"WebPage","@id":"https:\/\/www.archipelago.bzh\/index.php\/mission-2\/","url":"https:\/\/www.archipelago.bzh\/index.php\/mission-2\/","name":"Mission - ARCHIPELAGO","isPartOf":{"@id":"https:\/\/www.archipelago.bzh\/#website"},"primaryImageOfPage":{"@id":"https:\/\/www.archipelago.bzh\/index.php\/mission-2\/#primaryimage"},"image":{"@id":"https:\/\/www.archipelago.bzh\/index.php\/mission-2\/#primaryimage"},"thumbnailUrl":"https:\/\/www.archipelago.bzh\/wp-content\/uploads\/2025\/02\/hendrik-morkel-c4ctYw7fNSo-unsplash-1024x575.jpg","datePublished":"2025-02-05T13:42:45+00:00","dateModified":"2025-02-05T15:49:51+00:00","breadcrumb":{"@id":"https:\/\/www.archipelago.bzh\/index.php\/mission-2\/#breadcrumb"},"inLanguage":"fr-FR","potentialAction":[{"@type":"ReadAction","target":["https:\/\/www.archipelago.bzh\/index.php\/mission-2\/"]}]},{"@type":"ImageObject","inLanguage":"fr-FR","@id":"https:\/\/www.archipelago.bzh\/index.php\/mission-2\/#primaryimage","url":"https:\/\/www.archipelago.bzh\/wp-content\/uploads\/2025\/02\/hendrik-morkel-c4ctYw7fNSo-unsplash-scaled.jpg","contentUrl":"https:\/\/www.archipelago.bzh\/wp-content\/uploads\/2025\/02\/hendrik-morkel-c4ctYw7fNSo-unsplash-scaled.jpg","width":2560,"height":1438},{"@type":"BreadcrumbList","@id":"https:\/\/www.archipelago.bzh\/index.php\/mission-2\/#breadcrumb","itemListElement":[{"@type":"ListItem","position":1,"name":"Accueil","item":"https:\/\/www.archipelago.bzh\/"},{"@type":"ListItem","position":2,"name":"Mission"}]},{"@type":"WebSite","@id":"https:\/\/www.archipelago.bzh\/#website","url":"https:\/\/www.archipelago.bzh\/","name":"ARCHIPELAGO","description":"Connecter les id\u00e9es et les talents du territoire","publisher":{"@id":"https:\/\/www.archipelago.bzh\/#organization"},"potentialAction":[{"@type":"SearchAction","target":{"@type":"EntryPoint","urlTemplate":"https:\/\/www.archipelago.bzh\/?s={search_term_string}"},"query-input":{"@type":"PropertyValueSpecification","valueRequired":true,"valueName":"search_term_string"}}],"inLanguage":"fr-FR"},{"@type":"Organization","@id":"https:\/\/www.archipelago.bzh\/#organization","name":"ARCHIPELAGO","url":"https:\/\/www.archipelago.bzh\/","logo":{"@type":"ImageObject","inLanguage":"fr-FR","@id":"https:\/\/www.archipelago.bzh\/#\/schema\/logo\/image\/","url":"https:\/\/www.archipelago.bzh\/wp-content\/uploads\/2025\/01\/1706862449330-1.jpeg","contentUrl":"https:\/\/www.archipelago.bzh\/wp-content\/uploads\/2025\/01\/1706862449330-1.jpeg","width":100,"height":100,"caption":"ARCHIPELAGO"},"image":{"@id":"https:\/\/www.archipelago.bzh\/#\/schema\/logo\/image\/"},"sameAs":["https:\/\/www.facebook.com\/ArchipelagoBrest","https:\/\/www.linkedin.com\/company\/archipelagobzh","https:\/\/www.instagram.com\/archipelago.eco"]}]}},"_links":{"self":[{"href":"https:\/\/www.archipelago.bzh\/index.php\/wp-json\/wp\/v2\/pages\/553","targetHints":{"allow":["GET"]}}],"collection":[{"href":"https:\/\/www.archipelago.bzh\/index.php\/wp-json\/wp\/v2\/pages"}],"about":[{"href":"https:\/\/www.archipelago.bzh\/index.php\/wp-json\/wp\/v2\/types\/page"}],"author":[{"embeddable":true,"href":"https:\/\/www.archipelago.bzh\/index.php\/wp-json\/wp\/v2\/users\/1"}],"replies":[{"embeddable":true,"href":"https:\/\/www.archipelago.bzh\/index.php\/wp-json\/wp\/v2\/comments?post=553"}],"version-history":[{"count":5,"href":"https:\/\/www.archipelago.bzh\/index.php\/wp-json\/wp\/v2\/pages\/553\/revisions"}],"predecessor-version":[{"id":589,"href":"https:\/\/www.archipelago.bzh\/index.php\/wp-json\/wp\/v2\/pages\/553\/revisions\/589"}],"wp:attachment":[{"href":"https:\/\/www.archipelago.bzh\/index.php\/wp-json\/wp\/v2\/media?parent=553"}],"curies":[{"name":"wp","href":"https:\/\/api.w.org\/{rel}","templated":true}]}}