{"id":633,"date":"2025-02-05T17:54:23","date_gmt":"2025-02-05T16:54:23","guid":{"rendered":"https:\/\/www.archipelago.bzh\/?page_id=633"},"modified":"2025-02-05T18:00:20","modified_gmt":"2025-02-05T17:00:20","slug":"partenaires","status":"publish","type":"page","link":"https:\/\/www.archipelago.bzh\/index.php\/partenaires\/","title":{"rendered":"Partenaires"},"content":{"rendered":"\n<h4 class=\"wp-block-heading\">Le <strong>BoardRiding Pass<\/strong> est bien plus qu\u2019un simple projet : c\u2019est une r\u00e9volution dans la mani\u00e8re dont nous connectons les passionn\u00e9s, les marques et les territoires autour d\u2019une approche plus responsable et immersive des sports de glisse. Pour b\u00e2tir un mod\u00e8le solide et p\u00e9renne, nous avons \u00e9tabli des <strong>partenariats institutionnels strat\u00e9giques<\/strong> avec des collectivit\u00e9s locales, des entreprises innovantes, des ONG et des institutions publiques.<\/h4>\n\n\n\n<p>Mais au-del\u00e0 de ces alliances essentielles, nous avons voulu aller plus loin en cr\u00e9ant <strong>trois types de partenariats cl\u00e9s<\/strong> pour accompagner le d\u00e9veloppement et l\u2019exp\u00e9rimentation du <strong>BoardRiding Pass<\/strong>. Ces partenaires de la premi\u00e8re heure partagent nos valeurs, notre passion et notre engagement pour un mod\u00e8le plus durable et collaboratif.<\/p>\n\n\n\n<h4 class=\"wp-block-heading\"><strong>1. Contributeurs<\/strong><\/h4>\n\n\n\n<p>Les contributeurs sont les soutiens essentiels qui croient en la vision du projet d\u00e8s ses d\u00e9buts. Align\u00e9s avec ses valeurs et ses ambitions, ils apportent un soutien financier, mat\u00e9riel ou strat\u00e9gique pour permettre son d\u00e9veloppement initial. Ce sont des entreprises, des associations ou des particuliers qui veulent voir \u00e9merger une innovation ou un changement positif dans leur secteur. <\/p>\n\n\n\n<h4 class=\"wp-block-heading\"><strong>2. Ambassadeurs<\/strong><\/h4>\n\n\n\n<p>Les ambassadeurs sont les passionn\u00e9s qui incarnent et diffusent les valeurs du projet. Engag\u00e9s par conviction, ils partagent son message et participent activement \u00e0 sa croissance en mobilisant leurs r\u00e9seaux et leur influence. Ce sont des athl\u00e8tes, des entrepreneurs, des cr\u00e9ateurs de contenu ou des membres engag\u00e9s de la communaut\u00e9 qui souhaitent inspirer et f\u00e9d\u00e9rer autour de l\u2019initiative. Leur r\u00f4le est cl\u00e9 dans la construction d\u2019une dynamique collective et dans l\u2019attraction de nouveaux partenaires partageant la m\u00eame vision.<\/p>\n\n\n\n<h4 class=\"wp-block-heading\"><strong>3. Exp\u00e9rimentateurs<\/strong><\/h4>\n\n\n\n<p>Les exp\u00e9rimentateurs sont les pionniers du projet, anim\u00e9s par la curiosit\u00e9 et l\u2019envie de faire partie d\u2019une aventure innovante. Ils testent les solutions en avant-premi\u00e8re, partagent leur exp\u00e9rience et contribuent \u00e0 affiner le concept en apportant des retours concrets. Ils sont les premiers \u00e0 croire en la pertinence du projet et \u00e0 le mettre en application dans leur domaine. En tant que v\u00e9ritables b\u00e2tisseurs, ils jouent un r\u00f4le cl\u00e9 dans son am\u00e9lioration et son adoption \u00e0 plus grande \u00e9chelle.<\/p>\n\n\n\n<h3 class=\"wp-block-heading\"><strong>Construire ensemble le futur du BoardRiding Pass<\/strong><\/h3>\n\n\n\n<p>L\u2019innovation et la transformation d\u2019un \u00e9cosyst\u00e8me ne peuvent se faire seules. Gr\u00e2ce \u00e0 nos <strong>contributeurs<\/strong>, qui apportent leur soutien financier et strat\u00e9gique, nos <strong>ambassadeurs<\/strong>, qui partagent notre vision et inspirent leur communaut\u00e9, et nos <strong>exp\u00e9rimentateurs<\/strong>, qui testent et affinent notre solution, nous cr\u00e9ons ensemble un projet qui a du sens et de l\u2019impact.<\/p>\n\n\n\n<p>En unissant nos forces avec des acteurs engag\u00e9s, nous construisons bien plus qu\u2019un service : <strong>nous fa\u00e7onnons un nouvel \u00e9cosyst\u00e8me pour les passionn\u00e9s de boardriding, en pla\u00e7ant l\u2019innovation, la durabilit\u00e9 et la collaboration au c\u0153ur de notre approche<\/strong>. Rejoignez-nous pour \u00e9crire cette histoire et faire du <strong>BoardRiding Pass<\/strong> un mod\u00e8le de r\u00e9f\u00e9rence !<\/p>\n","protected":false},"excerpt":{"rendered":"<p>Le BoardRiding Pass est bien plus qu\u2019un simple projet : c\u2019est une r\u00e9volution dans la mani\u00e8re dont nous connectons les passionn\u00e9s, les marques et les territoires autour d\u2019une approche plus responsable et immersive des sports de glisse. Pour b\u00e2tir un mod\u00e8le solide et p\u00e9renne, nous avons \u00e9tabli des partenariats institutionnels strat\u00e9giques avec des collectivit\u00e9s locales, &hellip; <\/p>\n<p class=\"link-more\"><a href=\"https:\/\/www.archipelago.bzh\/index.php\/partenaires\/\" class=\"more-link\">Lire la suite de<span class=\"screen-reader-text\">\u00ab\u00a0Partenaires\u00a0\u00bb<\/span><\/a><\/p>\n","protected":false},"author":1,"featured_media":0,"parent":0,"menu_order":0,"comment_status":"closed","ping_status":"closed","template":"","meta":{"inspiro_hide_title":false,"footnotes":""},"class_list":["post-633","page","type-page","status-publish","hentry"],"yoast_head":"<!-- This site is optimized with the Yoast SEO plugin v26.2 - https:\/\/yoast.com\/wordpress\/plugins\/seo\/ -->\n<title>Partenaires - ARCHIPELAGO<\/title>\n<meta name=\"robots\" content=\"index, follow, max-snippet:-1, max-image-preview:large, max-video-preview:-1\" \/>\n<link rel=\"canonical\" href=\"https:\/\/www.archipelago.bzh\/index.php\/partenaires\/\" \/>\n<meta property=\"og:locale\" content=\"fr_FR\" \/>\n<meta property=\"og:type\" content=\"article\" \/>\n<meta property=\"og:title\" content=\"Partenaires - ARCHIPELAGO\" \/>\n<meta property=\"og:description\" content=\"Le BoardRiding Pass est bien plus qu\u2019un simple projet : c\u2019est une r\u00e9volution dans la mani\u00e8re dont nous connectons les passionn\u00e9s, les marques et les territoires autour d\u2019une approche plus responsable et immersive des sports de glisse. Pour b\u00e2tir un mod\u00e8le solide et p\u00e9renne, nous avons \u00e9tabli des partenariats institutionnels strat\u00e9giques avec des collectivit\u00e9s locales, &hellip; Lire la suite de\u00ab\u00a0Partenaires\u00a0\u00bb\" \/>\n<meta property=\"og:url\" content=\"https:\/\/www.archipelago.bzh\/index.php\/partenaires\/\" \/>\n<meta property=\"og:site_name\" content=\"ARCHIPELAGO\" \/>\n<meta property=\"article:publisher\" content=\"https:\/\/www.facebook.com\/ArchipelagoBrest\" \/>\n<meta property=\"article:modified_time\" content=\"2025-02-05T17:00:20+00:00\" \/>\n<meta name=\"twitter:card\" content=\"summary_large_image\" \/>\n<meta name=\"twitter:label1\" content=\"Dur\u00e9e de lecture estim\u00e9e\" \/>\n\t<meta name=\"twitter:data1\" content=\"3 minutes\" \/>\n<script type=\"application\/ld+json\" class=\"yoast-schema-graph\">{\"@context\":\"https:\/\/schema.org\",\"@graph\":[{\"@type\":\"WebPage\",\"@id\":\"https:\/\/www.archipelago.bzh\/index.php\/partenaires\/\",\"url\":\"https:\/\/www.archipelago.bzh\/index.php\/partenaires\/\",\"name\":\"Partenaires - ARCHIPELAGO\",\"isPartOf\":{\"@id\":\"https:\/\/www.archipelago.bzh\/#website\"},\"datePublished\":\"2025-02-05T16:54:23+00:00\",\"dateModified\":\"2025-02-05T17:00:20+00:00\",\"breadcrumb\":{\"@id\":\"https:\/\/www.archipelago.bzh\/index.php\/partenaires\/#breadcrumb\"},\"inLanguage\":\"fr-FR\",\"potentialAction\":[{\"@type\":\"ReadAction\",\"target\":[\"https:\/\/www.archipelago.bzh\/index.php\/partenaires\/\"]}]},{\"@type\":\"BreadcrumbList\",\"@id\":\"https:\/\/www.archipelago.bzh\/index.php\/partenaires\/#breadcrumb\",\"itemListElement\":[{\"@type\":\"ListItem\",\"position\":1,\"name\":\"Accueil\",\"item\":\"https:\/\/www.archipelago.bzh\/\"},{\"@type\":\"ListItem\",\"position\":2,\"name\":\"Partenaires\"}]},{\"@type\":\"WebSite\",\"@id\":\"https:\/\/www.archipelago.bzh\/#website\",\"url\":\"https:\/\/www.archipelago.bzh\/\",\"name\":\"ARCHIPELAGO\",\"description\":\"Connecter les id\u00e9es et les talents du territoire\",\"publisher\":{\"@id\":\"https:\/\/www.archipelago.bzh\/#organization\"},\"potentialAction\":[{\"@type\":\"SearchAction\",\"target\":{\"@type\":\"EntryPoint\",\"urlTemplate\":\"https:\/\/www.archipelago.bzh\/?s={search_term_string}\"},\"query-input\":{\"@type\":\"PropertyValueSpecification\",\"valueRequired\":true,\"valueName\":\"search_term_string\"}}],\"inLanguage\":\"fr-FR\"},{\"@type\":\"Organization\",\"@id\":\"https:\/\/www.archipelago.bzh\/#organization\",\"name\":\"ARCHIPELAGO\",\"url\":\"https:\/\/www.archipelago.bzh\/\",\"logo\":{\"@type\":\"ImageObject\",\"inLanguage\":\"fr-FR\",\"@id\":\"https:\/\/www.archipelago.bzh\/#\/schema\/logo\/image\/\",\"url\":\"https:\/\/www.archipelago.bzh\/wp-content\/uploads\/2025\/01\/1706862449330-1.jpeg\",\"contentUrl\":\"https:\/\/www.archipelago.bzh\/wp-content\/uploads\/2025\/01\/1706862449330-1.jpeg\",\"width\":100,\"height\":100,\"caption\":\"ARCHIPELAGO\"},\"image\":{\"@id\":\"https:\/\/www.archipelago.bzh\/#\/schema\/logo\/image\/\"},\"sameAs\":[\"https:\/\/www.facebook.com\/ArchipelagoBrest\",\"https:\/\/www.linkedin.com\/company\/archipelagobzh\",\"https:\/\/www.instagram.com\/archipelago.eco\"]}]}<\/script>\n<!-- \/ Yoast SEO plugin. -->","yoast_head_json":{"title":"Partenaires - ARCHIPELAGO","robots":{"index":"index","follow":"follow","max-snippet":"max-snippet:-1","max-image-preview":"max-image-preview:large","max-video-preview":"max-video-preview:-1"},"canonical":"https:\/\/www.archipelago.bzh\/index.php\/partenaires\/","og_locale":"fr_FR","og_type":"article","og_title":"Partenaires - ARCHIPELAGO","og_description":"Le BoardRiding Pass est bien plus qu\u2019un simple projet : c\u2019est une r\u00e9volution dans la mani\u00e8re dont nous connectons les passionn\u00e9s, les marques et les territoires autour d\u2019une approche plus responsable et immersive des sports de glisse. Pour b\u00e2tir un mod\u00e8le solide et p\u00e9renne, nous avons \u00e9tabli des partenariats institutionnels strat\u00e9giques avec des collectivit\u00e9s locales, &hellip; Lire la suite de\u00ab\u00a0Partenaires\u00a0\u00bb","og_url":"https:\/\/www.archipelago.bzh\/index.php\/partenaires\/","og_site_name":"ARCHIPELAGO","article_publisher":"https:\/\/www.facebook.com\/ArchipelagoBrest","article_modified_time":"2025-02-05T17:00:20+00:00","twitter_card":"summary_large_image","twitter_misc":{"Dur\u00e9e de lecture estim\u00e9e":"3 minutes"},"schema":{"@context":"https:\/\/schema.org","@graph":[{"@type":"WebPage","@id":"https:\/\/www.archipelago.bzh\/index.php\/partenaires\/","url":"https:\/\/www.archipelago.bzh\/index.php\/partenaires\/","name":"Partenaires - ARCHIPELAGO","isPartOf":{"@id":"https:\/\/www.archipelago.bzh\/#website"},"datePublished":"2025-02-05T16:54:23+00:00","dateModified":"2025-02-05T17:00:20+00:00","breadcrumb":{"@id":"https:\/\/www.archipelago.bzh\/index.php\/partenaires\/#breadcrumb"},"inLanguage":"fr-FR","potentialAction":[{"@type":"ReadAction","target":["https:\/\/www.archipelago.bzh\/index.php\/partenaires\/"]}]},{"@type":"BreadcrumbList","@id":"https:\/\/www.archipelago.bzh\/index.php\/partenaires\/#breadcrumb","itemListElement":[{"@type":"ListItem","position":1,"name":"Accueil","item":"https:\/\/www.archipelago.bzh\/"},{"@type":"ListItem","position":2,"name":"Partenaires"}]},{"@type":"WebSite","@id":"https:\/\/www.archipelago.bzh\/#website","url":"https:\/\/www.archipelago.bzh\/","name":"ARCHIPELAGO","description":"Connecter les id\u00e9es et les talents du territoire","publisher":{"@id":"https:\/\/www.archipelago.bzh\/#organization"},"potentialAction":[{"@type":"SearchAction","target":{"@type":"EntryPoint","urlTemplate":"https:\/\/www.archipelago.bzh\/?s={search_term_string}"},"query-input":{"@type":"PropertyValueSpecification","valueRequired":true,"valueName":"search_term_string"}}],"inLanguage":"fr-FR"},{"@type":"Organization","@id":"https:\/\/www.archipelago.bzh\/#organization","name":"ARCHIPELAGO","url":"https:\/\/www.archipelago.bzh\/","logo":{"@type":"ImageObject","inLanguage":"fr-FR","@id":"https:\/\/www.archipelago.bzh\/#\/schema\/logo\/image\/","url":"https:\/\/www.archipelago.bzh\/wp-content\/uploads\/2025\/01\/1706862449330-1.jpeg","contentUrl":"https:\/\/www.archipelago.bzh\/wp-content\/uploads\/2025\/01\/1706862449330-1.jpeg","width":100,"height":100,"caption":"ARCHIPELAGO"},"image":{"@id":"https:\/\/www.archipelago.bzh\/#\/schema\/logo\/image\/"},"sameAs":["https:\/\/www.facebook.com\/ArchipelagoBrest","https:\/\/www.linkedin.com\/company\/archipelagobzh","https:\/\/www.instagram.com\/archipelago.eco"]}]}},"_links":{"self":[{"href":"https:\/\/www.archipelago.bzh\/index.php\/wp-json\/wp\/v2\/pages\/633","targetHints":{"allow":["GET"]}}],"collection":[{"href":"https:\/\/www.archipelago.bzh\/index.php\/wp-json\/wp\/v2\/pages"}],"about":[{"href":"https:\/\/www.archipelago.bzh\/index.php\/wp-json\/wp\/v2\/types\/page"}],"author":[{"embeddable":true,"href":"https:\/\/www.archipelago.bzh\/index.php\/wp-json\/wp\/v2\/users\/1"}],"replies":[{"embeddable":true,"href":"https:\/\/www.archipelago.bzh\/index.php\/wp-json\/wp\/v2\/comments?post=633"}],"version-history":[{"count":2,"href":"https:\/\/www.archipelago.bzh\/index.php\/wp-json\/wp\/v2\/pages\/633\/revisions"}],"predecessor-version":[{"id":636,"href":"https:\/\/www.archipelago.bzh\/index.php\/wp-json\/wp\/v2\/pages\/633\/revisions\/636"}],"wp:attachment":[{"href":"https:\/\/www.archipelago.bzh\/index.php\/wp-json\/wp\/v2\/media?parent=633"}],"curies":[{"name":"wp","href":"https:\/\/api.w.org\/{rel}","templated":true}]}}